{"id":313,"date":"2016-03-27T13:50:56","date_gmt":"2016-03-27T11:50:56","guid":{"rendered":"http:\/\/tc.gdu.edu.az\/?page_id=313"},"modified":"2025-04-23T22:11:25","modified_gmt":"2025-04-23T20:11:25","slug":"dos-yegan%c9%99-%c9%99liyeva","status":"publish","type":"page","link":"http:\/\/tcf.gdu.edu.az\/?page_id=313","title":{"rendered":"CO\u011eRAF\u0130YA KAFEDRASI M\u00dcD\u0130R\u0130: Dos. \u018fL\u0130YEVA YEGAN\u018f D\u018fM\u0130R QIZI"},"content":{"rendered":"\n<p><\/p>\n\n\n\n<div class=\"wp-block-media-text is-stacked-on-mobile\"><figure class=\"wp-block-media-text__media\"><img loading=\"lazy\" decoding=\"async\" width=\"624\" height=\"416\" src=\"https:\/\/tcf.gdu.edu.az\/wp-content\/uploads\/2024\/03\/image-46.png\" alt=\"\" class=\"wp-image-3435 size-full\" srcset=\"http:\/\/tcf.gdu.edu.az\/wp-content\/uploads\/2024\/03\/image-46.png 624w, http:\/\/tcf.gdu.edu.az\/wp-content\/uploads\/2024\/03\/image-46-300x200.png 300w, http:\/\/tcf.gdu.edu.az\/wp-content\/uploads\/2024\/03\/image-46-480x320.png 480w, http:\/\/tcf.gdu.edu.az\/wp-content\/uploads\/2024\/03\/image-46-320x213.png 320w, http:\/\/tcf.gdu.edu.az\/wp-content\/uploads\/2024\/03\/image-46-240x160.png 240w\" sizes=\"auto, (max-width: 624px) 100vw, 624px\" \/><\/figure><div class=\"wp-block-media-text__content\">\n<p><\/p>\n<\/div><\/div>\n\n\n\n<p><em>Tel: 051-766-62-02<\/em><\/p>\n\n\n\n<p>QISA B\u0130BL\u0130OQRAF\u0130K M\u018fLUMAT<\/p>\n\n\n\n<ul class=\"wp-block-list\">\n<li>01.04.1958-ci ild\u0259 \u015eamxor (indiki \u015e\u0259mkir) rayonunun Seyf\u0259li k\u0259ndind\u0259 ziyal\u0131 ail\u0259sind\u0259 anadan olmu\u015fdur.&nbsp;<\/li>\n<\/ul>\n\n\n\n<p>T\u018fHS\u0130L\u0130, ELM\u0130 D\u018fR\u018fC\u018f V\u018f ELM\u0130 ADLARI<\/p>\n\n\n\n<ul class=\"wp-block-list\">\n<li>1964-c\u00fc ild\u0259 \u015e\u0259mkir rayonunun Seyf\u0259li k\u0259ndind\u0259 1-ci sinf\u0259 getmi\u015fdir.<\/li>\n\n\n\n<li>1974-c\u00fc ild\u0259 G\u0259nc\u0259 \u015f\u0259h\u0259r 28 sayl\u0131 beyn\u0259lmil\u0259l orta m\u0259kt\u0259bini bitirmi\u015fdir.<\/li>\n\n\n\n<li>1976-c\u0131 ild\u0259 H.Z\u0259rdabi ad\u0131na Kirovabad D\u00f6vl\u0259t Pedaqoji \u0130nstitutunun biolgiya-kimya fakult\u0259sinin biologiya-kimya ixtisas\u0131na daxil olmu\u015fdur.<\/li>\n\n\n\n<li>1981-ci ild\u0259 Kirovabad D\u00f6vl\u0259t Pedaqoji \u0130nstitutunun h\u0259min ixtisas\u0131 \u00fczr\u0259 tam kursunu f\u0259rql\u0259nm\u0259 diplomu il\u0259 bitirmi\u015fdir.<\/li>\n<\/ul>\n\n\n\n<p>\u018fM\u018fK F\u018fAL\u0130YY\u018fT\u0130<\/p>\n\n\n\n<ul class=\"wp-block-list\">\n<li>Ali t\u0259hsilimi ba\u015fa vurduqdan sonra t\u0259yinatla A\u011fda\u015f rayonunun Yuxar\u0131 Nem\u0259tabad k\u0259ndind\u0259 biologiya-kimya m\u00fc\u0259llimi kimi f\u0259aliyy\u0259t\u0259 ba\u015flam\u0131\u015fd\u0131r.<\/li>\n\n\n\n<li>Ail\u0259 v\u0259ziyy\u0259til\u0259 \u0259laq\u0259dar olaraq t\u0259yinatdan azad olunduqdan sonra 1983-c\u00fc ild\u0259n 1988-ci il\u0259 q\u0259d\u0259r Konstruktor Texnologiya \u0130nstitutunda \u0259vv\u0259l ba\u015f laborant, sonra 1-ci d\u0259r\u0259c\u0259li m\u00fch\u0259ndis-texnoloq i\u015fl\u0259mi\u015fdir.<\/li>\n\n\n\n<li>1988-2004-c\u00fc ill\u0259rd\u0259 Az\u0259rbaycan K\u0259nd T\u0259s\u0259rr\u00fcfat\u0131 Akademiyas\u0131n\u0131n (indiki Az\u0259rbaycan Aqrar Universitetinin ) \u201c Ekologiya v\u0259 me\u015f\u0259\u00e7ilik \u201d kafedras\u0131nda laborant, ba\u015f laborant, assistent, ba\u015f m\u00fc\u0259llim v\u0259zif\u0259sind\u0259 \u00e7al\u0131\u015fm\u0131\u015fd\u0131r.<\/li>\n\n\n\n<li>2001 \u2013 ci ild\u0259n&nbsp; YAP \u2013 \u0131n \u00fczv\u00fcd\u00fcr.<\/li>\n\n\n\n<li>2004-c\u00fc ild\u0259n G\u0259nc\u0259 D\u00f6vl\u0259t Universitetind\u0259 \u00e7al\u0131\u015f\u0131r. 2012 \u2013 ci ild\u0259n G\u0259nc\u0259 D\u00f6vl\u0259t Universitetinin Co\u011frafiya kafedras\u0131n\u0131n m\u00fcdiridir.<\/li>\n<\/ul>\n\n\n\n<p>\u0130\u015f t\u0259cr\u00fcb\u0259si<\/p>\n\n\n\n<p>Elmi f\u0259aliyy\u0259ti.<\/p>\n\n\n\n<p>1991-ci ild\u0259 Az\u0259rbaycan K\u0259nd T\u0259s\u0259rr\u00fcfat\u0131 Akademiyas\u0131n\u0131n \u201cBotanika\u201d kafedras\u0131n\u0131n dissertant\u0131 olmu\u015fdur. Dissertasiya i\u015fiyl\u0259 \u0259laq\u0259dar G\u0259nc\u0259-Qazax b\u00f6lg\u0259sinin m\u00fcxt\u0259lif rayonlar\u0131nda fenoloji m\u00fc\u015fahid\u0259l\u0259r aparm\u0131\u015fd\u0131r. H\u0259min \u0259razil\u0259rin torpaq \u00f6rt\u00fcy\u00fc il\u0259 tan\u0131\u015f olub, torpaq n\u00fcmun\u0259l\u0259ri g\u00f6t\u00fcrm\u00fc\u015fd\u00fcr \u201cG\u0259nc\u0259-Qazax b\u00f6lg\u0259sinin torpaq ekoloji \u015f\u0259raitind\u0259 yunan qozunun inki\u015faf\u0131 v\u0259 yay\u0131lmas\u0131\u201d m\u00f6vzusunda elmi-t\u0259dqiqat i\u015finin yerin\u0259 yetirilm\u0259si il\u0259 ba\u011fl\u0131 laboratoriya analizl\u0259ri Bak\u0131 \u015f\u0259h\u0259rind\u0259 Az\u0259rbaycan Milli Elml\u0259r Akademiyas\u0131 \u201cTorpaq\u015f\u00fcnasl\u0131q v\u0259 Aqrokimya \u0130nstitutunun laboratoriyas\u0131nda k.t.e.d. prof. \u0259m\u0259kdar elm xadimi Akif Pa\u015fa o\u011flu G\u0259rayzad\u0259nin r\u0259hb\u0259rliyi v\u0259 elmi m\u0259sl\u0259h\u0259ti il\u0259 yerin\u0259 yetirmi\u015fdir.<\/p>\n\n\n\n<p>&nbsp;&nbsp;&nbsp;&nbsp;&nbsp;&nbsp;&nbsp;&nbsp; B\u00fct\u00fcn laborator analizl\u0259rin n\u0259tic\u0259l\u0259ri q\u0259bul olunmu\u015f m\u00fcvafiq metodikalar \u0259sas\u0131nda riyazi-statistik hesablamalar apararaq d\u0259qiq n\u0259tic\u0259l\u0259r \u0259ld\u0259 olunmu\u015fdur.<\/p>\n\n\n\n<p>&nbsp;&nbsp;&nbsp;&nbsp;&nbsp;&nbsp;&nbsp;&nbsp; 2003-c\u00fc ild\u0259 apard\u0131\u011f\u0131 \u201cG\u0259nc\u0259-Qazax b\u00f6lg\u0259sinin torpaq ekoloji \u015f\u0259raitind\u0259 yunan qozunun inki\u015faf\u0131 v\u0259 yay\u0131lmas\u0131\u201d adl\u0131 elmi-t\u0259dqiqat i\u015fl\u0259rini yekunla\u015fd\u0131raraq namiz\u0259dlik dissertasiyas\u0131 m\u00fcdafi\u0259 etmi\u015fdir v\u0259 Ali Attestasiya Komissiyas\u0131n\u0131n q\u0259rar\u0131 il\u0259 k\u0259nd t\u0259s\u0259rr\u00fcfat\u0131 elml\u0259ri namiz\u0259di (torpaq\u015f\u00fcnasl\u0131q ixtisas\u0131 \u00fczr\u0259 03.00.27.) alimlik elmi d\u0259r\u0259c\u0259si alm\u0131\u015fd\u0131r.<\/p>\n\n\n\n<p>&nbsp;Pedaqoji f\u0259aliyy\u0259ti. 1994-c\u00fc ild\u0259 K\u0259nd T\u0259s\u0259rr\u00fcfat\u0131 Akademiyas\u0131n\u0131n (indiki Aqrar Universitetinin) \u201cEkologiya v\u0259 me\u015f\u0259\u00e7ilik\u201d kafedras\u0131nda assistent,sonra ba\u015f m\u00fc\u0259llim i\u015fl\u0259mi\u015fdir.<\/p>\n\n\n\n<p>&nbsp;&nbsp;&nbsp;&nbsp;&nbsp;&nbsp;&nbsp;&nbsp; 2004-c\u00fc ild\u0259n G\u0259nc\u0259 D\u00f6vl\u0259t Universitetinin \u201cCo\u011frafiya\u201d kafedras\u0131nda pedaqoji f\u0259aliyy\u0259tii davam etdirmi\u015fdir. 2012-ci ilin mart ay\u0131n\u0131n 16-da m\u00fcsabiq\u0259 yolu il\u0259 \u201cCo\u011frafiya\u201d kafedras\u0131n\u0131n m\u00fcdiri v\u0259zif\u0259sin\u0259 t\u0259yin olunmu\u015fdur.<\/p>\n\n\n\n<p>&nbsp;Elmi f\u0259aliyy\u0259td\u0259 ald\u0131\u011f\u0131 \u0259n m\u00fch\u00fcm n\u0259tic\u0259l\u0259r.<\/p>\n\n\n\n<p>\u018fn m\u00fch\u00fcm elmi n\u0259tic\u0259l\u0259rin m\u0259zmunu, \u00e7ap olundu\u011fu jurnal, t\u0259tbiqi, elmi v\u0259 ictimai faydal\u0131l\u0131\u011f\u0131.<\/p>\n\n\n\n<p>T\u0259dqiqat apar\u0131lan \u0259razinin&nbsp; torpaq ekoloji \u015f\u0259raiti, orada yay\u0131lm\u0131\u015f torpaq tipl\u0259ri, onlar\u0131n aqrokimy\u0259vi x\u00fcsusiyy\u0259tl\u0259ri, h\u0259min \u0259razil\u0259rd\u0259 yunan qozunun bec\u0259rilm\u0259si, m\u0259hsulun art\u0131m\u0131, torpaq m\u00fcnbitliyinin bitkinin m\u0259hsuldarl\u0131\u011f\u0131na t\u0259siri \u00f6yr\u0259nilmi\u015f, iqtisadi s\u0259m\u0259r\u0259liliyi haqq\u0131nda \u0259trafl\u0131 n\u0259tic\u0259l\u0259r toplanm\u0131\u015fd\u0131r.<\/p>\n\n\n\n<p>T\u0259dqiqat i\u015finin n\u0259tic\u0259l\u0259ri a\u015fa\u011f\u0131dak\u0131 jurnallarda \u00e7ap olunmu\u015fdur.<\/p>\n\n\n\n<p>\u201cPa\u0437\u043d\u043e\u043e\u0431\u0440\u0430\u0437\u043d\u044b\u0435 \u0444\u043e\u0440\u043c \u0433\u0440\u0435\u0446\u043a\u043e\u0433\u043e \u043e\u0440\u0435\u0445\u0430 \u043d\u0430 \u041c\u0430\u043b\u043e\u043c \u041a\u0430\u0432\u043a\u0430\u0437\u0435\u00bb adl\u0131 m\u0259qal\u0259 \u0422\u0435\u0437\u0438\u0441\u044b \u0412\u0441\u0435\u0441\u043e\u044e\u0437\u043d\u043e\u0439 \u043a\u043e\u043d\u0444. \u0421\u0442\u0443\u0434\u0435\u043d\u0442\u043e\u0432 \u043c\u043e\u043b\u043e\u0434\u044b\u0445 \u0443\u0447\u0435\u043d\u044b\u0445 \u0438 \u0441\u043d\u0435\u0446\u0438\u0430\u043b\u0438\u0441\u0442\u043e\u0432 21-25 \u043e\u043a\u0442\u0431\u0440 1991\u0433. \u0413\u043d\u0434\u0436\u0430 \u0411\u0438\u043e\u0445\u0438\u043c\u0438\u0447\u0435\u0441\u043a\u0438\u0435&nbsp;&nbsp; \u043f\u043e\u043a\u0430\u0437\u0430\u0442\u0435\u043b\u0438 \u043f\u043b\u043e\u0434\u043e\u0432 \u043d\u0435\u043a\u043e\u0442\u043e\u0440\u044b\u0445 \u0444\u043e\u0440\u043c \u0438 \u0441\u043e\u0440\u0442\u043e\u0432 \u0433\u0440\u0435\u0446\u043a\u043e\u0433\u043e \u043e\u0440\u0435\u0445\u0430 \u0432 \u0437\u0430\u043f\u0430\u0434\u043d\u043e\u0439 \u0437\u043e\u043d\u0435 \u0410\u0437\u0435\u0440\u0431\u0430\u0439\u0434\u0436\u0430\u043d\u0430. \u0422\u0440\u0443\u0434\u044b \u043e\u0431\u0449\u0435\u0441\u0442\u0432\u0430 \u043f\u043e\u0447\u0432\u043e\u0432\u0435\u0434\u043e\u0432 \u0410\u0437\u0435\u0440\u0431\u0430\u0439\u0434\u0436\u0430\u043d\u0430. \u0411\u0430\u043a\u0443-1998,\u201dG\u0259nc\u0259-Qazax b\u00f6lg\u0259sind\u0259 yunan qozu bec\u0259ril\u0259n torpaqlar\u0131n fiziki-kimy\u0259vi g\u00f6st\u0259ricil\u0259ri,\u201d GDU-nun elmi \u0259s\u0259rl\u0259r m\u0259cmu\u0259si. Bak\u0131,Nurlan 2003.17 elmi-metodik m\u0259qal\u0259nin, \u201c\u0410\u043d\u0442\u0440\u043e\u043f\u043e\u0433\u0435\u043d\u043d\u044b\u0435 \u043b\u0430\u043d\u0434\u0448\u0430\u0444\u0442\u044b. \u041f\u043e\u0447\u0432\u0435\u043d\u043d\u043e-\u044d\u043a\u043e\u043b\u043e\u0433\u0438\u0447\u0435\u0441\u043a\u0438\u0435 \u0443\u0441\u043b\u043e\u0432\u0438 \u0413\u043d\u0434\u0436\u0430-\u041a\u0430\u0437\u0430\u0445\u0441\u043a\u043e\u0433\u043e \u043c\u0430\u0441\u0441\u0438\u0432\u0430 \u0438 \u0435\u0433\u043e \u043e\u0446\u0435\u043d\u043a\u0430 \u0434\u043b \u0432\u043e\u0437\u0434\u0435\u043b\u044b\u0432\u0430\u043d\u0438 \u0433\u0440\u0435\u0446\u043a\u043e\u0433\u043e \u043e\u0440\u0435\u0445\u0430\u201d(2007) v\u0259\u201d T\u0259bii ehtiyatlar\u0131n m\u00fchafiz\u0259si v\u0259 ekoloji probleml\u0259r\u201d(2010) d\u0259rs v\u0259saitl\u0259rinin, bir ne\u00e7\u0259 f\u0259nn proqramlar\u0131n\u0131n(bakalavr pill\u0259sind\u0259 &#8211; Geologiya-geomorfologiya, land\u015faft\u015f\u00fcnasl\u0131q, X\u0259z\u0259r d\u0259nizinin fiziki co\u011frafiyas\u0131, magistr pill\u0259sind\u0259-Az\u0259rbaycan\u0131n geomorfologiyas\u0131, Az\u0259rbaycan land\u015faftlar\u0131, Az\u0259rbaycan\u0131n t\u0259bi\u0259t abid\u0259l\u0259ri v\u0259 qoruqlar\u0131, Az\u0259rbaycan\u0131n torpaq v\u0259 bitki \u00f6rt\u00fcy\u00fc onlar\u0131n antropogen transformasiyas\u0131) m\u00fc\u0259llifidir.<\/p>\n\n\n\n<p>Beyn\u0259lxaq elmi konfranslarda simpozium v\u0259 qurultaylarda i\u015ftirak\u00e7\u0131l\u0131q (konfranslar\u0131n ad\u0131, m\u0259ruz\u0259l\u0259rin ad\u0131, yeri v\u0259 s.). Beyn\u0259lxalq konfranslarda i\u015ftirak etm\u0259mi\u015fdir. Az\u0259rbaycan Respublikas\u0131nda torpaq islahat\u0131n\u0131n elmi t\u0259minat\u0131 Respublika konfrans\u0131nda\u201d (Bak\u0131,29-30 oktyabr, 2002-ci il)<\/p>\n\n\n\n<p>\u201c\u041f\u043e\u0447\u0432\u0435\u043d\u043d\u043e-\u043a\u043b\u0438\u043c\u0430\u0442\u0438\u0447\u0435\u0441\u043a\u0438\u0435 \u0443\u0441\u043b\u043e\u0432\u0438 \u0438 \u043f\u0435\u0440\u0441\u043f\u0435\u043a\u0442\u0438\u0432\u044b \u043f\u0440\u043e\u0438\u0437\u0432\u043e\u0434\u0441\u0442\u0432\u0430 \u0433\u0440\u0435\u0446\u043a\u043e\u0433\u043e \u043e\u0440\u0435\u0445\u0430\u00bb adl\u0131 geni\u015f m\u0259qal\u0259 il\u0259 \u00e7\u0131x\u0131\u015f etmi\u015fdir.<\/p>\n\n\n\n<p>2017 \u2013 ci ild\u0259&nbsp; Udmurtiya Respublikas\u0131n\u0131n&nbsp; \u0130jevski \u015f\u0259h\u0259rind\u0259 ke\u00e7iril\u0259n \u00dcmumrusiya &nbsp;Elmi \u2013 Praktik&nbsp; konfrans\u0131nda&nbsp; &nbsp;i\u015ftirak ed\u0259r\u0259k sertifikat alm\u0131\u015fd\u0131r.<\/p>\n\n\n\n<p>&nbsp;&nbsp;&nbsp;&nbsp;&nbsp;&nbsp;&nbsp;&nbsp; 50 \u2013 y\u0259 yax\u0131n elmi m\u0259qal\u0259nin , 1 monoqrafiyan\u0131n, 5&nbsp; d\u0259rs v\u0259saitinin m\u00fc\u0259llifidir.<\/p>\n\n\n\n<p><strong>\u0130ctimai-sosial h\u0259yatda i\u015ftirak\u00e7\u0131l\u0131q. <\/strong>\u015e\u0259h\u0259r v\u0259 universitet t\u0259dbirl\u0259rind\u0259 f\u0259al i\u015ftirak edir.&nbsp;&nbsp;&nbsp;&nbsp;&nbsp;&nbsp; &nbsp;&nbsp;&nbsp;&nbsp;&nbsp;&nbsp;&nbsp;&nbsp;&nbsp;&nbsp;&nbsp;&nbsp;&nbsp;&nbsp;&nbsp;&nbsp;&nbsp;&nbsp;&nbsp;&nbsp;&nbsp;&nbsp;&nbsp;&nbsp;&nbsp;&nbsp;&nbsp;&nbsp;&nbsp;&nbsp;&nbsp;&nbsp;&nbsp;&nbsp;&nbsp;&nbsp;&nbsp;&nbsp;&nbsp;&nbsp;&nbsp;&nbsp;&nbsp;&nbsp;&nbsp;&nbsp;&nbsp;&nbsp;&nbsp;&nbsp;&nbsp;&nbsp;&nbsp;&nbsp;&nbsp;&nbsp;&nbsp;&nbsp;&nbsp;&nbsp;&nbsp;&nbsp;&nbsp;&nbsp;&nbsp;&nbsp;&nbsp;&nbsp;&nbsp;&nbsp;&nbsp;&nbsp;&nbsp;&nbsp;&nbsp;&nbsp;&nbsp;&nbsp;&nbsp;&nbsp;&nbsp;&nbsp;&nbsp;&nbsp;<\/p>\n\n\n\n<p>Ail\u0259lidir, 3 \u00f6vlad\u0131 var.<\/p>\n","protected":false},"excerpt":{"rendered":"<p>Tel: 051-766-62-02 QISA B\u0130BL\u0130OQRAF\u0130K M\u018fLUMAT T\u018fHS\u0130L\u0130, ELM\u0130 D\u018fR\u018fC\u018f V\u018f ELM\u0130 ADLARI \u018fM\u018fK F\u018fAL\u0130YY\u018fT\u0130 \u0130\u015f t\u0259cr\u00fcb\u0259si Elmi f\u0259aliyy\u0259ti. 1991-ci ild\u0259 Az\u0259rbaycan K\u0259nd T\u0259s\u0259rr\u00fcfat\u0131 Akademiyas\u0131n\u0131n \u201cBotanika\u201d kafedras\u0131n\u0131n dissertant\u0131 olmu\u015fdur. Dissertasiya i\u015fiyl\u0259 \u0259laq\u0259dar G\u0259nc\u0259-Qazax b\u00f6lg\u0259sinin m\u00fcxt\u0259lif rayonlar\u0131nda fenoloji m\u00fc\u015fahid\u0259l\u0259r aparm\u0131\u015fd\u0131r. H\u0259min \u0259razil\u0259rin torpaq \u00f6rt\u00fcy\u00fc il\u0259 tan\u0131\u015f olub, torpaq n\u00fcmun\u0259l\u0259ri g\u00f6t\u00fcrm\u00fc\u015fd\u00fcr \u201cG\u0259nc\u0259-Qazax b\u00f6lg\u0259sinin torpaq ekoloji \u015f\u0259raitind\u0259 yunan qozunun inki\u015faf\u0131 [&hellip;]<\/p>\n","protected":false},"author":4,"featured_media":0,"parent":0,"menu_order":0,"comment_status":"closed","ping_status":"closed","template":"","meta":{"footnotes":""},"categories":[16],"tags":[],"class_list":["post-313","page","type-page","status-publish","hentry","category-kafedralar"],"_links":{"self":[{"href":"http:\/\/tcf.gdu.edu.az\/index.php?rest_route=\/wp\/v2\/pages\/313","targetHints":{"allow":["GET"]}}],"collection":[{"href":"http:\/\/tcf.gdu.edu.az\/index.php?rest_route=\/wp\/v2\/pages"}],"about":[{"href":"http:\/\/tcf.gdu.edu.az\/index.php?rest_route=\/wp\/v2\/types\/page"}],"author":[{"embeddable":true,"href":"http:\/\/tcf.gdu.edu.az\/index.php?rest_route=\/wp\/v2\/users\/4"}],"replies":[{"embeddable":true,"href":"http:\/\/tcf.gdu.edu.az\/index.php?rest_route=%2Fwp%2Fv2%2Fcomments&post=313"}],"version-history":[{"count":9,"href":"http:\/\/tcf.gdu.edu.az\/index.php?rest_route=\/wp\/v2\/pages\/313\/revisions"}],"predecessor-version":[{"id":4207,"href":"http:\/\/tcf.gdu.edu.az\/index.php?rest_route=\/wp\/v2\/pages\/313\/revisions\/4207"}],"wp:attachment":[{"href":"http:\/\/tcf.gdu.edu.az\/index.php?rest_route=%2Fwp%2Fv2%2Fmedia&parent=313"}],"wp:term":[{"taxonomy":"category","embeddable":true,"href":"http:\/\/tcf.gdu.edu.az\/index.php?rest_route=%2Fwp%2Fv2%2Fcategories&post=313"},{"taxonomy":"post_tag","embeddable":true,"href":"http:\/\/tcf.gdu.edu.az\/index.php?rest_route=%2Fwp%2Fv2%2Ftags&post=313"}],"curies":[{"name":"wp","href":"https:\/\/api.w.org\/{rel}","templated":true}]}}