{"id":4465,"date":"2025-10-01T17:44:11","date_gmt":"2025-10-01T15:44:11","guid":{"rendered":"https:\/\/tcf.gdu.edu.az\/?page_id=4465"},"modified":"2025-10-20T12:29:32","modified_gmt":"2025-10-20T10:29:32","slug":"sillabus","status":"publish","type":"page","link":"http:\/\/tcf.gdu.edu.az\/?page_id=4465","title":{"rendered":"Sillabus"},"content":{"rendered":"\n<p>Sillabus<\/p>\n\n\n\n<div data-wp-interactive=\"core\/file\" class=\"wp-block-file\"><object data-wp-bind--hidden=\"!state.hasPdfPreview\" hidden class=\"wp-block-file__embed\" data=\"https:\/\/tcf.gdu.edu.az\/wp-content\/uploads\/2025\/10\/Az\u0259rbaycan-Respublikasinin-Konstitusiyasi-v\u0259-huququn-\u0259saslari.pdf\" type=\"application\/pdf\" style=\"width:100%;height:400px\" aria-label=\"Embed of Az\u0259rbaycan Respublikas\u0131n\u0131n Konstitusiyas\u0131 v\u0259 h\u00fcququn \u0259saslar\u0131.\"><\/object><a id=\"wp-block-file--media-8c268977-e838-4838-ab35-af3c07eec72b\" href=\"https:\/\/tcf.gdu.edu.az\/wp-content\/uploads\/2025\/10\/Az\u0259rbaycan-Respublikasinin-Konstitusiyasi-v\u0259-huququn-\u0259saslari.pdf\">Az\u0259rbaycan Respublikas\u0131n\u0131n Konstitusiyas\u0131 v\u0259 h\u00fcququn \u0259saslar\u0131<\/a><a href=\"https:\/\/tcf.gdu.edu.az\/wp-content\/uploads\/2025\/10\/Az\u0259rbaycan-Respublikasinin-Konstitusiyasi-v\u0259-huququn-\u0259saslari.pdf\" class=\"wp-block-file__button wp-element-button\" download aria-describedby=\"wp-block-file--media-8c268977-e838-4838-ab35-af3c07eec72b\">Download<\/a><\/div>\n\n\n\n<div data-wp-interactive=\"core\/file\" class=\"wp-block-file\"><object data-wp-bind--hidden=\"!state.hasPdfPreview\" hidden class=\"wp-block-file__embed\" data=\"https:\/\/tcf.gdu.edu.az\/wp-content\/uploads\/2025\/10\/Muasir-dovrd\u0259-sosial-probleml\u0259r.pdf\" type=\"application\/pdf\" style=\"width:100%;height:400px\" aria-label=\"Embed of M\u00fcasir d\u00f6vrd\u0259 sosial probleml\u0259r.\"><\/object><a id=\"wp-block-file--media-fc87c3ec-8bdf-493b-aff8-5c618a6a20b0\" href=\"https:\/\/tcf.gdu.edu.az\/wp-content\/uploads\/2025\/10\/Muasir-dovrd\u0259-sosial-probleml\u0259r.pdf\">M\u00fcasir d\u00f6vrd\u0259 sosial probleml\u0259r<\/a><a href=\"https:\/\/tcf.gdu.edu.az\/wp-content\/uploads\/2025\/10\/Muasir-dovrd\u0259-sosial-probleml\u0259r.pdf\" class=\"wp-block-file__button wp-element-button\" download aria-describedby=\"wp-block-file--media-fc87c3ec-8bdf-493b-aff8-5c618a6a20b0\">Download<\/a><\/div>\n\n\n\n<div data-wp-interactive=\"core\/file\" class=\"wp-block-file\"><object data-wp-bind--hidden=\"!state.hasPdfPreview\" hidden class=\"wp-block-file__embed\" data=\"https:\/\/tcf.gdu.edu.az\/wp-content\/uploads\/2025\/10\/Sosial-proqramlar-v\u0259-xidm\u0259tl\u0259r.pdf\" type=\"application\/pdf\" style=\"width:100%;height:400px\" aria-label=\"Embed of Sosial proqramlar v\u0259 xidm\u0259tl\u0259r.\"><\/object><a id=\"wp-block-file--media-b232bf91-50a9-4187-b364-078272cce286\" href=\"https:\/\/tcf.gdu.edu.az\/wp-content\/uploads\/2025\/10\/Sosial-proqramlar-v\u0259-xidm\u0259tl\u0259r.pdf\">Sosial proqramlar v\u0259 xidm\u0259tl\u0259r<\/a><a href=\"https:\/\/tcf.gdu.edu.az\/wp-content\/uploads\/2025\/10\/Sosial-proqramlar-v\u0259-xidm\u0259tl\u0259r.pdf\" class=\"wp-block-file__button wp-element-button\" download aria-describedby=\"wp-block-file--media-b232bf91-50a9-4187-b364-078272cce286\">Download<\/a><\/div>\n\n\n\n<div data-wp-interactive=\"core\/file\" class=\"wp-block-file\"><object data-wp-bind--hidden=\"!state.hasPdfPreview\" hidden class=\"wp-block-file__embed\" data=\"https:\/\/tcf.gdu.edu.az\/wp-content\/uploads\/2025\/10\/Az\u0259rbaycan-tarixi-4.pdf\" type=\"application\/pdf\" style=\"width:100%;height:400px\" aria-label=\"Embed of Az\u0259rbaycan tarixi - 4.\"><\/object><a id=\"wp-block-file--media-0f40cd61-3d59-4284-bb79-67c28aa172c6\" href=\"https:\/\/tcf.gdu.edu.az\/wp-content\/uploads\/2025\/10\/Az\u0259rbaycan-tarixi-4.pdf\">Az\u0259rbaycan tarixi &#8211; 4<\/a><a href=\"https:\/\/tcf.gdu.edu.az\/wp-content\/uploads\/2025\/10\/Az\u0259rbaycan-tarixi-4.pdf\" class=\"wp-block-file__button wp-element-button\" download aria-describedby=\"wp-block-file--media-0f40cd61-3d59-4284-bb79-67c28aa172c6\">Download<\/a><\/div>\n\n\n\n<div data-wp-interactive=\"core\/file\" class=\"wp-block-file\"><object data-wp-bind--hidden=\"!state.hasPdfPreview\" hidden class=\"wp-block-file__embed\" data=\"https:\/\/tcf.gdu.edu.az\/wp-content\/uploads\/2025\/10\/Az\u0259rbaycan-tarixi.pdf\" type=\"application\/pdf\" style=\"width:100%;height:400px\" aria-label=\"Embed of Az\u0259rbaycan tarixi..\"><\/object><a id=\"wp-block-file--media-1c17cdc2-7eac-4e39-900d-d7327e0569e6\" href=\"https:\/\/tcf.gdu.edu.az\/wp-content\/uploads\/2025\/10\/Az\u0259rbaycan-tarixi.pdf\">Az\u0259rbaycan tarixi.<\/a><a href=\"https:\/\/tcf.gdu.edu.az\/wp-content\/uploads\/2025\/10\/Az\u0259rbaycan-tarixi.pdf\" class=\"wp-block-file__button wp-element-button\" download aria-describedby=\"wp-block-file--media-1c17cdc2-7eac-4e39-900d-d7327e0569e6\">Download<\/a><\/div>\n\n\n\n<div data-wp-interactive=\"core\/file\" class=\"wp-block-file\"><object data-wp-bind--hidden=\"!state.hasPdfPreview\" hidden class=\"wp-block-file__embed\" data=\"https:\/\/tcf.gdu.edu.az\/wp-content\/uploads\/2025\/10\/Az\u0259rbaycan-tarixi-1.pdf\" type=\"application\/pdf\" style=\"width:100%;height:400px\" aria-label=\"Embed of Az\u0259rbaycan tarixi.\"><\/object><a id=\"wp-block-file--media-0217faf0-8511-43b1-bbbe-3d0ba48731a7\" href=\"https:\/\/tcf.gdu.edu.az\/wp-content\/uploads\/2025\/10\/Az\u0259rbaycan-tarixi-1.pdf\">Az\u0259rbaycan tarixi<\/a><a href=\"https:\/\/tcf.gdu.edu.az\/wp-content\/uploads\/2025\/10\/Az\u0259rbaycan-tarixi-1.pdf\" class=\"wp-block-file__button wp-element-button\" download aria-describedby=\"wp-block-file--media-0217faf0-8511-43b1-bbbe-3d0ba48731a7\">Download<\/a><\/div>\n\n\n\n<div data-wp-interactive=\"core\/file\" class=\"wp-block-file\"><object data-wp-bind--hidden=\"!state.hasPdfPreview\" hidden class=\"wp-block-file__embed\" data=\"https:\/\/tcf.gdu.edu.az\/wp-content\/uploads\/2025\/10\/Amerika-tarixi.pdf\" type=\"application\/pdf\" style=\"width:100%;height:400px\" aria-label=\"Embed of Amerika  tarixi.\"><\/object><a id=\"wp-block-file--media-19759937-ab14-4181-8783-d9015144036d\" href=\"https:\/\/tcf.gdu.edu.az\/wp-content\/uploads\/2025\/10\/Amerika-tarixi.pdf\">Amerika  tarixi<\/a><a href=\"https:\/\/tcf.gdu.edu.az\/wp-content\/uploads\/2025\/10\/Amerika-tarixi.pdf\" class=\"wp-block-file__button wp-element-button\" download aria-describedby=\"wp-block-file--media-19759937-ab14-4181-8783-d9015144036d\">Download<\/a><\/div>\n\n\n\n<div data-wp-interactive=\"core\/file\" class=\"wp-block-file\"><object data-wp-bind--hidden=\"!state.hasPdfPreview\" hidden class=\"wp-block-file__embed\" data=\"https:\/\/tcf.gdu.edu.az\/wp-content\/uploads\/2025\/10\/Antropologiya.pdf\" type=\"application\/pdf\" style=\"width:100%;height:400px\" aria-label=\"Embed of Antropologiya.\"><\/object><a id=\"wp-block-file--media-9da5dd53-fdc5-478d-b006-69703cda6733\" href=\"https:\/\/tcf.gdu.edu.az\/wp-content\/uploads\/2025\/10\/Antropologiya.pdf\">Antropologiya<\/a><a href=\"https:\/\/tcf.gdu.edu.az\/wp-content\/uploads\/2025\/10\/Antropologiya.pdf\" class=\"wp-block-file__button wp-element-button\" download aria-describedby=\"wp-block-file--media-9da5dd53-fdc5-478d-b006-69703cda6733\">Download<\/a><\/div>\n\n\n\n<div data-wp-interactive=\"core\/file\" class=\"wp-block-file\"><object data-wp-bind--hidden=\"!state.hasPdfPreview\" hidden class=\"wp-block-file__embed\" data=\"https:\/\/tcf.gdu.edu.az\/wp-content\/uploads\/2025\/10\/Arxeologiya-ve-etnoqrafiyanin-\u0259saslari.pdf\" type=\"application\/pdf\" style=\"width:100%;height:400px\" aria-label=\"Embed of Arxeolog\u0131ya ve etnoqraf\u0131yan\u0131n \u0259saslar\u0131.\"><\/object><a id=\"wp-block-file--media-7eaa5eb1-a7b4-4b40-9816-48081cdfb0c3\" href=\"https:\/\/tcf.gdu.edu.az\/wp-content\/uploads\/2025\/10\/Arxeologiya-ve-etnoqrafiyanin-\u0259saslari.pdf\">Arxeolog\u0131ya ve etnoqraf\u0131yan\u0131n \u0259saslar\u0131<\/a><a href=\"https:\/\/tcf.gdu.edu.az\/wp-content\/uploads\/2025\/10\/Arxeologiya-ve-etnoqrafiyanin-\u0259saslari.pdf\" class=\"wp-block-file__button wp-element-button\" download aria-describedby=\"wp-block-file--media-7eaa5eb1-a7b4-4b40-9816-48081cdfb0c3\">Download<\/a><\/div>\n\n\n\n<div data-wp-interactive=\"core\/file\" class=\"wp-block-file\"><object data-wp-bind--hidden=\"!state.hasPdfPreview\" hidden class=\"wp-block-file__embed\" data=\"https:\/\/tcf.gdu.edu.az\/wp-content\/uploads\/2025\/10\/Muasir-merhelede-ABS-in-S\u0259rq-siyas\u0259ti.pdf\" type=\"application\/pdf\" style=\"width:100%;height:400px\" aria-label=\"Embed of M\u00fcasir merhelede AB\u015e-\u0131n \u015e\u0259rq siyas\u0259ti.\"><\/object><a id=\"wp-block-file--media-4f523b6d-c509-4154-aad7-d0b25b74bf28\" href=\"https:\/\/tcf.gdu.edu.az\/wp-content\/uploads\/2025\/10\/Muasir-merhelede-ABS-in-S\u0259rq-siyas\u0259ti.pdf\">M\u00fcasir merhelede AB\u015e-\u0131n \u015e\u0259rq siyas\u0259ti<\/a><a href=\"https:\/\/tcf.gdu.edu.az\/wp-content\/uploads\/2025\/10\/Muasir-merhelede-ABS-in-S\u0259rq-siyas\u0259ti.pdf\" class=\"wp-block-file__button wp-element-button\" download aria-describedby=\"wp-block-file--media-4f523b6d-c509-4154-aad7-d0b25b74bf28\">Download<\/a><\/div>\n\n\n\n<div data-wp-interactive=\"core\/file\" class=\"wp-block-file\"><object data-wp-bind--hidden=\"!state.hasPdfPreview\" hidden class=\"wp-block-file__embed\" data=\"https:\/\/tcf.gdu.edu.az\/wp-content\/uploads\/2025\/10\/Osmanli-tarixi.pdf\" type=\"application\/pdf\" style=\"width:100%;height:400px\" aria-label=\"Embed of Osmanl\u0131 tarixi..\"><\/object><a id=\"wp-block-file--media-cb13d6f7-c8df-4469-aa67-ee53a9d61648\" href=\"https:\/\/tcf.gdu.edu.az\/wp-content\/uploads\/2025\/10\/Osmanli-tarixi.pdf\">Osmanl\u0131 tarixi.<\/a><a href=\"https:\/\/tcf.gdu.edu.az\/wp-content\/uploads\/2025\/10\/Osmanli-tarixi.pdf\" class=\"wp-block-file__button wp-element-button\" download aria-describedby=\"wp-block-file--media-cb13d6f7-c8df-4469-aa67-ee53a9d61648\">Download<\/a><\/div>\n\n\n\n<div data-wp-interactive=\"core\/file\" class=\"wp-block-file\"><object data-wp-bind--hidden=\"!state.hasPdfPreview\" hidden class=\"wp-block-file__embed\" data=\"https:\/\/tcf.gdu.edu.az\/wp-content\/uploads\/2025\/10\/Tarix-t\u0259limini-muasir-innovarit-texnologiyalari.pdf\" type=\"application\/pdf\" style=\"width:100%;height:400px\" aria-label=\"Embed of Tarix t\u0259limini m\u00fcasir innovarit texnologiyalar\u0131.\"><\/object><a id=\"wp-block-file--media-a59ae65b-5230-4beb-8983-80ee7146eaf9\" href=\"https:\/\/tcf.gdu.edu.az\/wp-content\/uploads\/2025\/10\/Tarix-t\u0259limini-muasir-innovarit-texnologiyalari.pdf\">Tarix t\u0259limini m\u00fcasir innovarit texnologiyalar\u0131<\/a><a href=\"https:\/\/tcf.gdu.edu.az\/wp-content\/uploads\/2025\/10\/Tarix-t\u0259limini-muasir-innovarit-texnologiyalari.pdf\" class=\"wp-block-file__button wp-element-button\" download aria-describedby=\"wp-block-file--media-a59ae65b-5230-4beb-8983-80ee7146eaf9\">Download<\/a><\/div>\n\n\n\n<div data-wp-interactive=\"core\/file\" class=\"wp-block-file\"><object data-wp-bind--hidden=\"!state.hasPdfPreview\" hidden class=\"wp-block-file__embed\" data=\"https:\/\/tcf.gdu.edu.az\/wp-content\/uploads\/2025\/10\/Tarixi-kom\u0259kci-f\u0259nl\u0259r.pdf\" type=\"application\/pdf\" style=\"width:100%;height:400px\" aria-label=\"Embed of Tarixi k\u00f6m\u0259k\u00e7i f\u0259nl\u0259r.\"><\/object><a id=\"wp-block-file--media-29c88feb-6d78-40e3-b155-a43502423a5a\" href=\"https:\/\/tcf.gdu.edu.az\/wp-content\/uploads\/2025\/10\/Tarixi-kom\u0259kci-f\u0259nl\u0259r.pdf\">Tarixi k\u00f6m\u0259k\u00e7i f\u0259nl\u0259r<\/a><a href=\"https:\/\/tcf.gdu.edu.az\/wp-content\/uploads\/2025\/10\/Tarixi-kom\u0259kci-f\u0259nl\u0259r.pdf\" class=\"wp-block-file__button wp-element-button\" download aria-describedby=\"wp-block-file--media-29c88feb-6d78-40e3-b155-a43502423a5a\">Download<\/a><\/div>\n\n\n\n<div data-wp-interactive=\"core\/file\" class=\"wp-block-file\"><object data-wp-bind--hidden=\"!state.hasPdfPreview\" hidden class=\"wp-block-file__embed\" data=\"https:\/\/tcf.gdu.edu.az\/wp-content\/uploads\/2025\/10\/Turk-xalqlari-tarix-2.pdf\" type=\"application\/pdf\" style=\"width:100%;height:400px\" aria-label=\"Embed of T\u00fcrk xalqlari tarix 2.\"><\/object><a id=\"wp-block-file--media-d97bea13-2b8f-4672-b169-53be9903487a\" href=\"https:\/\/tcf.gdu.edu.az\/wp-content\/uploads\/2025\/10\/Turk-xalqlari-tarix-2.pdf\">T\u00fcrk xalqlari tarix 2<\/a><a href=\"https:\/\/tcf.gdu.edu.az\/wp-content\/uploads\/2025\/10\/Turk-xalqlari-tarix-2.pdf\" class=\"wp-block-file__button wp-element-button\" download aria-describedby=\"wp-block-file--media-d97bea13-2b8f-4672-b169-53be9903487a\">Download<\/a><\/div>\n\n\n\n<div data-wp-interactive=\"core\/file\" class=\"wp-block-file\"><object data-wp-bind--hidden=\"!state.hasPdfPreview\" hidden class=\"wp-block-file__embed\" data=\"https:\/\/tcf.gdu.edu.az\/wp-content\/uploads\/2025\/10\/Turk-xalqlari-v\u0259-dovl\u0259tl\u0259rinin-tarixi.pdf\" type=\"application\/pdf\" style=\"width:100%;height:400px\" aria-label=\"Embed of T\u00fcrk xalqlar\u0131 v\u0259 d\u00f6vl\u0259tl\u0259rinin tarixi.\"><\/object><a id=\"wp-block-file--media-82116acc-09c8-4dbd-ace2-1986e5ca535e\" href=\"https:\/\/tcf.gdu.edu.az\/wp-content\/uploads\/2025\/10\/Turk-xalqlari-v\u0259-dovl\u0259tl\u0259rinin-tarixi.pdf\">T\u00fcrk xalqlar\u0131 v\u0259 d\u00f6vl\u0259tl\u0259rinin tarixi<\/a><a href=\"https:\/\/tcf.gdu.edu.az\/wp-content\/uploads\/2025\/10\/Turk-xalqlari-v\u0259-dovl\u0259tl\u0259rinin-tarixi.pdf\" class=\"wp-block-file__button wp-element-button\" download aria-describedby=\"wp-block-file--media-82116acc-09c8-4dbd-ace2-1986e5ca535e\">Download<\/a><\/div>\n\n\n\n<div data-wp-interactive=\"core\/file\" class=\"wp-block-file\"><object data-wp-bind--hidden=\"!state.hasPdfPreview\" hidden class=\"wp-block-file__embed\" data=\"https:\/\/tcf.gdu.edu.az\/wp-content\/uploads\/2025\/10\/Yeni-dovr-tarixi.pdf\" type=\"application\/pdf\" style=\"width:100%;height:400px\" aria-label=\"Embed of Yeni d\u00f6vr tarixi.\"><\/object><a id=\"wp-block-file--media-814936a3-813d-4233-9f78-4aa02c11904f\" href=\"https:\/\/tcf.gdu.edu.az\/wp-content\/uploads\/2025\/10\/Yeni-dovr-tarixi.pdf\">Yeni d\u00f6vr tarixi<\/a><a href=\"https:\/\/tcf.gdu.edu.az\/wp-content\/uploads\/2025\/10\/Yeni-dovr-tarixi.pdf\" class=\"wp-block-file__button wp-element-button\" download aria-describedby=\"wp-block-file--media-814936a3-813d-4233-9f78-4aa02c11904f\">Download<\/a><\/div>\n\n\n\n<div data-wp-interactive=\"core\/file\" class=\"wp-block-file\"><object data-wp-bind--hidden=\"!state.hasPdfPreview\" hidden class=\"wp-block-file__embed\" data=\"https:\/\/tcf.gdu.edu.az\/wp-content\/uploads\/2025\/10\/AZERBAYCANIN-IQTISADI-COGRAFIYASI.pdf\" type=\"application\/pdf\" style=\"width:100%;height:400px\" aria-label=\"Embed of AZ\u018fRBAYCANIN  \u0130QT\u0130SAD\u0130   CO\u011eRAF\u0130YASI.\"><\/object><a id=\"wp-block-file--media-3b3bb379-8837-4896-ae86-4471bdd7b1c9\" href=\"https:\/\/tcf.gdu.edu.az\/wp-content\/uploads\/2025\/10\/AZERBAYCANIN-IQTISADI-COGRAFIYASI.pdf\">AZ\u018fRBAYCANIN  \u0130QT\u0130SAD\u0130   CO\u011eRAF\u0130YASI<\/a><a href=\"https:\/\/tcf.gdu.edu.az\/wp-content\/uploads\/2025\/10\/AZERBAYCANIN-IQTISADI-COGRAFIYASI.pdf\" class=\"wp-block-file__button wp-element-button\" download aria-describedby=\"wp-block-file--media-3b3bb379-8837-4896-ae86-4471bdd7b1c9\">Download<\/a><\/div>\n\n\n\n<div data-wp-interactive=\"core\/file\" class=\"wp-block-file\"><object data-wp-bind--hidden=\"!state.hasPdfPreview\" hidden class=\"wp-block-file__embed\" data=\"https:\/\/tcf.gdu.edu.az\/wp-content\/uploads\/2025\/10\/AZERBAYCANIN-IQTISADI-COGRAFIYASI-1.pdf\" type=\"application\/pdf\" style=\"width:100%;height:400px\" aria-label=\"Embed of AZ\u018fRBAYCANIN  \u0130QT\u0130SAD\u0130 CO\u011eRAF\u0130YASI.\"><\/object><a id=\"wp-block-file--media-ed815ed6-a0ce-47c1-8643-43bd11a3cbb0\" href=\"https:\/\/tcf.gdu.edu.az\/wp-content\/uploads\/2025\/10\/AZERBAYCANIN-IQTISADI-COGRAFIYASI-1.pdf\">AZ\u018fRBAYCANIN  \u0130QT\u0130SAD\u0130 CO\u011eRAF\u0130YASI<\/a><a href=\"https:\/\/tcf.gdu.edu.az\/wp-content\/uploads\/2025\/10\/AZERBAYCANIN-IQTISADI-COGRAFIYASI-1.pdf\" class=\"wp-block-file__button wp-element-button\" download aria-describedby=\"wp-block-file--media-ed815ed6-a0ce-47c1-8643-43bd11a3cbb0\">Download<\/a><\/div>\n\n\n\n<div data-wp-interactive=\"core\/file\" class=\"wp-block-file\"><object data-wp-bind--hidden=\"!state.hasPdfPreview\" hidden class=\"wp-block-file__embed\" data=\"https:\/\/tcf.gdu.edu.az\/wp-content\/uploads\/2025\/10\/COGRAFIYANIN-TEDRISI-METODIKASI.pdf\" type=\"application\/pdf\" style=\"width:100%;height:400px\" aria-label=\"Embed of CO\u011eRAF\u0130YANIN  T\u018fDR\u0130S\u0130  METODIKASI.\"><\/object><a id=\"wp-block-file--media-ccaf7f0c-9d5b-497c-b5d5-f867fcc9a288\" href=\"https:\/\/tcf.gdu.edu.az\/wp-content\/uploads\/2025\/10\/COGRAFIYANIN-TEDRISI-METODIKASI.pdf\">CO\u011eRAF\u0130YANIN  T\u018fDR\u0130S\u0130  METODIKASI<\/a><a href=\"https:\/\/tcf.gdu.edu.az\/wp-content\/uploads\/2025\/10\/COGRAFIYANIN-TEDRISI-METODIKASI.pdf\" class=\"wp-block-file__button wp-element-button\" download aria-describedby=\"wp-block-file--media-ccaf7f0c-9d5b-497c-b5d5-f867fcc9a288\">Download<\/a><\/div>\n\n\n\n<div data-wp-interactive=\"core\/file\" class=\"wp-block-file\"><object data-wp-bind--hidden=\"!state.hasPdfPreview\" hidden class=\"wp-block-file__embed\" data=\"https:\/\/tcf.gdu.edu.az\/wp-content\/uploads\/2025\/10\/Regional-fiziki-cografiya.pdf\" type=\"application\/pdf\" style=\"width:100%;height:400px\" aria-label=\"Embed of Regional fiziki co\u011frafiya.\"><\/object><a id=\"wp-block-file--media-e59c4c8b-6c1b-4b11-b634-ee6d657c552b\" href=\"https:\/\/tcf.gdu.edu.az\/wp-content\/uploads\/2025\/10\/Regional-fiziki-cografiya.pdf\">Regional fiziki co\u011frafiya<\/a><a href=\"https:\/\/tcf.gdu.edu.az\/wp-content\/uploads\/2025\/10\/Regional-fiziki-cografiya.pdf\" class=\"wp-block-file__button wp-element-button\" download aria-describedby=\"wp-block-file--media-e59c4c8b-6c1b-4b11-b634-ee6d657c552b\">Download<\/a><\/div>\n","protected":false},"excerpt":{"rendered":"<p>Sillabus<\/p>\n","protected":false},"author":1,"featured_media":0,"parent":0,"menu_order":0,"comment_status":"closed","ping_status":"closed","template":"","meta":{"footnotes":""},"categories":[],"tags":[],"class_list":["post-4465","page","type-page","status-publish","hentry"],"_links":{"self":[{"href":"http:\/\/tcf.gdu.edu.az\/index.php?rest_route=\/wp\/v2\/pages\/4465","targetHints":{"allow":["GET"]}}],"collection":[{"href":"http:\/\/tcf.gdu.edu.az\/index.php?rest_route=\/wp\/v2\/pages"}],"about":[{"href":"http:\/\/tcf.gdu.edu.az\/index.php?rest_route=\/wp\/v2\/types\/page"}],"author":[{"embeddable":true,"href":"http:\/\/tcf.gdu.edu.az\/index.php?rest_route=\/wp\/v2\/users\/1"}],"replies":[{"embeddable":true,"href":"http:\/\/tcf.gdu.edu.az\/index.php?rest_route=%2Fwp%2Fv2%2Fcomments&post=4465"}],"version-history":[{"count":6,"href":"http:\/\/tcf.gdu.edu.az\/index.php?rest_route=\/wp\/v2\/pages\/4465\/revisions"}],"predecessor-version":[{"id":4609,"href":"http:\/\/tcf.gdu.edu.az\/index.php?rest_route=\/wp\/v2\/pages\/4465\/revisions\/4609"}],"wp:attachment":[{"href":"http:\/\/tcf.gdu.edu.az\/index.php?rest_route=%2Fwp%2Fv2%2Fmedia&parent=4465"}],"wp:term":[{"taxonomy":"category","embeddable":true,"href":"http:\/\/tcf.gdu.edu.az\/index.php?rest_route=%2Fwp%2Fv2%2Fcategories&post=4465"},{"taxonomy":"post_tag","embeddable":true,"href":"http:\/\/tcf.gdu.edu.az\/index.php?rest_route=%2Fwp%2Fv2%2Ftags&post=4465"}],"curies":[{"name":"wp","href":"https:\/\/api.w.org\/{rel}","templated":true}]}}