{"id":614,"date":"2016-05-18T10:19:24","date_gmt":"2016-05-18T08:19:24","guid":{"rendered":"http:\/\/tc.gdu.edu.az\/?page_id=614"},"modified":"2016-05-18T10:36:20","modified_gmt":"2016-05-18T08:36:20","slug":"dosent-bagirzad%c9%99-cavid-v%c9%99kil-oglu","status":"publish","type":"page","link":"http:\/\/tcf.gdu.edu.az\/?page_id=614","title":{"rendered":"Dosent Ba\u011f\u0131rzad\u0259 Cavid V\u0259kil o\u011flu"},"content":{"rendered":"<p><a href=\"http:\/\/tc.gdu.edu.az\/wp-content\/uploads\/2016\/05\/Cavid-Bagirzade.jpg\"><img loading=\"lazy\" decoding=\"async\" class=\"alignnone size-full wp-image-615\" src=\"http:\/\/tc.gdu.edu.az\/wp-content\/uploads\/2016\/05\/Cavid-Bagirzade.jpg\" alt=\"Cavid Bagirzade\" width=\"250\" height=\"307\" srcset=\"http:\/\/tcf.gdu.edu.az\/wp-content\/uploads\/2016\/05\/Cavid-Bagirzade.jpg 250w, http:\/\/tcf.gdu.edu.az\/wp-content\/uploads\/2016\/05\/Cavid-Bagirzade-244x300.jpg 244w\" sizes=\"auto, (max-width: 250px) 100vw, 250px\" \/><\/a><\/p>\n<p>Tarix \u00fczr\u0259 f\u0259ls\u0259f\u0259 doktoru, GDU-nun Az\u0259rbaycan tarixi kafedras\u0131n\u0131n dosenti<\/p>\n<p>Telefon: +(994) i\u015f-022-256-14-98;<\/p>\n<p><strong>\u00a0\u00a0\u00a0 QISA B\u0130OQRAF\u0130K M\u018fLUMAT<\/strong><\/p>\n<p>1977-ci il aprelin 4-d\u0259 Az\u0259rbaycan Respublikas\u0131n\u0131n A\u011fd\u0259r\u0259 rayonunun\u00a0 Umudlu k\u0259ndind\u0259 anadan olmu\u015fdur.<\/p>\n<p>1984-1992-ci ill\u0259rd\u0259 A\u011fd\u0259r\u0259 rayon M.\u018fzizb\u0259yov ad\u0131na Umudlu k\u0259nd orta m\u0259kt\u0259bind\u0259 oxumu\u015fdur.<\/p>\n<p>1994-c\u00fc ild\u0259 T\u0259rt\u0259r \u015f\u0259h\u0259r 1 sayl\u0131 orta m\u0259kt\u0259bi bitirmi\u015fdir.<\/p>\n<p><strong>\u00a0\u00a0\u00a0\u00a0 T\u018fHS\u0130L\u0130 v\u0259 ELM\u0130 D\u018fR\u018fC\u018f ADLARI<\/strong><\/p>\n<p>1999-cu ild\u0259 H.Z\u0259rdabi ad\u0131na G\u0259nc\u0259 D\u00f6vl\u0259t Pedaqoji \u0130nstitutunun Tarix fakult\u0259sini f\u0259rql\u0259nm\u0259 diplomu il\u0259 bitirmi\u015fdir.<\/p>\n<p>2001-ci ild\u0259 GDU-nun \u201cAz\u0259rbaycan\u0131n yeni v\u0259 \u0259n yeni tarixi\u201d ixtisasla\u015fmas\u0131 \u00fczr\u0259 magistraturas\u0131n\u0131 f\u0259rql\u0259nm\u0259 diplomu il\u0259 bitirmi\u015fdir.<\/p>\n<p>2011-ci ild\u0259 \u201cT\u0259rt\u0259r-K\u0259lb\u0259c\u0259r b\u00f6lg\u0259sinin ilk orta \u0259sr abid\u0259l\u0259ri\u201d m\u00f6vzusunda 07.00.06-Arxeologiya \u00fczr\u0259 tarix \u00fczr\u0259 f\u0259ls\u0259f\u0259 doktoru alimlik d\u0259r\u0259c\u0259si almaq \u00fc\u00e7\u00fcn dissertasiya m\u00fcdafi\u0259 etmi\u015fdir.<\/p>\n<p><strong>\u00a0\u00a0\u00a0\u00a0 \u018fM\u018fK F\u018fAL\u0130YY\u018fT\u0130<\/strong><\/p>\n<p>2001-ci ilin sentyabr\u0131ndan GDU-nun Az\u0259rbaycan tarixi kafedras\u0131nda m\u00fc\u0259llim<\/p>\n<p>2001 oktyabr-2002 oktyabr- Az\u0259rbaycan Silahl\u0131 Q\u00fcvv\u0259l\u0259rind\u0259 h\u0259rbi xidm\u0259td\u0259 olmu\u015fdur.<\/p>\n<p>2008-ci ilin yanvar ay\u0131ndan GDU-nun Az\u0259rbaycan tarixi kafedras\u0131nda ba\u015f m\u00fc\u0259llim<\/p>\n<p>30 -dan \u00e7ox\u00a0elmi m\u0259qal\u0259nin, alt\u0131\u00a0kitab\u0131n, d\u00f6rd f\u0259nn proqram\u0131n\u0131n m\u00fc\u0259llifidir.<\/p>\n<p>2012-ci ild\u0259 Az\u0259rbaycan Respublikas\u0131 T\u0259hsil Nazirliyinin Kollegiyas\u0131n\u0131n q\u0259rar\u0131 il\u0259\u00a0 y\u00fcks\u0259k ixtisasl\u0131 kadrlar\u0131n haz\u0131rlanmas\u0131nda v\u0259 s\u0259m\u0259r\u0259li pedaqoji f\u0259aliyy\u0259tin\u0259 g\u00f6r\u0259\u00a0\u00a0 \u201cF\u0259xri F\u0259rman\u201d la t\u0259ltif edilmi\u015fdir.<\/p>\n<p><strong>T\u018fDQ\u0130QAT SAH\u018fS\u0130<\/strong><\/p>\n<p>Az\u0259rbaycan\u0131n ilk orta \u0259sr arxeologiyas\u0131, Qaraba\u011f\u0131n orta \u0259sr abid\u0259l\u0259rinin tarixi-arxeoloji t\u0259dqiqi, Az\u0259rbaycan\u0131n XX \u0259srin \u0259vv\u0259ll\u0259ri tarixi m\u0259s\u0259l\u0259l\u0259ri,<\/p>\n<p><strong>BEYNALXALQ SEM\u0130NAR, S\u0130MPOZ\u0130UM V\u018f KONFRANSLARDA \u0130\u015eT\u0130RAKI: <\/strong><\/p>\n<p>Az\u0259rbaycan Respublikas\u0131nda ke\u00e7irilmi\u015f beyn\u0259lxalq v\u0259 respublika \u0259h\u0259miyy\u0259tli konfranslarda i\u015ftirak etmi\u015fdir.<\/p>\n","protected":false},"excerpt":{"rendered":"<p>Tarix \u00fczr\u0259 f\u0259ls\u0259f\u0259 doktoru, GDU-nun Az\u0259rbaycan tarixi kafedras\u0131n\u0131n dosenti Telefon: +(994) i\u015f-022-256-14-98; \u00a0\u00a0\u00a0 QISA B\u0130OQRAF\u0130K M\u018fLUMAT 1977-ci il aprelin 4-d\u0259 Az\u0259rbaycan Respublikas\u0131n\u0131n A\u011fd\u0259r\u0259 rayonunun\u00a0 Umudlu k\u0259ndind\u0259 anadan olmu\u015fdur. 1984-1992-ci ill\u0259rd\u0259 A\u011fd\u0259r\u0259 rayon M.\u018fzizb\u0259yov ad\u0131na Umudlu k\u0259nd orta m\u0259kt\u0259bind\u0259 oxumu\u015fdur. 1994-c\u00fc ild\u0259 T\u0259rt\u0259r \u015f\u0259h\u0259r 1 sayl\u0131 orta m\u0259kt\u0259bi bitirmi\u015fdir. \u00a0\u00a0\u00a0\u00a0 T\u018fHS\u0130L\u0130 v\u0259 ELM\u0130 D\u018fR\u018fC\u018f ADLARI 1999-cu [&hellip;]<\/p>\n","protected":false},"author":1,"featured_media":615,"parent":0,"menu_order":0,"comment_status":"closed","ping_status":"closed","template":"","meta":{"footnotes":""},"categories":[22],"tags":[],"class_list":["post-614","page","type-page","status-publish","has-post-thumbnail","hentry","category-azrbaycan-tarixi"],"_links":{"self":[{"href":"http:\/\/tcf.gdu.edu.az\/index.php?rest_route=\/wp\/v2\/pages\/614","targetHints":{"allow":["GET"]}}],"collection":[{"href":"http:\/\/tcf.gdu.edu.az\/index.php?rest_route=\/wp\/v2\/pages"}],"about":[{"href":"http:\/\/tcf.gdu.edu.az\/index.php?rest_route=\/wp\/v2\/types\/page"}],"author":[{"embeddable":true,"href":"http:\/\/tcf.gdu.edu.az\/index.php?rest_route=\/wp\/v2\/users\/1"}],"replies":[{"embeddable":true,"href":"http:\/\/tcf.gdu.edu.az\/index.php?rest_route=%2Fwp%2Fv2%2Fcomments&post=614"}],"version-history":[{"count":2,"href":"http:\/\/tcf.gdu.edu.az\/index.php?rest_route=\/wp\/v2\/pages\/614\/revisions"}],"predecessor-version":[{"id":620,"href":"http:\/\/tcf.gdu.edu.az\/index.php?rest_route=\/wp\/v2\/pages\/614\/revisions\/620"}],"wp:featuredmedia":[{"embeddable":true,"href":"http:\/\/tcf.gdu.edu.az\/index.php?rest_route=\/wp\/v2\/media\/615"}],"wp:attachment":[{"href":"http:\/\/tcf.gdu.edu.az\/index.php?rest_route=%2Fwp%2Fv2%2Fmedia&parent=614"}],"wp:term":[{"taxonomy":"category","embeddable":true,"href":"http:\/\/tcf.gdu.edu.az\/index.php?rest_route=%2Fwp%2Fv2%2Fcategories&post=614"},{"taxonomy":"post_tag","embeddable":true,"href":"http:\/\/tcf.gdu.edu.az\/index.php?rest_route=%2Fwp%2Fv2%2Ftags&post=614"}],"curies":[{"name":"wp","href":"https:\/\/api.w.org\/{rel}","templated":true}]}}