{"id":1955,"date":"2019-06-26T12:38:34","date_gmt":"2019-06-26T10:38:34","guid":{"rendered":"http:\/\/tc.gdu.edu.az\/?page_id=1955"},"modified":"2019-06-26T12:47:14","modified_gmt":"2019-06-26T10:47:14","slug":"26-iyun-az%c9%99rbaycanda-silahli-quvv%c9%99l%c9%99r-gunudur","status":"publish","type":"page","link":"https:\/\/tcf.gdu.edu.az\/?page_id=1955","title":{"rendered":"26  \u0130YUN  Az\u0259rbaycanda Silahl\u0131 Q\u00fcvv\u0259l\u0259r G\u00fcn\u00fcd\u00fcr"},"content":{"rendered":"<p><a href=\"http:\/\/tc.gdu.edu.az\/wp-content\/uploads\/2019\/06\/images.jpg\"><img loading=\"lazy\" decoding=\"async\" class=\"alignnone wp-image-1956\" src=\"http:\/\/tc.gdu.edu.az\/wp-content\/uploads\/2019\/06\/images.jpg\" alt=\"images\" width=\"297\" height=\"219\" \/><\/a> <a href=\"http:\/\/tc.gdu.edu.az\/wp-content\/uploads\/2019\/06\/2660355b30de3381bc9.jpg\"><img loading=\"lazy\" decoding=\"async\" class=\"alignnone size-medium wp-image-1957\" src=\"http:\/\/tc.gdu.edu.az\/wp-content\/uploads\/2019\/06\/2660355b30de3381bc9-300x225.jpg\" alt=\"2660355b30de3381bc9\" width=\"300\" height=\"225\" srcset=\"https:\/\/tcf.gdu.edu.az\/wp-content\/uploads\/2019\/06\/2660355b30de3381bc9-300x225.jpg 300w, https:\/\/tcf.gdu.edu.az\/wp-content\/uploads\/2019\/06\/2660355b30de3381bc9-480x360.jpg 480w, https:\/\/tcf.gdu.edu.az\/wp-content\/uploads\/2019\/06\/2660355b30de3381bc9-320x240.jpg 320w, https:\/\/tcf.gdu.edu.az\/wp-content\/uploads\/2019\/06\/2660355b30de3381bc9-240x180.jpg 240w, https:\/\/tcf.gdu.edu.az\/wp-content\/uploads\/2019\/06\/2660355b30de3381bc9.jpg 800w\" sizes=\"auto, (max-width: 300px) 100vw, 300px\" \/><\/a><\/p>\n<p>1918-ci il iyunun 26-da Az\u0259rbaycan Xalq C\u00fcmhuriyy\u0259ti Nazirl\u0259r \u015euras\u0131n\u0131n q\u0259rar\u0131 il\u0259 Az\u0259rbaycanda ilk nizami h\u0259rbi hiss\u0259 &#8211; \u018flahidd\u0259 Korpus yarad\u0131l\u0131b. O d\u00f6vrd\u0259 t\u0259\u015fkil olunan H\u0259rbi Nazirlik v\u0259 onun r\u0259hb\u0259r hey\u0259tind\u0259 t\u0259msil olunan S\u0259m\u0259d b\u0259y Mehmandarov, \u018flia\u011fa \u015e\u0131xlinski v\u0259 ba\u015fqa ordu bilicil\u0259ri Az\u0259rbaycanda ordu quruculu\u011funda m\u00fch\u00fcm islahatlar h\u0259yata ke\u00e7iribl\u0259r.<\/p>\n<p>Az\u0259rbaycanda m\u00fcasir ordu quruculu\u011funa is\u0259 \u00f6t\u0259n \u0259srin 70-ci ill\u0259rind\u0259n ba\u015flan\u0131b. 1969-cu ild\u0259\u00a0<span style=\"color: #000000;\"><a style=\"color: #000000;\" href=\"https:\/\/report.az\/persona\/heyd%C9%99r-%C9%99liyev\/\">Heyd\u0259r \u018fliyev<\/a>\u00a0<\/span>\u00f6lk\u0259d\u0259 haklimiyy\u0259t\u0259 g\u0259lm\u0259kl\u0259 milli zabit kadrlar\u0131n\u0131n haz\u0131rlanmas\u0131n\u0131 h\u0259d\u0259f se\u00e7ib v\u0259 bununla da Az\u0259rbaycanda ordu quruculu\u011funa start verilib. Bak\u0131da C\u0259m\u015fid Nax\u00e7\u0131vanski ad\u0131na h\u0259rbi m\u0259kt\u0259b a\u00e7\u0131l\u0131b. G\u00f6r\u00fcl\u0259n i\u015fl\u0259r g\u0259ncl\u0259rin h\u0259min m\u0259kt\u0259b\u0259, habel\u0259 \u00f6lk\u0259d\u0259n k\u0259nardak\u0131 h\u0259rbi m\u0259kt\u0259bl\u0259r\u0259 c\u0259lb olunmas\u0131 Az\u0259rbaycan \u00fc\u00e7\u00fcn pe\u015f\u0259kar kadrlar\u0131n haz\u0131rlanmas\u0131 i\u015fin\u0259 b\u00f6y\u00fck t\u0259kan verib.<\/p>\n<p>Az\u0259rbaycan d\u00f6vl\u0259t m\u00fcst\u0259qilliyini b\u0259rpa etdikd\u0259n sonra \u00f6lk\u0259 h\u0259rbi sah\u0259d\u0259 ciddi b\u00f6hranla \u00fczl\u0259\u015fdi. Nizami orduya malik olmayan Az\u0259rbaycan\u0131n qar\u015f\u0131s\u0131nda duran \u0259sas i\u015f Qaraba\u011f u\u011frunda ged\u0259n d\u00f6y\u00fc\u015fl\u0259rd\u0259 v\u0259ziyy\u0259ti n\u0259zar\u0259t alt\u0131na almaq idi ki, bu da \u00e7ox \u00e7\u0259tinlikl\u0259 h\u0259yata ke\u00e7irilirdi. Ordunun maddi-texniki t\u0259minat\u0131 probleml\u0259rl\u0259 m\u00fc\u015fayi\u0259t edilirdi. Ancaq t\u0259dric\u0259n m\u00fcharib\u0259d\u0259ki m\u0259\u011flubiyy\u0259tl\u0259rin qar\u015f\u0131s\u0131n\u0131 almaq \u00fc\u00e7\u00fcn \u00f6lk\u0259nin b\u00fct\u00fcn imkanlar\u0131 milli ordu quruculu\u011funa s\u0259f\u0259rb\u0259r edildi. K\u00f6n\u00fcll\u00fc batalyonlardan nizami orduya do\u011fru ilk ciddi add\u0131mlar at\u0131ld\u0131. Qism\u0259n h\u0259rbi s\u0259f\u0259rb\u0259rlik v\u0259 orduya \u00e7a\u011f\u0131r\u0131\u015f i\u015fi yoluna qoyuldu. 1992-ci il oktyabr\u0131n 9-da Bak\u0131da ke\u00e7iril\u0259n h\u0259rbi parad orduya olan inam v\u0259 mara\u011f\u0131, el\u0259c\u0259 d\u0259 v\u0259t\u0259np\u0259rv\u0259rlik ruhunun art\u0131r\u0131lmas\u0131 \u00fc\u00e7\u00fcn at\u0131lan add\u0131m oldu.<\/p>\n<p>\u00d6lk\u0259d\u0259 pe\u015f\u0259kar ordu quruculu\u011funun \u0259sas\u0131 is\u0259 1993-c\u00fc ilin sonlar\u0131nda qoyuldu. Bel\u0259 ki, Az\u0259rbaycanda qeyri-qanuni silahl\u0131 birl\u0259\u015fm\u0259l\u0259r l\u0259\u011fv edildi, vahid komandanl\u0131q yarad\u0131ld\u0131, h\u0259rc-m\u0259rcliy\u0259 son qoyuldu v\u0259 nizami ordu yarad\u0131ld\u0131. C\u0259bh\u0259 b\u00f6lg\u0259l\u0259rin\u0259 ged\u0259n ali ba\u015f komandan Heyd\u0259r \u018fliyev at\u0259\u015fk\u0259s\u0259 nail oldu. Bundan sonra is\u0259 m\u00fcasir ordu quruculu\u011fu fundamental \u0259saslarla inki\u015faf etm\u0259y\u0259 ba\u015flay\u0131b.<\/p>\n<p>\u00dcmummilli lider Heyd\u0259r \u018fliyevin 1998-ci il 22 mayda imzalad\u0131\u011f\u0131 f\u0259rmanla Milli Ordu quruculu\u011funda varislik \u0259n\u0259n\u0259l\u0259rinin b\u0259rpas\u0131nda m\u00fch\u00fcm add\u0131m at\u0131ld\u0131 v\u0259 26 \u0130yun Silahl\u0131 Q\u00fcvv\u0259l\u0259r G\u00fcn\u00fc elan olunub.<\/p>\n<p>Ordu quruculu\u011fu sah\u0259sind\u0259 ulu \u00f6nd\u0259rin strateji siyas\u0259tini u\u011furla h\u0259yata ke\u00e7ir\u0259n Prezident\u00a0<span style=\"color: #000000;\"><a style=\"color: #000000;\" href=\"https:\/\/report.az\/persona\/ilham-%C9%99liyev\/\">\u0130lham \u018fliyev<\/a>in<\/span> f\u0259rman v\u0259 s\u0259r\u0259ncamlar\u0131 il\u0259 \u00f6lk\u0259d\u0259 m\u00fcasir h\u0259rbi s\u0259naye kompleksinin yarad\u0131lmas\u0131, silahl\u0131 q\u00fcvv\u0259l\u0259r \u00fc\u00e7\u00fcn kadr haz\u0131rl\u0131\u011f\u0131n\u0131n t\u0259kmill\u0259\u015fdirilm\u0259si prosesi u\u011furla h\u0259yata ke\u00e7irilir.<\/p>\n<p>&nbsp;<\/p>\n","protected":false},"excerpt":{"rendered":"<p>1918-ci il iyunun 26-da Az\u0259rbaycan Xalq C\u00fcmhuriyy\u0259ti Nazirl\u0259r \u015euras\u0131n\u0131n q\u0259rar\u0131 il\u0259 Az\u0259rbaycanda ilk nizami h\u0259rbi hiss\u0259 &#8211; \u018flahidd\u0259 Korpus yarad\u0131l\u0131b. O d\u00f6vrd\u0259 t\u0259\u015fkil olunan H\u0259rbi Nazirlik v\u0259 onun r\u0259hb\u0259r hey\u0259tind\u0259 t\u0259msil olunan S\u0259m\u0259d b\u0259y Mehmandarov, \u018flia\u011fa \u015e\u0131xlinski v\u0259 ba\u015fqa ordu bilicil\u0259ri Az\u0259rbaycanda ordu quruculu\u011funda m\u00fch\u00fcm islahatlar h\u0259yata ke\u00e7iribl\u0259r. Az\u0259rbaycanda m\u00fcasir ordu quruculu\u011funa is\u0259 \u00f6t\u0259n \u0259srin [&hellip;]<\/p>\n","protected":false},"author":5,"featured_media":0,"parent":0,"menu_order":0,"comment_status":"closed","ping_status":"closed","template":"","meta":{"footnotes":""},"categories":[25],"tags":[],"class_list":["post-1955","page","type-page","status-publish","hentry","category-tarix-cografiya-fakultsi"],"_links":{"self":[{"href":"https:\/\/tcf.gdu.edu.az\/index.php?rest_route=\/wp\/v2\/pages\/1955","targetHints":{"allow":["GET"]}}],"collection":[{"href":"https:\/\/tcf.gdu.edu.az\/index.php?rest_route=\/wp\/v2\/pages"}],"about":[{"href":"https:\/\/tcf.gdu.edu.az\/index.php?rest_route=\/wp\/v2\/types\/page"}],"author":[{"embeddable":true,"href":"https:\/\/tcf.gdu.edu.az\/index.php?rest_route=\/wp\/v2\/users\/5"}],"replies":[{"embeddable":true,"href":"https:\/\/tcf.gdu.edu.az\/index.php?rest_route=%2Fwp%2Fv2%2Fcomments&post=1955"}],"version-history":[{"count":1,"href":"https:\/\/tcf.gdu.edu.az\/index.php?rest_route=\/wp\/v2\/pages\/1955\/revisions"}],"predecessor-version":[{"id":1958,"href":"https:\/\/tcf.gdu.edu.az\/index.php?rest_route=\/wp\/v2\/pages\/1955\/revisions\/1958"}],"wp:attachment":[{"href":"https:\/\/tcf.gdu.edu.az\/index.php?rest_route=%2Fwp%2Fv2%2Fmedia&parent=1955"}],"wp:term":[{"taxonomy":"category","embeddable":true,"href":"https:\/\/tcf.gdu.edu.az\/index.php?rest_route=%2Fwp%2Fv2%2Fcategories&post=1955"},{"taxonomy":"post_tag","embeddable":true,"href":"https:\/\/tcf.gdu.edu.az\/index.php?rest_route=%2Fwp%2Fv2%2Ftags&post=1955"}],"curies":[{"name":"wp","href":"https:\/\/api.w.org\/{rel}","templated":true}]}}