{"id":244,"date":"2016-03-24T19:47:17","date_gmt":"2016-03-24T17:47:17","guid":{"rendered":"http:\/\/tc.gdu.edu.az\/?page_id=244"},"modified":"2025-04-09T19:04:18","modified_gmt":"2025-04-09T17:04:18","slug":"az%c9%99rbaycan-tarixi-2","status":"publish","type":"page","link":"https:\/\/tcf.gdu.edu.az\/?page_id=244","title":{"rendered":"Az\u0259rbaycan tarixi"},"content":{"rendered":"<p><strong>\u201c<\/strong><strong>Az\u0259rbaycan tarixi\u201d kafedras\u0131<\/strong><\/p>\n<p style=\"text-align: left;\">\u00a0\u00a0\u00a0\u00a0\u00a0\u00a0\u00a0\u00a0 Az\u0259rbaycan tarixi kafedras\u0131 G\u0259nc\u0259 D\u00f6vl\u0259t Universitetinin tarix ixtisaslar\u0131 \u00fczr\u0259\u00a0 kadrlar\u0131n hza\u0131rlanmas\u0131 il\u0259 m\u0259\u015f\u011ful olan fundamental kafedralar\u0131ndan biridir. Kafedra \u015f\u0259r\u0259fli inki\u015faf yolu ke\u00e7\u0259r\u0259k, respublikan\u0131n V\u0259t\u0259n tarixi istiqam\u0259tind\u0259 \u00a0Ali m\u0259kt\u0259b kafedralar\u0131 aras\u0131nda \u00f6z\u00fcn\u0259m\u0259xsus yeri v\u0259 m\u00f6vqeyi olan kafedralardan birin\u0259 \u00e7evrilmi\u015fdir.<\/p>\n<p style=\"text-align: left;\">\u00a0\u00a0\u00a0\u00a0\u00a0\u00a0\u00a0\u00a0 1992-c\u0131 ild\u0259 Az\u0259rbaycan tarixi kafedras\u0131 yarad\u0131lm\u0131\u015f v\u0259 ilk m\u00fcdiri dos. H\u00fcseynov Faiq \u0130srafil o\u011flu olmu\u015fdur. 1996-c\u0131 ild\u0259n 2001-ci il\u0259 kimi dos. Eldar M\u0259mm\u0259dov, 2001-ci ild\u0259n \u2013 2006-c\u0131 ilin mart ay\u0131na kimi dos.C\u0259mil Babayev, 2006-c\u0131 ilin mart ay\u0131ndan oktyabr ay\u0131na kimi m\u00fcdir \u0259v\u0259zi dos. Afaq Qas\u0131mova v\u0259 2006 \u2013c\u0131 ilin noyabr ay\u0131ndan \u2013 2011-ci ilin iyun ay\u0131na kimi dos.CavadovAsif \u015e\u0259mil o\u011flu olmu\u015fdur.<\/p>\n<p style=\"text-align: left;\">2011-ci ild\u0259n etibar\u0259n kafedraya dos. Aslanova Emma \u018fli q\u0131z\u0131 r\u0259hb\u0259rlik edir. 1956-ci il aprelin 24-d\u0259 Az\u0259rbaycan Respublikas\u0131n\u0131n \u015e\u0259mkir rayonun \u018fli Yaqublu k\u0259ndind\u0259 anadan olmu\u015fdur. 1978-ci ild\u0259 H.Z\u0259rdabi ad\u0131na GDP\u0130-nin tarix fak\u00fclt\u0259sini \u201cf\u0259rql\u0259nm\u0259\u201d diplomu il\u0259 bitirmi\u015fdir. 2008-ci ild\u0259 \u201cAz\u0259rbaycan\u00a0 XVII \u018fsr Avropa s\u0259yyahlar\u0131n\u0131n t\u0259svirl\u0259rind\u0259\u201d m\u00f6vzusunda dissertasiya\u00a0 m\u00fcdafi\u0259 etmi\u015f v\u0259 tarix elml\u0259ri namiz\u0259di elmi d\u0259r\u0259c\u0259si alm\u0131\u015fd\u0131r. 57\u00a0 m\u0259qal\u0259nin, 9 proqram\u0131n,1 metodiki v\u0259saitin, 1 d\u0259rs v\u0259saitinin m\u00fc\u0259llifidir. 2010-cu ild\u0259 Az\u0259rbaycan\u00a0 T\u0259hsil Nazirliyinin \u201cF\u0259xri f\u0259rman\u201d\u0131 il\u0259 t\u0259ltif olunmu\u015fdur.<\/p>\n<p style=\"text-align: left;\"><strong>Kafedran\u0131n 23 n\u0259f\u0259r professor-m\u00fc\u0259llim hey\u0259ti vard\u0131r. Elmi potensial\u0131 g\u00fccl\u00fcd\u00fcr.<\/strong><\/p>\n<p style=\"text-align: left;\">7 n\u0259f\u0259r dosent<\/p>\n<p style=\"text-align: left;\">5 n\u0259f\u0259r tarix \u00fczr\u0259 f\u0259ls\u0259f\u0259 doktoru<\/p>\n<p style=\"text-align: left;\">10 n\u0259f\u0259r ba\u015f m\u00fc\u0259llim<\/p>\n<p style=\"text-align: left;\">1 n\u0259f\u0259r \u0259m\u0259kdar m\u00fc\u0259llim<\/p>\n<p style=\"text-align: left;\">1 n\u0259f\u0259r is\u0259 m\u00fc\u0259llimdir.<\/p>\n<p style=\"text-align: left;\">\u00a0\u00a0\u00a0\u00a0\u00a0\u00a0\u00a0\u00a0 Kafedrada \u201cV\u0259t\u0259n tarixi\u201d ixtisas\u0131 \u00fczr\u0259 doktorant v\u0259 dissertant haz\u0131rl\u0131\u011f\u0131 da h\u0259yata ke\u00e7irilir.<\/p>\n<p style=\"text-align: left;\">Kafedrada t\u0259drisin keyfiyy\u0259tinin yax\u015f\u0131la\u015fd\u0131r\u0131lmas\u0131, onun g\u00fcn\u00fcn t\u0259l\u0259bl\u0259ri s\u0259viyy\u0259sin\u0259 qald\u0131r\u0131lmas\u0131 \u00fc\u00e7\u00fcn kafedrada d\u0259rslik, d\u0259rs v\u0259 metodik v\u0259saitl\u0259rin yaz\u0131lmas\u0131na v\u0259 n\u0259\u015frin\u0259 ciddi fikir verilir. Kafedrada Dos.Emma Aslanova Az\u0259rbaycan tarixi(q\u0259dim v\u0259 ilk orta \u0259srl\u0259r d\u00f6vr\u00fc) metodik v\u0259sait, \u201cS\u0259f\u0259vi d\u00f6vl\u0259tinin tarixin\u0259 dair\u201d d\u0259rs v\u0259saiti, dos.Usenov F\u0259xr\u0259ddin Az\u0259rbaycan tarixi t\u0259drisind\u0259 \u00fcmumilli lider Heyd\u0259r \u018fliyevin irsind\u0259n istifad\u0259 metodik v\u0259sait, \u201cAz\u0259rbaycan pedaqoji fikir tarixind\u0259 v\u0259t\u0259np\u0259rv\u0259rlik probleminin qoyulu\u015fu\u201d metodik t\u00f6vsiyy\u0259, dos.C.Ba\u011f\u0131rzad\u0259 \u201cXX \u0259srin \u0259vv\u0259ll\u0259rind\u0259 Az\u0259rbaycanda soyq\u0131r\u0131m\u201d, \u201cKaqankat (Kalakotik) \u015f\u0259h\u0259rinin tarixi-arxeoloji \u201c o\u00e7erki,\u201d \u201cA\u011fd\u0259r\u0259 IV-XIII \u0259srl\u0259rd\u0259 \u201c, \u201cG\u0259nc\u0259 \u015f\u0259h\u0259ri m\u00fcst\u0259qillik d\u00f6vr\u00fcnd\u0259\u201d, dos. A.Cavadov v\u0259 b\\m.M.\u018fliyev \u201cAz\u0259rbaycan XVI-XVIII \u0259srin birnci yar\u0131s\u0131nda\u201d d\u0259rs v\u0259saitl\u0259ri \u00a0t\u0259l\u0259b\u0259l\u0259rin t\u0259dris v\u0259saitl\u0259ri il\u0259 tam t\u0259min olunma\u00ads\u0131na imkan vermi\u015fdir.<\/p>\n<p style=\"text-align: left;\">\u00a0\u00a0\u00a0\u00a0\u00a0\u00a0\u00a0\u00a0 GDU-nun b\u00fct\u00fcn fak\u00fclt\u0259l\u0259rind\u0259 \u201cAz\u0259rbaycan tarixi\u201d f\u0259nni \u00f6yr\u0259nilir. Odur ki, kafedran\u0131n \u00fcz\u0259rin\u0259 b\u00f6y\u00fck m\u0259suliyy\u0259t d\u00fc\u015f\u00fcr. Az\u0259rbaycan\u00a0 tarixinin t\u0259drisinin\u00a0\u00a0ba\u015fl\u0131ca m\u0259qs\u0259di t\u0259l\u0259b\u0259l\u0259rd\u0259 tariximiz\u0259 d\u0259rind\u0259n \u00f6yr\u0259tm\u0259k v\u0259 onlarda v\u0259t\u0259np\u0259rv\u0259rlik hissini inki\u015faf etdirm\u0259kdir. Eyni zamanda xalq\u0131m\u0131z\u0131n kecdiyi m\u00fcr\u0259kk\u0259b, \u00e7\u0259tin, ziddiyy\u0259tli, h\u0259m d\u0259 \u015f\u0259r\u0259fli inki\u015faf yolu haqq\u0131nda t\u0259l\u0259b\u0259l\u0259r\u0259 geni\u015f m\u0259lumatlar verm\u0259k, onlar\u0131n d\u00f6vl\u0259t\u00e7ilik tariximiz, g\u00f6rk\u0259mli \u015f\u0259xsiyy\u0259tl\u0259r, ibr\u0259tamiz hadis\u0259l\u0259r, tarixi faci\u0259l\u0259r v\u0259 parlaq s\u0259hif\u0259l\u0259r bar\u0259d\u0259 \u0259trafl\u0131 bilikl\u0259r\u0259 yiy\u0259l\u0259nm\u0259si d\u0259 m\u00fch\u00fcm v\u0259zif\u0259l\u0259rd\u0259ndir. Bunlarla yana\u015f\u0131, t\u0259l\u0259b\u0259l\u0259rd\u0259 geni\u015f d\u00fcnyag\u00f6r\u00fc\u015f\u00fcn\u00fcn, v\u0259t\u0259n sevgisinin,\u00a0\u00a0tarixi hadis\u0259l\u0259ri analitik t\u0259hlil etm\u0259 qabiliyy\u0259tinin v\u0259 hadis\u0259l\u0259rd\u0259n, siyasi prosesl\u0259r\u0259d\u0259n d\u00fczg\u00fcn n\u0259tic\u0259 \u00e7\u0131xarmaq qabiliyy\u0259tinin\u00a0\u00a0formala\u015fd\u0131r\u0131lmas\u0131 Az\u0259rbaycan tarixinin t\u0259drisinin ba\u015fl\u0131ca m\u0259qs\u0259dl\u0259rind\u0259n say\u0131l\u0131r.<\/p>\n<p style=\"text-align: left;\"><strong>T\u0259dris olunan f\u0259nl\u0259r:<\/strong><\/p>\n<p style=\"text-align: left;\">\u00a0\u00a0\u00a0\u00a0\u00a0\u00a0\u00a0\u00a0\u00a0\u00a0\u00a0\u00a0\u00a0\u00a0\u00a0\u00a0\u00a0\u00a0\u00a0\u00a0\u00a0\u00a0\u00a0\u00a0\u00a0\u00a0\u00a0\u00a0\u00a0\u00a0\u00a0\u00a0\u00a0\u00a0\u00a0\u00a0\u00a0\u00a0\u00a0\u00a0\u00a0 <strong>Bakalavr ixtisas\u0131 \u00fczr\u0259<\/strong><\/p>\n<p style=\"text-align: left;\">\u00a0\u00a0\u00a0\u00a0\u00a0\u00a0\u00a0\u00a0\u00a0\u00a0\u00a0\u00a0\u00a0\u00a0\u00a0\u00a0\u00a0\u00a0\u00a0\u00a0\u00a0\u00a0\u00a0\u00a0\u00a0\u00a0\u00a0\u00a0\u00a0\u00a0\u00a0\u00a0\u00a0\u00a0\u00a0\u00a0\u00a0\u00a0\u00a0\u00a0\u00a0\u00a0\u00a0\u00a0\u00a0\u00a0\u00a0\u00a0\u00a0 <strong>Tarix ixtisas\u0131<\/strong><\/p>\n<p style=\"text-align: left;\">1.Az\u0259rbaycan tarixi.<\/p>\n<p style=\"text-align: left;\">2.s\\f.Az\u0259rbaycan arxelogiyas\u0131<\/p>\n<p style=\"text-align: left;\">3.s\/f.Az\u0259rbaycan tarixinin m\u0259nb\u0259\u015f\u00fcnasl\u0131\u011f\u0131<\/p>\n<p style=\"text-align: left;\">4.s\\f.Az\u0259rbaycan toponomikas\u0131<\/p>\n<p style=\"text-align: left;\">5.s\\f.Az\u0259rbaycan\u00a0 Avropa v\u0259 Asiya il\u0259 qar\u015f\u0131l\u0131ql\u0131 \u0259laq\u0259l\u0259ri<\/p>\n<p style=\"text-align: left;\">6.s\\f.Az\u0259rbaycanda kapitalizmin inki\u015fafprobleml\u0259ri<\/p>\n<p style=\"text-align: left;\">7.s\\f.Az\u0259rbaycan Atab\u0259yl\u0259r d\u00f6vl\u0259ti<\/p>\n<p style=\"text-align: left;\">8.s\\f.Az\u0259rbaycan tarixinin tarix\u015f\u00fcnasl\u0131\u011f\u0131<\/p>\n<p style=\"text-align: left;\">9.s\\f.Az\u0259rbaycan etnoqrafiyas\u0131<\/p>\n<p style=\"text-align: left;\">10.s\\f.Az\u0259rbaycan S\u0259f\u0259vil\u0259r d\u00f6vl\u0259ti<\/p>\n<p style=\"text-align: left;\">\u00a0\u00a0\u00a0\u00a0\u00a0\u00a0\u00a0\u00a0\u00a0\u00a0\u00a0\u00a0\u00a0\u00a0\u00a0\u00a0\u00a0\u00a0 <strong>Tarix m\u00fc\u0259llimliyi ixtisas\u0131<\/strong><\/p>\n<ol style=\"text-align: left;\">\n<li>Az\u0259rbaycan tarixi<\/li>\n<li>s\\f.Az\u0259rbaycan tarixi co\u011frafiyas\u0131<\/li>\n<li>s\\f.Az\u0259rbaycan arxiv\u015f\u00fcnasl\u0131\u011f\u0131<\/li>\n<\/ol>\n<p style=\"text-align: left;\"><strong>\u00a0<\/strong><\/p>\n<ol style=\"text-align: left;\" start=\"4\">\n<li>s\\f.M\u00fcasir m\u0259rh\u0259l\u0259d\u0259 Az\u0259rbaycan\u0131n xarici siyas\u0259ti<\/li>\n<li>s\\f.Az\u0259rbaycan Xalq C\u00fcmh\u00fcriyy\u0259tinin xarici siyas\u0259ti<\/li>\n<li>s\/f.Qafqaz Albaniyas\u0131n\u0131n tarixi probleml\u0259ri<\/li>\n<\/ol>\n<p style=\"text-align: left;\">\u00a0\u00a0\u00a0\u00a0\u00a0\u00a0\u00a0\u00a0\u00a0\u00a0\u00a0\u00a0\u00a0\u00a0\u00a0\u00a0\u00a0\u00a0 <strong>Tarix-co\u011frafiya\u00a0 m\u00fc\u0259llimliyi ixtisas\u0131<\/strong><\/p>\n<ol style=\"text-align: left;\">\n<li>Az\u0259rbaycan tarixi<\/li>\n<li>s\\f.Az\u0259rbaycan etnoqrafiyas\u0131<\/li>\n<li>s\\f.Az\u0259rbaycanda kapitalizmin inki\u015faf probleml\u0259ri<\/li>\n<li>s\\f.M\u00fcasir m\u0259rh\u0259l\u0259d\u0259 Az\u0259rbaycan\u0131n xarici siyas\u0259ti<\/li>\n<\/ol>\n<p style=\"text-align: left;\">\u00a0\u00a0\u00a0\u00a0\u00a0\u00a0\u00a0\u00a0\u00a0\u00a0\u00a0\u00a0\u00a0\u00a0\u00a0<strong>\u00a0 Co\u011frafiya\u00a0 m\u00fc\u0259llimliyi ixtisas\u0131<\/strong><\/p>\n<p style=\"text-align: left;\">1.Az\u0259rbaycan tarixi<\/p>\n<p style=\"text-align: left;\">\u00a0\u00a0\u00a0\u00a0\u00a0\u00a0\u00a0\u00a0\u00a0\u00a0\u00a0\u00a0\u00a0\u00a0\u00a0\u00a0\u00a0\u00a0\u00a0\u00a0\u00a0\u00a0\u00a0<strong>\u00a0\u00a0\u00a0\u00a0\u00a0\u00a0 Sosial i\u015f ixtisas\u0131 \u00fczr\u0259<\/strong><\/p>\n<ol style=\"text-align: left;\">\n<li>Az\u0259rbaycan tarixi<\/li>\n<li>s\\f.Az\u0259rbaycan etnoqrafiyas\u0131<\/li>\n<li>s\\f.Az\u0259rbaycan xalq\u0131n\u0131n etnogenezi<\/li>\n<\/ol>\n<p style=\"text-align: left;\">\u00a0\u00a0\u00a0\u00a0\u00a0\u00a0\u00a0\u00a0\u00a0\u00a0\u00a0\u00a0\u00a0\u00a0\u00a0\u00a0\u00a0\u00a0\u00a0\u00a0\u00a0\u00a0\u00a0\u00a0\u00a0\u00a0\u00a0\u00a0\u00a0 <strong>Magistratura ixtisas\u0131 \u00fczr\u0259<\/strong><\/p>\n<p style=\"text-align: left;\">\u00a0\u00a0\u00a0\u00a0\u00a0\u00a0\u00a0\u00a0\u00a0\u00a0\u00a0\u00a0\u00a0\u00a0\u00a0\u00a0\u00a0\u00a0 Az\u0259rbaycan\u0131n q\u0259dim v\u0259 orta \u0259srl\u0259r tarixi ixtisas\u0131<\/p>\n<p style=\"text-align: left;\">1.Az\u0259rbaycan\u0131n III-IX \u0259srl\u0259r tarixinin aktual probleml\u0259ri<strong>.<\/strong><\/p>\n<p style=\"text-align: left;\">2.Az\u0259rbaycan S\u0259f\u0259vil\u0259r d\u00f6vl\u0259ti tarixinin \u00f6yr\u0259nilm\u0259sin\u0259 m\u00fcasir yana\u015fma<\/p>\n<p style=\"text-align: left;\">3.Az\u0259rbaycan\u0131n q\u0259dim v\u0259 orta \u0259srl\u0259r tarixi elminin m\u00fcasir problemi<\/p>\n<p style=\"text-align: left;\">4.Az\u0259rbaycan\u0131n q\u0259dim v\u0259\u00a0 orta \u0259srl\u0259r tarixinin metodologiyas\u0131 v\u0259 metodikas\u0131<\/p>\n<p style=\"text-align: left;\">5.AMMEF (Az\u0259rbaycan\u0131n q\u0259dim v\u0259\u00a0 orta \u0259srl\u0259r d\u00f6vr\u00fc tarixinin \u0259sas istiqam\u0259tl\u0259ri)<\/p>\n<p style=\"text-align: left;\">6.Az\u0259rbaycan \u0259razisind\u0259 q\u0259dim d\u00f6vl\u0259tl\u0259rin siyasi v\u0259 sosial-iqtisadi qurulu\u015funun \u00fcmumi c\u0259h\u0259tl\u0259ri<\/p>\n<ol style=\"text-align: left;\" start=\"7\">\n<li>Az\u0259rbaycan\u0131n q\u0259dim v\u0259 orta \u0259srl\u0259r d\u00f6vr\u00fc m\u0259nb\u0259\u015f\u00fcnasl\u0131\u011f\u0131n\u0131n \u00fcmumi xarakteristikas\u0131<\/li>\n<\/ol>\n<p style=\"text-align: left;\">8.S\\f.Az\u0259rbaycan \u0259razisind\u0259 arxeoloji m\u0259d\u0259niyy\u0259tin \u00f6yr\u0259nilm\u0259si<\/p>\n<p style=\"text-align: left;\">\u00a0\u00a0\u00a0\u00a0\u00a0\u00a0\u00a0\u00a0\u00a0\u00a0\u00a0\u00a0\u00a0\u00a0\u00a0\u00a0\u00a0\u00a0\u00a0\u00a0\u00a0\u00a0\u00a0\u00a0\u00a0\u00a0\u00a0\u00a0 Az\u0259rbaycan\u0131n yeni v\u0259 \u0259n yeni tarixi\u00a0 ixtisas\u0131<\/p>\n<ol style=\"text-align: left;\">\n<li>Az\u0259rbaycan\u0131n yeni v\u0259 \u0259n yeni tarixi elminin m\u00fcasir problemi<\/li>\n<li>Az\u0259rbaycan\u0131n yeni v\u0259 \u0259n yeni tarixinin t\u0259drisi metodologias\u0131 v\u0259 metodikas\u0131<\/li>\n<li>AMMEF(XX \u0259srin II yar\u0131s\u0131nda Az\u0259rbaycan\u0131n sosial-iqtisadi v\u0259ziyy\u0259ti)<\/li>\n<li>Az\u0259rbaycan arxeologiyas\u0131 ,etnoqrafiyas\u0131<\/li>\n<li>Az\u0259rbaycan Xalq\u0131n\u0131n tarixind\u0259 Az\u0259rbaycan Xalq C\u00fcmhuriyy\u0259tinin rolu<\/li>\n<li>XX \u0259srd\u0259 Az\u0259rbaycanda milli azadl\u0131q h\u0259r\u0259kat\u0131<\/li>\n<li>XIX-XX \u0259srd\u0259 Az\u0259rbaycan\u0131n sosial-iqtisadi v\u0259 siyasi tarixinin ba\u015fl\u0131ca probleml\u0259ri<\/li>\n<li>S\/f.(Az\u0259rbaycanda sovet i\u015f\u011fal rejimin\u0259 qar\u015f\u0131 m\u00fcbariz\u0259, 1920-1991)<\/li>\n<\/ol>\n<p style=\"text-align: left;\">\u00a0\u00a0\u00a0\u00a0\u00a0\u00a0\u00a0\u00a0 Az\u0259rbaycan tarixi kafedras\u0131n\u0131n professor-m\u00fc\u0259llim hey\u0259ti bakalavr pill\u0259si \u00fczr\u0259 b\u00fct\u00fcn fak\u00fclt\u0259l\u0259rd\u0259 m\u00fchazir\u0259 v\u0259 seminar d\u0259rsl\u0259ri apar\u0131r. Eyni zamanda \u201cAz\u0259rbaycan\u0131n yeni v\u0259 \u0259n yeni tarixi\u201d\u00a0 v\u0259 \u201cAz\u0259rbaycan\u0131n q\u0259dim v\u0259 orta \u0259srl\u0259r tarixi\u201d istiqam\u0259ti \u00fczr\u0259 magistr ixtisaslar\u0131 \u00fczr\u0259 kadr haz\u0131rl\u0131\u011f\u0131 apar\u0131lr.<\/p>\n<p style=\"text-align: left;\">\u00a0\u00a0\u00a0\u00a0\u00a0\u00a0\u00a0\u00a0 Kafedra \u00fczr\u0259 t\u0259dris plan\u0131nda n\u0259z\u0259rd\u0259 tutulmu\u015f b\u00fct\u00fcn f\u0259nnl\u0259r \u00fczr\u0259 t\u0259dris proqramlar\u0131 haz\u0131rlanm\u0131\u015f v\u0259 Elmi \u015eurada t\u0259sdiq edilmi\u015fdir. Kafedra \u0259m\u0259kda\u015flar\u0131 t\u0259r\u0259find\u0259n d\u0259rslik, d\u0259rs v\u0259saiti v\u0259 proqramlar haz\u0131rlanm\u0131\u015fd\u0131r.<\/p>\n<p style=\"text-align: left;\">\u00a0\u00a0\u00a0\u00a0\u00a0\u00a0\u00a0\u00a0 T\u0259dqiqatlar\u0131n n\u0259ti\u00adc\u0259l\u0259ri respublika v\u0259 xarici n\u0259\u015friyyatlarda i\u015f\u0131qland\u0131r\u0131l\u0131b, respub\u00adlika, regional v\u0259 beyn\u0259lxalq s\u0259viyy\u0259li konfrans v\u0259 simpoziumlarda m\u0259ruz\u0259l\u0259r edilib. Az\u0259rbaycan tarixinin d\u00f6vrl\u0259rin\u0259\u00a0 dair elmi m\u0259qal\u0259l\u0259rin, d\u0259rslikl\u0259rin, kitablar\u0131n t\u0259dqiqat sah\u0259l\u0259ri \u00fczr\u0259 i\u015fl\u0259r apar\u0131l\u0131r.<\/p>\n","protected":false},"excerpt":{"rendered":"<p>\u201cAz\u0259rbaycan tarixi\u201d kafedras\u0131 \u00a0\u00a0\u00a0\u00a0\u00a0\u00a0\u00a0\u00a0 Az\u0259rbaycan tarixi kafedras\u0131 G\u0259nc\u0259 D\u00f6vl\u0259t Universitetinin tarix ixtisaslar\u0131 \u00fczr\u0259\u00a0 kadrlar\u0131n hza\u0131rlanmas\u0131 il\u0259 m\u0259\u015f\u011ful olan fundamental kafedralar\u0131ndan biridir. Kafedra \u015f\u0259r\u0259fli inki\u015faf yolu ke\u00e7\u0259r\u0259k, respublikan\u0131n V\u0259t\u0259n tarixi istiqam\u0259tind\u0259 \u00a0Ali m\u0259kt\u0259b kafedralar\u0131 aras\u0131nda \u00f6z\u00fcn\u0259m\u0259xsus yeri v\u0259 m\u00f6vqeyi olan kafedralardan birin\u0259 \u00e7evrilmi\u015fdir. \u00a0\u00a0\u00a0\u00a0\u00a0\u00a0\u00a0\u00a0 1992-c\u0131 ild\u0259 Az\u0259rbaycan tarixi kafedras\u0131 yarad\u0131lm\u0131\u015f v\u0259 ilk m\u00fcdiri dos. H\u00fcseynov Faiq [&hellip;]<\/p>\n","protected":false},"author":4,"featured_media":0,"parent":0,"menu_order":0,"comment_status":"closed","ping_status":"closed","template":"","meta":{"footnotes":""},"categories":[22],"tags":[],"class_list":["post-244","page","type-page","status-publish","hentry","category-azrbaycan-tarixi"],"_links":{"self":[{"href":"https:\/\/tcf.gdu.edu.az\/index.php?rest_route=\/wp\/v2\/pages\/244","targetHints":{"allow":["GET"]}}],"collection":[{"href":"https:\/\/tcf.gdu.edu.az\/index.php?rest_route=\/wp\/v2\/pages"}],"about":[{"href":"https:\/\/tcf.gdu.edu.az\/index.php?rest_route=\/wp\/v2\/types\/page"}],"author":[{"embeddable":true,"href":"https:\/\/tcf.gdu.edu.az\/index.php?rest_route=\/wp\/v2\/users\/4"}],"replies":[{"embeddable":true,"href":"https:\/\/tcf.gdu.edu.az\/index.php?rest_route=%2Fwp%2Fv2%2Fcomments&post=244"}],"version-history":[{"count":4,"href":"https:\/\/tcf.gdu.edu.az\/index.php?rest_route=\/wp\/v2\/pages\/244\/revisions"}],"predecessor-version":[{"id":4056,"href":"https:\/\/tcf.gdu.edu.az\/index.php?rest_route=\/wp\/v2\/pages\/244\/revisions\/4056"}],"wp:attachment":[{"href":"https:\/\/tcf.gdu.edu.az\/index.php?rest_route=%2Fwp%2Fv2%2Fmedia&parent=244"}],"wp:term":[{"taxonomy":"category","embeddable":true,"href":"https:\/\/tcf.gdu.edu.az\/index.php?rest_route=%2Fwp%2Fv2%2Fcategories&post=244"},{"taxonomy":"post_tag","embeddable":true,"href":"https:\/\/tcf.gdu.edu.az\/index.php?rest_route=%2Fwp%2Fv2%2Ftags&post=244"}],"curies":[{"name":"wp","href":"https:\/\/api.w.org\/{rel}","templated":true}]}}