{"id":246,"date":"2016-03-24T19:47:56","date_gmt":"2016-03-24T17:47:56","guid":{"rendered":"http:\/\/tc.gdu.edu.az\/?page_id=246"},"modified":"2025-03-21T16:19:43","modified_gmt":"2025-03-21T14:19:43","slug":"umumi-tarix-2","status":"publish","type":"page","link":"https:\/\/tcf.gdu.edu.az\/?page_id=246","title":{"rendered":"\u00dcmumi tarix"},"content":{"rendered":"<p><strong>\u00dcmumi tarix kafedras\u0131<\/strong><\/p>\n<p>\u00dcmumi tarix kafedras\u0131 1991-ci ild\u0259 SSR\u0130 tarixi kafedras\u0131n\u0131n \u0259sas\u0131nda yarad\u0131lm\u0131\u015fd\u0131. Kafedra f\u0259aliyy\u0259t\u0259 ba\u015flad\u0131\u011f\u0131 ild\u0259n Tarix- filologiya fak\u00fclt\u0259sinin t\u0259rkibind\u0259 olmu\u015fdur. Tarix, Tarix m\u00fc\u0259llimliyi, Tarix- co\u011frafiya ixtisaslar\u0131 \u00fczr\u0259 kadrlar\u0131n\u0131n haz\u0131rlanmas\u0131 il\u0259 m\u0259\u015f\u011ful olan fundamental kafedralardan biridir. Kafedra Respublikan\u0131n ixtisas t\u0259may\u00fcll\u00fc Ali m\u0259kt\u0259b kafedralar\u0131 aras\u0131nda yeri v\u0259 m\u00f6vqeyi olan kafedralardan birin\u0259 \u00e7evrilmi\u015fdir. Tarix, Tarix m\u00fc\u0259llimliyi, Tarix- co\u011frafiya ixtisaslar\u0131nda t\u0259dris edil\u0259n f\u0259nl\u0259r \u00dcmumi tarix kafedras\u0131nda c\u0259ml\u0259nmi\u015fdir. \u00dcmumi tarix kafedras\u0131 yarand\u0131\u011f\u0131 vaxt 12 m\u00fc\u0259llim, 3 n\u0259f\u0259r t\u0259dris- k\u00f6m\u0259k\u00e7i hey\u0259ti il\u0259 f\u0259aliyy\u0259t\u0259 ba\u015flam\u0131\u015fd\u0131r. H\u0259min d\u00f6vrd\u0259 kafedrada 5 elml\u0259r namiz\u0259di, dosent: dos.V. H\u00fcseynov, dos. Z. S\u00fcleymanov, dos. \u018f. Zahidov, dos. R. M\u0259h\u0259rr\u0259mov, dos. K. \u0130brahimov \u00a0f\u0259aliyy\u0259t g\u00f6st\u0259rmi\u015fl\u0259r. O c\u00fcml\u0259d\u0259n bir ba\u015f m\u00fc\u0259llim v\u0259 6 m\u00fc\u0259llim- b\/m A. Qafarov, m\u00fc\u0259lliml\u0259r: C. Ta\u011f\u0131yev, V. Veys\u0259lova, G. Mustafayeva , \u018f. M\u0259mm\u0259dov, C. M\u0259mm\u0259dov, G. Allahverdiyeva\u00a0 f\u0259aliyy\u0259t g\u00f6st\u0259rmi\u015fl\u0259r.<\/p>\n<p>1991-1995- ci ill\u0259rd\u0259 kafedraya dos. V. H\u00fcseynov r\u0259hb\u0259rlik etmi\u015fdir.<\/p>\n<p>1995-2008- c\u0131 ill\u0259rd\u0259 kafedraya dos. S. Mirz\u0259yev r\u0259hb\u0259rlik etmi\u015fdir.<\/p>\n<p>2008- 2011- ci ill\u0259rd\u0259 kafedraya prof. H. Sad\u0131qov r\u0259hb\u0259rlik etmi\u015fdir.<\/p>\n<p>2011- 2013- c\u00fc ill\u0259rd\u0259 kafedraya dos. P. K\u0259rimzad\u0259 r\u0259hb\u0259rlik etmi\u015fdir.<\/p>\n<p>2013-2023-c\u00fc ill\u0259rd\u0259 kafedraya dos. V.Veys\u0259lova r\u0259hb\u0259rlik etmi\u015fdir.<\/p>\n<p>\u00dcmumi tarix kafedras\u0131n\u0131n elmi- pedoqoji kollektivi 23 n\u0259f\u0259rd\u0259n ibar\u0259tdir. Onlardan 1 n\u0259f\u0259ri elml\u0259r doktoru,\u00a0 professor, 6 n\u0259f\u0259r elml\u0259r namiz\u0259di, dosent, 4 n\u0259f\u0259r tarix \u00fczr\u0259 f\u0259ls\u0259f\u0259 doktoru, ba\u015f m\u00fc\u0259llim, 9 n\u0259f\u0259r ba\u015f m\u00fc\u0259llim, 3 n\u0259f\u0259ri m\u00fc\u0259llimdir. Kafedran\u0131n t\u0259dris- k\u00f6m\u0259k\u00e7i hey\u0259ti 7 n\u0259f\u0259rdir.Onlardan 1 n\u0259f\u0259r kabin\u0259 m\u00fcdiri, 4 n\u0259f\u0259r b\u00f6y\u00fck laborant, 2 n\u0259f\u0259r laborantd\u0131r.<\/p>\n<p>2023 \u2013c\u00fc ild\u0259n hal- haz\u0131rad\u0259k kafedraya \u00a0dos. E.Musayev r\u0259hb\u0259rlik edir.<\/p>\n","protected":false},"excerpt":{"rendered":"<p>\u00dcmumi tarix kafedras\u0131 \u00dcmumi tarix kafedras\u0131 1991-ci ild\u0259 SSR\u0130 tarixi kafedras\u0131n\u0131n \u0259sas\u0131nda yarad\u0131lm\u0131\u015fd\u0131. Kafedra f\u0259aliyy\u0259t\u0259 ba\u015flad\u0131\u011f\u0131 ild\u0259n Tarix- filologiya fak\u00fclt\u0259sinin t\u0259rkibind\u0259 olmu\u015fdur. Tarix, Tarix m\u00fc\u0259llimliyi, Tarix- co\u011frafiya ixtisaslar\u0131 \u00fczr\u0259 kadrlar\u0131n\u0131n haz\u0131rlanmas\u0131 il\u0259 m\u0259\u015f\u011ful olan fundamental kafedralardan biridir. Kafedra Respublikan\u0131n ixtisas t\u0259may\u00fcll\u00fc Ali m\u0259kt\u0259b kafedralar\u0131 aras\u0131nda yeri v\u0259 m\u00f6vqeyi olan kafedralardan birin\u0259 \u00e7evrilmi\u015fdir. Tarix, Tarix m\u00fc\u0259llimliyi, [&hellip;]<\/p>\n","protected":false},"author":4,"featured_media":0,"parent":0,"menu_order":0,"comment_status":"closed","ping_status":"closed","template":"","meta":{"footnotes":""},"categories":[21],"tags":[],"class_list":["post-246","page","type-page","status-publish","hentry","category-umumi-tarix"],"_links":{"self":[{"href":"https:\/\/tcf.gdu.edu.az\/index.php?rest_route=\/wp\/v2\/pages\/246","targetHints":{"allow":["GET"]}}],"collection":[{"href":"https:\/\/tcf.gdu.edu.az\/index.php?rest_route=\/wp\/v2\/pages"}],"about":[{"href":"https:\/\/tcf.gdu.edu.az\/index.php?rest_route=\/wp\/v2\/types\/page"}],"author":[{"embeddable":true,"href":"https:\/\/tcf.gdu.edu.az\/index.php?rest_route=\/wp\/v2\/users\/4"}],"replies":[{"embeddable":true,"href":"https:\/\/tcf.gdu.edu.az\/index.php?rest_route=%2Fwp%2Fv2%2Fcomments&post=246"}],"version-history":[{"count":4,"href":"https:\/\/tcf.gdu.edu.az\/index.php?rest_route=\/wp\/v2\/pages\/246\/revisions"}],"predecessor-version":[{"id":4003,"href":"https:\/\/tcf.gdu.edu.az\/index.php?rest_route=\/wp\/v2\/pages\/246\/revisions\/4003"}],"wp:attachment":[{"href":"https:\/\/tcf.gdu.edu.az\/index.php?rest_route=%2Fwp%2Fv2%2Fmedia&parent=246"}],"wp:term":[{"taxonomy":"category","embeddable":true,"href":"https:\/\/tcf.gdu.edu.az\/index.php?rest_route=%2Fwp%2Fv2%2Fcategories&post=246"},{"taxonomy":"post_tag","embeddable":true,"href":"https:\/\/tcf.gdu.edu.az\/index.php?rest_route=%2Fwp%2Fv2%2Ftags&post=246"}],"curies":[{"name":"wp","href":"https:\/\/api.w.org\/{rel}","templated":true}]}}