{"id":248,"date":"2016-03-24T19:48:32","date_gmt":"2016-03-24T17:48:32","guid":{"rendered":"http:\/\/tc.gdu.edu.az\/?page_id=248"},"modified":"2025-03-21T16:24:22","modified_gmt":"2025-03-21T14:24:22","slug":"cografiya-2","status":"publish","type":"page","link":"https:\/\/tcf.gdu.edu.az\/?page_id=248","title":{"rendered":"Co\u011frafiya"},"content":{"rendered":"<p style=\"text-align: center;\"><strong>CO\u011eRAF\u0130YA KAFEDRASI HAQQINDA<\/strong><\/p>\n<p style=\"text-align: center;\"><strong>\u00dcMUM\u0130 M\u018fLUMAT<\/strong><\/p>\n<p>Co\u011frafiya kafedras\u0131 1994-c\u00fc ilin iyun ay\u0131nda yarad\u0131lm\u0131\u015fd\u0131r.<\/p>\n<p>Kafedrada hal-haz\u0131rda 28 n\u0259f\u0259r f\u0259aliyy\u0259t g\u00f6st\u0259rir. Onlardan\u00a0 6 n\u0259f\u0259r dosent-kafedra m\u00fcdiri Yegan\u0259 D\u0259mir q\u0131z\u0131 \u018fliyeva, Nuriyev R\u0259\u015fad M\u0259mm\u0259d o\u011flu, K\u0259rimov Mahir Q\u0259\u015f\u0259m o\u011flu, \u018fhm\u0259dli Arif\u0259 Abbas\u0259li q\u0131z\u0131 v\u0259 Hac\u0131yeva N\u0259sib\u0259 Niyaz q\u0131z\u0131; 8 n\u0259f\u0259r ba\u015f m\u00fc\u0259llim \u2013 M\u0259mm\u0259dov Xudu B\u0259hman o\u011flu,\u00a0 \u0130sg\u0259nd\u0259rov Avtandil H\u0259s\u0259n o\u011flu, S\u00fcleymanova Mehriban Sar\u0131 q\u0131z\u0131, \u018fliyeva Ulduz N\u0259riman q\u0131z\u0131, X\u0259lilov Seymur \u018fjd\u0259r o\u011flu, Sad\u0131qov T\u0259v\u0259kk\u00fcl Tofiq o\u011flu, \u018flizad\u0259 Roza \u018fhm\u0259d\u0259li q\u0131z\u0131, \u0130smay\u0131lova L\u0259taf\u0259t H\u00fcs\u0259n q\u0131z\u0131, 1 n\u0259f\u0259r m\u00fc\u0259llim &#8211; \u00a0V\u0259liyeva G\u00fcnay Nazim q\u0131z\u0131 v\u0259 10 n\u0259f\u0259r t\u0259dris k\u00f6m\u0259k\u00e7i hey\u0259ti f\u0259aliyy\u0259t g\u00f6st\u0259rir.<\/p>\n","protected":false},"excerpt":{"rendered":"<p>CO\u011eRAF\u0130YA KAFEDRASI HAQQINDA \u00dcMUM\u0130 M\u018fLUMAT Co\u011frafiya kafedras\u0131 1994-c\u00fc ilin iyun ay\u0131nda yarad\u0131lm\u0131\u015fd\u0131r. Kafedrada hal-haz\u0131rda 28 n\u0259f\u0259r f\u0259aliyy\u0259t g\u00f6st\u0259rir. Onlardan\u00a0 6 n\u0259f\u0259r dosent-kafedra m\u00fcdiri Yegan\u0259 D\u0259mir q\u0131z\u0131 \u018fliyeva, Nuriyev R\u0259\u015fad M\u0259mm\u0259d o\u011flu, K\u0259rimov Mahir Q\u0259\u015f\u0259m o\u011flu, \u018fhm\u0259dli Arif\u0259 Abbas\u0259li q\u0131z\u0131 v\u0259 Hac\u0131yeva N\u0259sib\u0259 Niyaz q\u0131z\u0131; 8 n\u0259f\u0259r ba\u015f m\u00fc\u0259llim \u2013 M\u0259mm\u0259dov Xudu B\u0259hman o\u011flu,\u00a0 \u0130sg\u0259nd\u0259rov Avtandil [&hellip;]<\/p>\n","protected":false},"author":4,"featured_media":0,"parent":0,"menu_order":0,"comment_status":"closed","ping_status":"closed","template":"","meta":{"footnotes":""},"categories":[19],"tags":[],"class_list":["post-248","page","type-page","status-publish","hentry","category-cografiya"],"_links":{"self":[{"href":"https:\/\/tcf.gdu.edu.az\/index.php?rest_route=\/wp\/v2\/pages\/248","targetHints":{"allow":["GET"]}}],"collection":[{"href":"https:\/\/tcf.gdu.edu.az\/index.php?rest_route=\/wp\/v2\/pages"}],"about":[{"href":"https:\/\/tcf.gdu.edu.az\/index.php?rest_route=\/wp\/v2\/types\/page"}],"author":[{"embeddable":true,"href":"https:\/\/tcf.gdu.edu.az\/index.php?rest_route=\/wp\/v2\/users\/4"}],"replies":[{"embeddable":true,"href":"https:\/\/tcf.gdu.edu.az\/index.php?rest_route=%2Fwp%2Fv2%2Fcomments&post=248"}],"version-history":[{"count":4,"href":"https:\/\/tcf.gdu.edu.az\/index.php?rest_route=\/wp\/v2\/pages\/248\/revisions"}],"predecessor-version":[{"id":4005,"href":"https:\/\/tcf.gdu.edu.az\/index.php?rest_route=\/wp\/v2\/pages\/248\/revisions\/4005"}],"wp:attachment":[{"href":"https:\/\/tcf.gdu.edu.az\/index.php?rest_route=%2Fwp%2Fv2%2Fmedia&parent=248"}],"wp:term":[{"taxonomy":"category","embeddable":true,"href":"https:\/\/tcf.gdu.edu.az\/index.php?rest_route=%2Fwp%2Fv2%2Fcategories&post=248"},{"taxonomy":"post_tag","embeddable":true,"href":"https:\/\/tcf.gdu.edu.az\/index.php?rest_route=%2Fwp%2Fv2%2Ftags&post=248"}],"curies":[{"name":"wp","href":"https:\/\/api.w.org\/{rel}","templated":true}]}}