{"id":2970,"date":"2023-04-12T09:06:44","date_gmt":"2023-04-12T07:06:44","guid":{"rendered":"https:\/\/tcf.gdu.edu.az\/?page_id=2970"},"modified":"2023-04-12T09:06:50","modified_gmt":"2023-04-12T07:06:50","slug":"rzayeva-aytac-c%c9%99lal%c9%99ddin-qizi","status":"publish","type":"page","link":"https:\/\/tcf.gdu.edu.az\/?page_id=2970","title":{"rendered":"RZAYEVA AYTAC C\u018fLAL\u018fDD\u0130N QIZI"},"content":{"rendered":"\n<figure class=\"wp-block-image size-full\"><a href=\"https:\/\/tcf.gdu.edu.az\/wp-content\/uploads\/2023\/04\/Aytac-Rzayeva.jpg\"><img loading=\"lazy\" decoding=\"async\" width=\"260\" height=\"325\" src=\"https:\/\/tcf.gdu.edu.az\/wp-content\/uploads\/2023\/04\/Aytac-Rzayeva.jpg\" alt=\"\" class=\"wp-image-2971\" srcset=\"https:\/\/tcf.gdu.edu.az\/wp-content\/uploads\/2023\/04\/Aytac-Rzayeva.jpg 260w, https:\/\/tcf.gdu.edu.az\/wp-content\/uploads\/2023\/04\/Aytac-Rzayeva-240x300.jpg 240w\" sizes=\"auto, (max-width: 260px) 100vw, 260px\" \/><\/a><\/figure>\n\n\n\n<div class=\"wp-block-group has-black-color has-text-color\" style=\"font-size:14px\"><div class=\"wp-block-group__inner-container is-layout-constrained wp-block-group-is-layout-constrained\">\n<p>G\u0259nc\u0259 D\u00f6vl\u0259t Universitetin Sosial f\u0259nl\u0259r kafedras\u0131n\u0131n laborant\u0131<\/p>\n\n\n\n<p>QISA B\u0130OQRAF\u0130K M\u018fLUMAT<br>05.06.2000-ci ild\u0259 Da\u015fk\u0259s\u0259n \u015f\u0259h\u0259rind\u0259 anadan olmu\u015fdur.<\/p>\n\n\n\n<p>T\u018fHS\u0130L<\/p>\n\n\n\n<p>2017-2021-ci ill\u0259rd\u0259 G\u0259nc\u0259 D\u00f6vl\u0259t Universitetinin Tarix-Co\u011frafiya fak\u00fclt\u0259sinin Sosial i\u015f ixtisas\u0131n\u0131 bitirmi\u015fdir.<\/p>\n\n\n\n<p>\u018fM\u018fK F\u018fAL\u0130YY\u018fT\u0130<\/p>\n\n\n\n<p>04.07.2022-ci ild\u0259n G\u0259nc\u0259 D\u00f6vl\u0259t Universitetinin Sosial f\u0259nl\u0259r kafedras\u0131nda ki\u00e7ik laborant v\u0259zif\u0259sind\u0259 \u00e7al\u0131\u015f\u0131r.<\/p>\n<\/div><\/div>\n","protected":false},"excerpt":{"rendered":"<p>G\u0259nc\u0259 D\u00f6vl\u0259t Universitetin Sosial f\u0259nl\u0259r kafedras\u0131n\u0131n laborant\u0131 QISA B\u0130OQRAF\u0130K M\u018fLUMAT05.06.2000-ci ild\u0259 Da\u015fk\u0259s\u0259n \u015f\u0259h\u0259rind\u0259 anadan olmu\u015fdur. T\u018fHS\u0130L 2017-2021-ci ill\u0259rd\u0259 G\u0259nc\u0259 D\u00f6vl\u0259t Universitetinin Tarix-Co\u011frafiya fak\u00fclt\u0259sinin Sosial i\u015f ixtisas\u0131n\u0131 bitirmi\u015fdir. \u018fM\u018fK F\u018fAL\u0130YY\u018fT\u0130 04.07.2022-ci ild\u0259n G\u0259nc\u0259 D\u00f6vl\u0259t Universitetinin Sosial f\u0259nl\u0259r kafedras\u0131nda ki\u00e7ik laborant v\u0259zif\u0259sind\u0259 \u00e7al\u0131\u015f\u0131r.<\/p>\n","protected":false},"author":1,"featured_media":2971,"parent":0,"menu_order":0,"comment_status":"closed","ping_status":"closed","template":"","meta":{"footnotes":""},"categories":[37],"tags":[],"class_list":["post-2970","page","type-page","status-publish","has-post-thumbnail","hentry","category-sosial-fnnlr-kadrlar"],"_links":{"self":[{"href":"https:\/\/tcf.gdu.edu.az\/index.php?rest_route=\/wp\/v2\/pages\/2970","targetHints":{"allow":["GET"]}}],"collection":[{"href":"https:\/\/tcf.gdu.edu.az\/index.php?rest_route=\/wp\/v2\/pages"}],"about":[{"href":"https:\/\/tcf.gdu.edu.az\/index.php?rest_route=\/wp\/v2\/types\/page"}],"author":[{"embeddable":true,"href":"https:\/\/tcf.gdu.edu.az\/index.php?rest_route=\/wp\/v2\/users\/1"}],"replies":[{"embeddable":true,"href":"https:\/\/tcf.gdu.edu.az\/index.php?rest_route=%2Fwp%2Fv2%2Fcomments&post=2970"}],"version-history":[{"count":1,"href":"https:\/\/tcf.gdu.edu.az\/index.php?rest_route=\/wp\/v2\/pages\/2970\/revisions"}],"predecessor-version":[{"id":2972,"href":"https:\/\/tcf.gdu.edu.az\/index.php?rest_route=\/wp\/v2\/pages\/2970\/revisions\/2972"}],"wp:featuredmedia":[{"embeddable":true,"href":"https:\/\/tcf.gdu.edu.az\/index.php?rest_route=\/wp\/v2\/media\/2971"}],"wp:attachment":[{"href":"https:\/\/tcf.gdu.edu.az\/index.php?rest_route=%2Fwp%2Fv2%2Fmedia&parent=2970"}],"wp:term":[{"taxonomy":"category","embeddable":true,"href":"https:\/\/tcf.gdu.edu.az\/index.php?rest_route=%2Fwp%2Fv2%2Fcategories&post=2970"},{"taxonomy":"post_tag","embeddable":true,"href":"https:\/\/tcf.gdu.edu.az\/index.php?rest_route=%2Fwp%2Fv2%2Ftags&post=2970"}],"curies":[{"name":"wp","href":"https:\/\/api.w.org\/{rel}","templated":true}]}}