{"id":2973,"date":"2023-04-12T09:02:00","date_gmt":"2023-04-12T07:02:00","guid":{"rendered":"https:\/\/tcf.gdu.edu.az\/?page_id=2973"},"modified":"2023-04-12T09:09:15","modified_gmt":"2023-04-12T07:09:15","slug":"%c9%99l%c9%99kb%c9%99rova-ulviyy%c9%99-israfil-qizi","status":"publish","type":"page","link":"https:\/\/tcf.gdu.edu.az\/?page_id=2973","title":{"rendered":"\u018fL\u018fKB\u018fROVA \u00dcLV\u0130YY\u018f\u00a0 \u0130SRAF\u0130L QIZI"},"content":{"rendered":"\n<div class=\"wp-block-group has-black-color has-text-color\" style=\"font-size:14px\"><div class=\"wp-block-group__inner-container is-layout-constrained wp-block-group-is-layout-constrained\">\n<p>G\u0259nc\u0259 D\u00f6vl\u0259t Universitetinin ba\u015f laborant\u0131&nbsp;<\/p>\n\n\n\n<p><strong>QISA B\u0130OQRAF\u0130K M\u018fLUMAT<\/strong><\/p>\n\n\n\n<ul class=\"wp-block-list\">\n<li>20.02.1985 ci ild\u0259 G\u0259nc\u0259 \u015f\u0259h\u0259rind\u0259 anadan olmu\u015fdur.<\/li>\n<\/ul>\n\n\n\n<p><strong>T\u018fHS\u0130L D\u018fR\u018fC\u018fS\u0130<\/strong><\/p>\n\n\n\n<ul class=\"wp-block-list\">\n<li>2003-2007 Az\u0259rbaycan Texnologiya Universiteti Qida m\u0259hsullar\u0131 Texnologiyas\u0131 ixtisas\u0131n\u0131 f\u0259rql\u0259nm\u0259 il\u0259 bitirmi\u015fdir.<\/li>\n\n\n\n<li>2010-2015-ci ild\u0259 G\u0259nc\u0259 D\u00f6vl\u0259t Universitetinin Tarix m\u00fc\u0259llimliyi ixtisas\u0131n\u0131 f\u0259rql\u0259nm\u0259 il\u0259 bitirmi\u015fdir.<\/li>\n<\/ul>\n\n\n\n<p><strong>\u018fM\u018fK F\u018fAL\u0130YY\u018fT\u0130<\/strong><\/p>\n\n\n\n<ul class=\"wp-block-list\">\n<li>2008-ci ild\u0259 Tarix Co\u011frafiya fak\u00fclt\u0259sinin 2015-ci il\u0259 kimi operatoru 2015-ci ild\u0259 G\u0259nc\u0259 D\u00f6vl\u0259t Universitetinin Qad\u0131nlar \u015furas\u0131n\u0131n m\u00fcavini v\u0259zif\u0259sind\u0259 \u00e7al\u0131\u015fm\u0131\u015fd\u0131r.<\/li>\n\n\n\n<li>2015-ci ild\u0259n kimi Sosial f\u0259nl\u0259r kafedras\u0131n\u0131n ba\u015f laborant\u0131 v\u0259zif\u0259sind\u0259 \u00e7al\u0131\u015f\u0131r.<\/li>\n\n\n\n<li>6-a F\u0259xri F\u0259rman 8-\u0259 yax\u0131n \u0259m\u0259k f\u0259liyy\u0259tin\u0259 g\u00f6r\u0259 mukafata layiq g\u00f6r\u00fclm\u00fc\u015fd\u00fcr.<\/li>\n\n\n\n<li>2018-ci ild\u0259 Universitetin 80 illik yubileyi m\u00fcnasib\u0259til\u0259 m\u00fckafata layiq g\u00f6r\u00fclm\u00fc\u015fd\u00fcr.<\/li>\n<\/ul>\n<\/div><\/div>\n\n\n\n<p><\/p>\n","protected":false},"excerpt":{"rendered":"<p>G\u0259nc\u0259 D\u00f6vl\u0259t Universitetinin ba\u015f laborant\u0131&nbsp; QISA B\u0130OQRAF\u0130K M\u018fLUMAT T\u018fHS\u0130L D\u018fR\u018fC\u018fS\u0130 \u018fM\u018fK F\u018fAL\u0130YY\u018fT\u0130<\/p>\n","protected":false},"author":1,"featured_media":0,"parent":0,"menu_order":0,"comment_status":"closed","ping_status":"closed","template":"","meta":{"footnotes":""},"categories":[37],"tags":[],"class_list":["post-2973","page","type-page","status-publish","hentry","category-sosial-fnnlr-kadrlar"],"_links":{"self":[{"href":"https:\/\/tcf.gdu.edu.az\/index.php?rest_route=\/wp\/v2\/pages\/2973","targetHints":{"allow":["GET"]}}],"collection":[{"href":"https:\/\/tcf.gdu.edu.az\/index.php?rest_route=\/wp\/v2\/pages"}],"about":[{"href":"https:\/\/tcf.gdu.edu.az\/index.php?rest_route=\/wp\/v2\/types\/page"}],"author":[{"embeddable":true,"href":"https:\/\/tcf.gdu.edu.az\/index.php?rest_route=\/wp\/v2\/users\/1"}],"replies":[{"embeddable":true,"href":"https:\/\/tcf.gdu.edu.az\/index.php?rest_route=%2Fwp%2Fv2%2Fcomments&post=2973"}],"version-history":[{"count":1,"href":"https:\/\/tcf.gdu.edu.az\/index.php?rest_route=\/wp\/v2\/pages\/2973\/revisions"}],"predecessor-version":[{"id":2974,"href":"https:\/\/tcf.gdu.edu.az\/index.php?rest_route=\/wp\/v2\/pages\/2973\/revisions\/2974"}],"wp:attachment":[{"href":"https:\/\/tcf.gdu.edu.az\/index.php?rest_route=%2Fwp%2Fv2%2Fmedia&parent=2973"}],"wp:term":[{"taxonomy":"category","embeddable":true,"href":"https:\/\/tcf.gdu.edu.az\/index.php?rest_route=%2Fwp%2Fv2%2Fcategories&post=2973"},{"taxonomy":"post_tag","embeddable":true,"href":"https:\/\/tcf.gdu.edu.az\/index.php?rest_route=%2Fwp%2Fv2%2Ftags&post=2973"}],"curies":[{"name":"wp","href":"https:\/\/api.w.org\/{rel}","templated":true}]}}