{"id":2975,"date":"2023-04-12T09:12:51","date_gmt":"2023-04-12T07:12:51","guid":{"rendered":"https:\/\/tcf.gdu.edu.az\/?page_id=2975"},"modified":"2023-04-12T09:12:58","modified_gmt":"2023-04-12T07:12:58","slug":"x%c9%99lilova-gulaf%c9%99t-faxr%c9%99ddin-qizi","status":"publish","type":"page","link":"https:\/\/tcf.gdu.edu.az\/?page_id=2975","title":{"rendered":"X\u018fL\u0130LOVA G\u00dcLAF\u018fT\u00a0 FAXR\u018fDD\u0130N QIZI"},"content":{"rendered":"\n<div class=\"wp-block-group has-black-color has-text-color\" style=\"font-size:14px\"><div class=\"wp-block-group__inner-container is-layout-constrained wp-block-group-is-layout-constrained\">\n<figure class=\"wp-block-image size-full\"><a href=\"https:\/\/tcf.gdu.edu.az\/wp-content\/uploads\/2023\/04\/Xalilova-Gulafat.jpg\"><img loading=\"lazy\" decoding=\"async\" width=\"260\" height=\"325\" src=\"https:\/\/tcf.gdu.edu.az\/wp-content\/uploads\/2023\/04\/Xalilova-Gulafat.jpg\" alt=\"\" class=\"wp-image-2976\" srcset=\"https:\/\/tcf.gdu.edu.az\/wp-content\/uploads\/2023\/04\/Xalilova-Gulafat.jpg 260w, https:\/\/tcf.gdu.edu.az\/wp-content\/uploads\/2023\/04\/Xalilova-Gulafat-240x300.jpg 240w\" sizes=\"auto, (max-width: 260px) 100vw, 260px\" \/><\/a><\/figure>\n\n\n\n<p>G\u0259nc\u0259 D\u00f6vl\u0259t Universitetin Sosial f\u0259nl\u0259r kafedras\u0131n\u0131n b\u00f6y\u00fck laborant\u0131<\/p>\n\n\n\n<p><strong>QISA B\u0130OQRAF\u0130K M\u018fLUMAT<\/strong><\/p>\n\n\n\n<p>19.07.1972- ci ild\u0259 G\u0259nc\u0259 \u015f\u0259h\u0259rind\u0259 anadan olmu\u015fdur.<\/p>\n\n\n\n<p><strong>T\u018fHS\u0130L&nbsp;<\/strong><\/p>\n\n\n\n<p>1989-1993-c\u00fc ill\u0259rd\u0259 H\u0259s\u0259n b\u0259y Z\u0259rdabi ad\u0131na &nbsp;Kirovabad &nbsp;D\u00f6vl\u0259t Pedoqoji \u0130nstitutunu ( indiki G\u0259nc\u0259 D\u00f6vl\u0259t Universiteti) bitirmi\u015fdir.<\/p>\n\n\n\n<p><strong>\u018fM\u018fK&nbsp; F\u018fAL\u0130YY\u018fT\u0130<\/strong><\/p>\n\n\n\n<p>2004 &#8211; ci ild\u0259 G\u0259nc\u0259 D\u00f6vl\u0259t Universitetinin Sosial F\u0259nl\u0259r kafedras\u0131nda ba\u015f laborant kimi \u0259m\u0259k f\u0259aliyy\u0259tin\u0259 ba\u015flam\u0131\u015fd\u0131r. Hal -haz\u0131rda da h\u0259min kafedrada ba\u015f laborant v\u0259zif\u0259sind\u0259 \u00e7al\u0131\u015f\u0131r.<\/p>\n\n\n\n<ul class=\"wp-block-list\">\n<li>&nbsp;\u201c8 mart Beyn\u0259lxalq Qad\u0131nlar g\u00fcn\u00fc\u201d m\u00fcnasib\u0259t il\u0259 G\u0259nc\u0259 D\u00f6vl\u0259t&nbsp; Universitetinin rektoru t\u0259r\u0259find\u0259n 2013-c\u00fc ild\u0259 F\u0259xri F\u0259rman il\u0259 t\u0259ltif olunmu\u015fdur.<\/li>\n\n\n\n<li>04-10 may 2022-ci il\u00a0tarixl\u0259rind\u0259 \u201cMaliyy\u0259 savadl\u0131l\u0131\u011f\u0131\u201d m\u00f6vzular\u0131 \u00fczr\u0259 vebinarlarda i\u015ftirak\u0131na g\u00f6r\u0259 M\u0259rk\u0259zi Bank t\u0259r\u0259find\u0259n Sertifikat alm\u0131\u015fd\u0131r.<\/li>\n<\/ul>\n<\/div><\/div>\n","protected":false},"excerpt":{"rendered":"<p>G\u0259nc\u0259 D\u00f6vl\u0259t Universitetin Sosial f\u0259nl\u0259r kafedras\u0131n\u0131n b\u00f6y\u00fck laborant\u0131 QISA B\u0130OQRAF\u0130K M\u018fLUMAT 19.07.1972- ci ild\u0259 G\u0259nc\u0259 \u015f\u0259h\u0259rind\u0259 anadan olmu\u015fdur. T\u018fHS\u0130L&nbsp; 1989-1993-c\u00fc ill\u0259rd\u0259 H\u0259s\u0259n b\u0259y Z\u0259rdabi ad\u0131na &nbsp;Kirovabad &nbsp;D\u00f6vl\u0259t Pedoqoji \u0130nstitutunu ( indiki G\u0259nc\u0259 D\u00f6vl\u0259t Universiteti) bitirmi\u015fdir. \u018fM\u018fK&nbsp; F\u018fAL\u0130YY\u018fT\u0130 2004 &#8211; ci ild\u0259 G\u0259nc\u0259 D\u00f6vl\u0259t Universitetinin Sosial F\u0259nl\u0259r kafedras\u0131nda ba\u015f laborant kimi \u0259m\u0259k f\u0259aliyy\u0259tin\u0259 ba\u015flam\u0131\u015fd\u0131r. Hal -haz\u0131rda [&hellip;]<\/p>\n","protected":false},"author":1,"featured_media":2976,"parent":0,"menu_order":0,"comment_status":"closed","ping_status":"closed","template":"","meta":{"footnotes":""},"categories":[37],"tags":[],"class_list":["post-2975","page","type-page","status-publish","has-post-thumbnail","hentry","category-sosial-fnnlr-kadrlar"],"_links":{"self":[{"href":"https:\/\/tcf.gdu.edu.az\/index.php?rest_route=\/wp\/v2\/pages\/2975","targetHints":{"allow":["GET"]}}],"collection":[{"href":"https:\/\/tcf.gdu.edu.az\/index.php?rest_route=\/wp\/v2\/pages"}],"about":[{"href":"https:\/\/tcf.gdu.edu.az\/index.php?rest_route=\/wp\/v2\/types\/page"}],"author":[{"embeddable":true,"href":"https:\/\/tcf.gdu.edu.az\/index.php?rest_route=\/wp\/v2\/users\/1"}],"replies":[{"embeddable":true,"href":"https:\/\/tcf.gdu.edu.az\/index.php?rest_route=%2Fwp%2Fv2%2Fcomments&post=2975"}],"version-history":[{"count":1,"href":"https:\/\/tcf.gdu.edu.az\/index.php?rest_route=\/wp\/v2\/pages\/2975\/revisions"}],"predecessor-version":[{"id":2977,"href":"https:\/\/tcf.gdu.edu.az\/index.php?rest_route=\/wp\/v2\/pages\/2975\/revisions\/2977"}],"wp:featuredmedia":[{"embeddable":true,"href":"https:\/\/tcf.gdu.edu.az\/index.php?rest_route=\/wp\/v2\/media\/2976"}],"wp:attachment":[{"href":"https:\/\/tcf.gdu.edu.az\/index.php?rest_route=%2Fwp%2Fv2%2Fmedia&parent=2975"}],"wp:term":[{"taxonomy":"category","embeddable":true,"href":"https:\/\/tcf.gdu.edu.az\/index.php?rest_route=%2Fwp%2Fv2%2Fcategories&post=2975"},{"taxonomy":"post_tag","embeddable":true,"href":"https:\/\/tcf.gdu.edu.az\/index.php?rest_route=%2Fwp%2Fv2%2Ftags&post=2975"}],"curies":[{"name":"wp","href":"https:\/\/api.w.org\/{rel}","templated":true}]}}