{"id":2978,"date":"2023-04-12T09:17:06","date_gmt":"2023-04-12T07:17:06","guid":{"rendered":"https:\/\/tcf.gdu.edu.az\/?page_id=2978"},"modified":"2023-04-12T09:17:14","modified_gmt":"2023-04-12T07:17:14","slug":"h%c9%99s%c9%99nova-ruhim%c9%99-arif-qizi","status":"publish","type":"page","link":"https:\/\/tcf.gdu.edu.az\/?page_id=2978","title":{"rendered":"H\u018fS\u018fNOVA RUH\u0130M\u018f AR\u0130F QIZI"},"content":{"rendered":"\n<figure class=\"wp-block-image size-full\"><a href=\"https:\/\/tcf.gdu.edu.az\/wp-content\/uploads\/2023\/04\/Ruhima-Hasanova.jpg\"><img loading=\"lazy\" decoding=\"async\" width=\"260\" height=\"346\" src=\"https:\/\/tcf.gdu.edu.az\/wp-content\/uploads\/2023\/04\/Ruhima-Hasanova.jpg\" alt=\"\" class=\"wp-image-2979\" srcset=\"https:\/\/tcf.gdu.edu.az\/wp-content\/uploads\/2023\/04\/Ruhima-Hasanova.jpg 260w, https:\/\/tcf.gdu.edu.az\/wp-content\/uploads\/2023\/04\/Ruhima-Hasanova-225x300.jpg 225w\" sizes=\"auto, (max-width: 260px) 100vw, 260px\" \/><\/a><\/figure>\n\n\n\n<div class=\"wp-block-group has-black-color has-text-color\" style=\"font-size:14px\"><div class=\"wp-block-group__inner-container is-layout-constrained wp-block-group-is-layout-constrained\">\n<p>G\u0259nc\u0259 D\u00f6vl\u0259t Universitetin Sosial f\u0259nl\u0259r kafedras\u0131n\u0131n b\u00f6y\u00fck laborant\u0131<\/p>\n\n\n\n<p><strong>QISA B\u0130OQRAF\u0130K M\u018fLUMAT<\/strong><\/p>\n\n\n\n<p>18.07.1972 &#8211; ci ild\u0259 G\u0259nc\u0259 &nbsp;\u015f\u0259h\u0259rind\u0259 anadan olmu\u015fdur.<\/p>\n\n\n\n<p><strong>T\u018fHS\u0130L&nbsp;<\/strong><\/p>\n\n\n\n<p>&nbsp;1989\u20131993-c\u00fc ill\u0259rd\u0259 H\u0259s\u0259n&nbsp; b\u0259y Z\u0259rdabi ad\u0131na Kirovabad D\u00f6vl\u0259t \u0130nstitutunu ( indiki&nbsp; G\u0259nc\u0259 D\u00f6vl\u0259t Universiteti) bitirmi\u015fdir.<\/p>\n\n\n\n<p><strong>\u018fM\u018fK&nbsp; F\u018fAL\u0130YY\u018fT\u0130<\/strong><\/p>\n\n\n\n<p>1996 &#8211; ci ild\u0259 h\u0259min \u0130nstitutun F\u0259ls\u0259f\u0259 kafedras\u0131nda (indiki sosial F\u0259nl\u0259r kafedras\u0131) laborant v\u0259zif\u0259sind\u0259 \u00e7al\u0131\u015fm\u0131\u015fd\u0131r. Hal \u2013haz\u0131rda da h\u0259min kafedrada ba\u015f laborant v\u0259zif\u0259sind\u0259 \u00e7al\u0131\u015f\u0131r.<\/p>\n\n\n\n<p>04-10 may 2022-ci il tarixl\u0259rind\u0259 \u201cMaliyy\u0259 savadl\u0131l\u0131\u011f\u0131\u201d m\u00f6vzular\u0131 \u00fczr\u0259 vebinarlarda i\u015ftirak\u0131na g\u00f6r\u0259 M\u0259rk\u0259zi Bank t\u0259r\u0259find\u0259n Sertifikat alm\u0131\u015fd\u0131r.<\/p>\n<\/div><\/div>\n","protected":false},"excerpt":{"rendered":"<p>G\u0259nc\u0259 D\u00f6vl\u0259t Universitetin Sosial f\u0259nl\u0259r kafedras\u0131n\u0131n b\u00f6y\u00fck laborant\u0131 QISA B\u0130OQRAF\u0130K M\u018fLUMAT 18.07.1972 &#8211; ci ild\u0259 G\u0259nc\u0259 &nbsp;\u015f\u0259h\u0259rind\u0259 anadan olmu\u015fdur. T\u018fHS\u0130L&nbsp; &nbsp;1989\u20131993-c\u00fc ill\u0259rd\u0259 H\u0259s\u0259n&nbsp; b\u0259y Z\u0259rdabi ad\u0131na Kirovabad D\u00f6vl\u0259t \u0130nstitutunu ( indiki&nbsp; G\u0259nc\u0259 D\u00f6vl\u0259t Universiteti) bitirmi\u015fdir. \u018fM\u018fK&nbsp; F\u018fAL\u0130YY\u018fT\u0130 1996 &#8211; ci ild\u0259 h\u0259min \u0130nstitutun F\u0259ls\u0259f\u0259 kafedras\u0131nda (indiki sosial F\u0259nl\u0259r kafedras\u0131) laborant v\u0259zif\u0259sind\u0259 \u00e7al\u0131\u015fm\u0131\u015fd\u0131r. Hal \u2013haz\u0131rda da [&hellip;]<\/p>\n","protected":false},"author":1,"featured_media":2979,"parent":0,"menu_order":0,"comment_status":"closed","ping_status":"closed","template":"","meta":{"footnotes":""},"categories":[37],"tags":[],"class_list":["post-2978","page","type-page","status-publish","has-post-thumbnail","hentry","category-sosial-fnnlr-kadrlar"],"_links":{"self":[{"href":"https:\/\/tcf.gdu.edu.az\/index.php?rest_route=\/wp\/v2\/pages\/2978","targetHints":{"allow":["GET"]}}],"collection":[{"href":"https:\/\/tcf.gdu.edu.az\/index.php?rest_route=\/wp\/v2\/pages"}],"about":[{"href":"https:\/\/tcf.gdu.edu.az\/index.php?rest_route=\/wp\/v2\/types\/page"}],"author":[{"embeddable":true,"href":"https:\/\/tcf.gdu.edu.az\/index.php?rest_route=\/wp\/v2\/users\/1"}],"replies":[{"embeddable":true,"href":"https:\/\/tcf.gdu.edu.az\/index.php?rest_route=%2Fwp%2Fv2%2Fcomments&post=2978"}],"version-history":[{"count":1,"href":"https:\/\/tcf.gdu.edu.az\/index.php?rest_route=\/wp\/v2\/pages\/2978\/revisions"}],"predecessor-version":[{"id":2980,"href":"https:\/\/tcf.gdu.edu.az\/index.php?rest_route=\/wp\/v2\/pages\/2978\/revisions\/2980"}],"wp:featuredmedia":[{"embeddable":true,"href":"https:\/\/tcf.gdu.edu.az\/index.php?rest_route=\/wp\/v2\/media\/2979"}],"wp:attachment":[{"href":"https:\/\/tcf.gdu.edu.az\/index.php?rest_route=%2Fwp%2Fv2%2Fmedia&parent=2978"}],"wp:term":[{"taxonomy":"category","embeddable":true,"href":"https:\/\/tcf.gdu.edu.az\/index.php?rest_route=%2Fwp%2Fv2%2Fcategories&post=2978"},{"taxonomy":"post_tag","embeddable":true,"href":"https:\/\/tcf.gdu.edu.az\/index.php?rest_route=%2Fwp%2Fv2%2Ftags&post=2978"}],"curies":[{"name":"wp","href":"https:\/\/api.w.org\/{rel}","templated":true}]}}