{"id":2988,"date":"2023-04-12T09:34:23","date_gmt":"2023-04-12T07:34:23","guid":{"rendered":"https:\/\/tcf.gdu.edu.az\/?page_id=2988"},"modified":"2023-04-12T09:34:31","modified_gmt":"2023-04-12T07:34:31","slug":"mustafayev-nof%c9%99l-qara-oglu","status":"publish","type":"page","link":"https:\/\/tcf.gdu.edu.az\/?page_id=2988","title":{"rendered":"MUSTAFAYEV NOF\u018fL QARA O\u011eLU"},"content":{"rendered":"\n<figure class=\"wp-block-image size-full\"><a href=\"https:\/\/tcf.gdu.edu.az\/wp-content\/uploads\/2023\/04\/Nofal-Mustafayev.jpg\"><img loading=\"lazy\" decoding=\"async\" width=\"260\" height=\"345\" src=\"https:\/\/tcf.gdu.edu.az\/wp-content\/uploads\/2023\/04\/Nofal-Mustafayev.jpg\" alt=\"\" class=\"wp-image-2989\" srcset=\"https:\/\/tcf.gdu.edu.az\/wp-content\/uploads\/2023\/04\/Nofal-Mustafayev.jpg 260w, https:\/\/tcf.gdu.edu.az\/wp-content\/uploads\/2023\/04\/Nofal-Mustafayev-226x300.jpg 226w\" sizes=\"auto, (max-width: 260px) 100vw, 260px\" \/><\/a><\/figure>\n\n\n\n<div class=\"wp-block-group has-black-color has-text-color\" style=\"font-size:14px\"><div class=\"wp-block-group__inner-container is-layout-constrained wp-block-group-is-layout-constrained\">\n<p>G\u0259nc\u0259 D\u00f6vl\u0259t Universitetinin Sosial f\u0259nl\u0259r kafedras\u0131n\u0131n m\u00fc\u0259llimi<\/p>\n\n\n\n<p>Tel : (055) 303-45-74<\/p>\n\n\n\n<p>E-mail: nofelmustafayev72@mail.ru<\/p>\n\n\n\n<p><strong>QISA B\u0130OQRAF\u0130K M\u018fLUMAT<\/strong><\/p>\n\n\n\n<ul class=\"wp-block-list\">\n<li>16.06.1972-ci ild\u0259 Samux rayon Q\u0131rm\u0131z\u0131 Samux k\u0259ndind\u0259 anadan olmu\u015fdur.<\/li>\n<\/ul>\n\n\n\n<p><strong>T\u018fHS\u0130L&nbsp; V\u018f ELM\u0130&nbsp; D\u018fR\u018fC\u018f V\u018f ELM\u0130 ADLARI<\/strong><\/p>\n\n\n\n<ul class=\"wp-block-list\">\n<li>1989-1994-c\u00fc ill\u0259rd\u0259 Bak\u0131 D\u00f6vl\u0259t Universitetinin H\u00fcquq fak\u00fclt\u0259sind\u0259 t\u0259hsil alm\u0131\u015fd\u0131r.<\/li>\n<\/ul>\n\n\n\n<p><strong>\u018fM\u018fK&nbsp; F\u018fAL\u0130YY\u018fT\u0130<\/strong><\/p>\n\n\n\n<ul class=\"wp-block-list\">\n<li>25.021998-ci ild\u0259n 04.11.2010-cu il\u0259d\u0259k&nbsp; D\u0130O sistemind\u0259 m\u00fcst\u0259ntiq, t\u0259hqiqat\u00e7\u0131,&nbsp; ba\u015f t\u0259hqiqat\u00e7\u0131 v\u0259 G\u0259nc\u0259 \u015eP\u0130-si t\u0259\u015fkilati-inspektor b\u00f6lm\u0259sinin r\u0259isi kimi xidm\u0259t etmi\u015fdir.<\/li>\n\n\n\n<li>26.10.2010-cu ild\u0259n 30.06.2022-ci il tarix\u0259d\u0259k Tovuz Rayon M\u0259hk\u0259m\u0259sinin hakimi olmu\u015fdur.<\/li>\n\n\n\n<li>19.09.2022-ci il tarixd\u0259n G\u0259nc\u0259 D\u00f6vl\u0259t Universitetinin Sosial f\u0259nl\u0259r kafedras\u0131n\u0131n m\u00fc\u0259llimidir.<strong><\/strong><\/li>\n<\/ul>\n<\/div><\/div>\n","protected":false},"excerpt":{"rendered":"<p>G\u0259nc\u0259 D\u00f6vl\u0259t Universitetinin Sosial f\u0259nl\u0259r kafedras\u0131n\u0131n m\u00fc\u0259llimi Tel : (055) 303-45-74 E-mail: nofelmustafayev72@mail.ru QISA B\u0130OQRAF\u0130K M\u018fLUMAT T\u018fHS\u0130L&nbsp; V\u018f ELM\u0130&nbsp; D\u018fR\u018fC\u018f V\u018f ELM\u0130 ADLARI \u018fM\u018fK&nbsp; F\u018fAL\u0130YY\u018fT\u0130<\/p>\n","protected":false},"author":1,"featured_media":2989,"parent":0,"menu_order":0,"comment_status":"closed","ping_status":"closed","template":"","meta":{"footnotes":""},"categories":[37],"tags":[],"class_list":["post-2988","page","type-page","status-publish","has-post-thumbnail","hentry","category-sosial-fnnlr-kadrlar"],"_links":{"self":[{"href":"https:\/\/tcf.gdu.edu.az\/index.php?rest_route=\/wp\/v2\/pages\/2988","targetHints":{"allow":["GET"]}}],"collection":[{"href":"https:\/\/tcf.gdu.edu.az\/index.php?rest_route=\/wp\/v2\/pages"}],"about":[{"href":"https:\/\/tcf.gdu.edu.az\/index.php?rest_route=\/wp\/v2\/types\/page"}],"author":[{"embeddable":true,"href":"https:\/\/tcf.gdu.edu.az\/index.php?rest_route=\/wp\/v2\/users\/1"}],"replies":[{"embeddable":true,"href":"https:\/\/tcf.gdu.edu.az\/index.php?rest_route=%2Fwp%2Fv2%2Fcomments&post=2988"}],"version-history":[{"count":1,"href":"https:\/\/tcf.gdu.edu.az\/index.php?rest_route=\/wp\/v2\/pages\/2988\/revisions"}],"predecessor-version":[{"id":2990,"href":"https:\/\/tcf.gdu.edu.az\/index.php?rest_route=\/wp\/v2\/pages\/2988\/revisions\/2990"}],"wp:featuredmedia":[{"embeddable":true,"href":"https:\/\/tcf.gdu.edu.az\/index.php?rest_route=\/wp\/v2\/media\/2989"}],"wp:attachment":[{"href":"https:\/\/tcf.gdu.edu.az\/index.php?rest_route=%2Fwp%2Fv2%2Fmedia&parent=2988"}],"wp:term":[{"taxonomy":"category","embeddable":true,"href":"https:\/\/tcf.gdu.edu.az\/index.php?rest_route=%2Fwp%2Fv2%2Fcategories&post=2988"},{"taxonomy":"post_tag","embeddable":true,"href":"https:\/\/tcf.gdu.edu.az\/index.php?rest_route=%2Fwp%2Fv2%2Ftags&post=2988"}],"curies":[{"name":"wp","href":"https:\/\/api.w.org\/{rel}","templated":true}]}}