{"id":2994,"date":"2023-04-12T09:40:45","date_gmt":"2023-04-12T07:40:45","guid":{"rendered":"https:\/\/tcf.gdu.edu.az\/?page_id=2994"},"modified":"2023-04-12T09:40:53","modified_gmt":"2023-04-12T07:40:53","slug":"babayeva-guls%c9%99n-ziya-qizi","status":"publish","type":"page","link":"https:\/\/tcf.gdu.edu.az\/?page_id=2994","title":{"rendered":"BABAYEVA G\u00dcL\u015e\u018fN Z\u0130YA QIZI"},"content":{"rendered":"\n<figure class=\"wp-block-image size-full\"><a href=\"https:\/\/tcf.gdu.edu.az\/wp-content\/uploads\/2023\/04\/Gulshan-Babayeva.jpg\"><img loading=\"lazy\" decoding=\"async\" width=\"260\" height=\"347\" src=\"https:\/\/tcf.gdu.edu.az\/wp-content\/uploads\/2023\/04\/Gulshan-Babayeva.jpg\" alt=\"\" class=\"wp-image-2995\" srcset=\"https:\/\/tcf.gdu.edu.az\/wp-content\/uploads\/2023\/04\/Gulshan-Babayeva.jpg 260w, https:\/\/tcf.gdu.edu.az\/wp-content\/uploads\/2023\/04\/Gulshan-Babayeva-225x300.jpg 225w\" sizes=\"auto, (max-width: 260px) 100vw, 260px\" \/><\/a><\/figure>\n\n\n\n<div class=\"wp-block-group has-black-color has-text-color\" style=\"font-size:14px\"><div class=\"wp-block-group__inner-container is-layout-constrained wp-block-group-is-layout-constrained\">\n<p>G\u0259nc\u0259 D\u00f6vl\u0259t Universitetin Sosial f\u0259nl\u0259r kafedras\u0131n\u0131n\u00a0 m\u00fc\u0259llimi<\/p>\n\n\n\n<p>Tel : 055&nbsp;501-73-35<\/p>\n\n\n\n<p>E-mail:&nbsp; e_durustkari@mail.ru<\/p>\n\n\n\n<p><strong>QISA B\u0130OQRAF\u0130K M\u018fLUMAT<\/strong><\/p>\n\n\n\n<ul class=\"wp-block-list\">\n<li>19.03.1986-c\u0131 ild\u0259 G\u0259nc\u0259 \u015f\u0259h\u0259rind\u0259&nbsp; anadan olmu\u015fdur.<\/li>\n<\/ul>\n\n\n\n<p><strong>T\u018fHS\u0130L&nbsp; V\u018f ELM\u0130&nbsp; D\u018fR\u018fC\u018f V\u018f ELM\u0130 ADLARI<\/strong><\/p>\n\n\n\n<ul class=\"wp-block-list\">\n<li>2002-2006-ci ill\u0259rd\u0259 Bak\u0131 D\u00f6vl\u0259t Universitetinin&nbsp; Jurnalistika fakult\u0259sind\u0259 t\u0259hsil alm\u0131\u015fd\u0131r.<\/li>\n\n\n\n<li>2006-2009-cu ill\u0259rd\u0259 Bak\u0131 D\u00f6vl\u0259t Universitetinin Jurnalistika fakult\u0259sind\u0259 magistr pill\u0259sind\u0259 t\u0259hsil alm\u0131\u015fd\u0131r.<\/li>\n\n\n\n<li>2021-ci ild\u0259 GDU-nun Sosial f\u0259nl\u0259r kafedras\u0131n\u0131n \u201cSiyasi n\u0259z\u0259riyy\u0259&#8221;&nbsp; ixtisas\u0131 \u00fczr\u0259 dissertant\u0131d\u0131r.<\/li>\n<\/ul>\n\n\n\n<p><strong>\u018fM\u018fK&nbsp; F\u018fAL\u0130YY\u018fT\u0130<\/strong><\/p>\n\n\n\n<ul class=\"wp-block-list\">\n<li>2006-2015-ci ill\u0259rd\u0259 Turanbank ASC-nin G\u0259nc\u0259 filial\u0131nda n\u0259zar\u0259t b\u00f6lm\u0259sinin r\u0259hb\u0259ri v\u0259zif\u0259sind\u0259 \u00e7al\u0131\u015fm\u0131\u015fd\u0131r.<\/li>\n\n\n\n<li>2020-ci ild\u0259n G\u0259nc\u0259 D\u00f6vl\u0259t Universitetinin Sosial f\u0259nl\u0259r kafedras\u0131nda m\u00fc\u0259llim v\u0259zif\u0259sind\u0259 \u00e7al\u0131\u015f\u0131r.<\/li>\n\n\n\n<li>Bakalavr pill\u0259sind\u0259 Sosial i\u015f t\u0259cr\u00fcb\u0259sind\u0259 etik prinsipl\u0259r, u\u015faq v\u0259 yeniyetm\u0259l\u0259rl\u0259 sosial i\u015f, Multikulturalizm, Politologiya f\u0259nl\u0259rini apar\u0131r.<\/li>\n<\/ul>\n<\/div><\/div>\n","protected":false},"excerpt":{"rendered":"<p>G\u0259nc\u0259 D\u00f6vl\u0259t Universitetin Sosial f\u0259nl\u0259r kafedras\u0131n\u0131n\u00a0 m\u00fc\u0259llimi Tel : 055&nbsp;501-73-35 E-mail:&nbsp; e_durustkari@mail.ru QISA B\u0130OQRAF\u0130K M\u018fLUMAT T\u018fHS\u0130L&nbsp; V\u018f ELM\u0130&nbsp; D\u018fR\u018fC\u018f V\u018f ELM\u0130 ADLARI \u018fM\u018fK&nbsp; F\u018fAL\u0130YY\u018fT\u0130<\/p>\n","protected":false},"author":1,"featured_media":2995,"parent":0,"menu_order":0,"comment_status":"closed","ping_status":"closed","template":"","meta":{"footnotes":""},"categories":[37],"tags":[],"class_list":["post-2994","page","type-page","status-publish","has-post-thumbnail","hentry","category-sosial-fnnlr-kadrlar"],"_links":{"self":[{"href":"https:\/\/tcf.gdu.edu.az\/index.php?rest_route=\/wp\/v2\/pages\/2994","targetHints":{"allow":["GET"]}}],"collection":[{"href":"https:\/\/tcf.gdu.edu.az\/index.php?rest_route=\/wp\/v2\/pages"}],"about":[{"href":"https:\/\/tcf.gdu.edu.az\/index.php?rest_route=\/wp\/v2\/types\/page"}],"author":[{"embeddable":true,"href":"https:\/\/tcf.gdu.edu.az\/index.php?rest_route=\/wp\/v2\/users\/1"}],"replies":[{"embeddable":true,"href":"https:\/\/tcf.gdu.edu.az\/index.php?rest_route=%2Fwp%2Fv2%2Fcomments&post=2994"}],"version-history":[{"count":1,"href":"https:\/\/tcf.gdu.edu.az\/index.php?rest_route=\/wp\/v2\/pages\/2994\/revisions"}],"predecessor-version":[{"id":2996,"href":"https:\/\/tcf.gdu.edu.az\/index.php?rest_route=\/wp\/v2\/pages\/2994\/revisions\/2996"}],"wp:featuredmedia":[{"embeddable":true,"href":"https:\/\/tcf.gdu.edu.az\/index.php?rest_route=\/wp\/v2\/media\/2995"}],"wp:attachment":[{"href":"https:\/\/tcf.gdu.edu.az\/index.php?rest_route=%2Fwp%2Fv2%2Fmedia&parent=2994"}],"wp:term":[{"taxonomy":"category","embeddable":true,"href":"https:\/\/tcf.gdu.edu.az\/index.php?rest_route=%2Fwp%2Fv2%2Fcategories&post=2994"},{"taxonomy":"post_tag","embeddable":true,"href":"https:\/\/tcf.gdu.edu.az\/index.php?rest_route=%2Fwp%2Fv2%2Ftags&post=2994"}],"curies":[{"name":"wp","href":"https:\/\/api.w.org\/{rel}","templated":true}]}}