{"id":305,"date":"2016-03-27T13:29:19","date_gmt":"2016-03-27T11:29:19","guid":{"rendered":"http:\/\/tc.gdu.edu.az\/?page_id=305"},"modified":"2025-04-24T11:50:06","modified_gmt":"2025-04-24T09:50:06","slug":"dos-emma-aslanova","status":"publish","type":"page","link":"https:\/\/tcf.gdu.edu.az\/?page_id=305","title":{"rendered":"Az\u0259rbaycan tarixi kafedras\u0131 m\u00fcdiri: Dos. \u018fliyeva G\u00fclara \u018flvan q\u0131z\u0131"},"content":{"rendered":"\n<div class=\"wp-block-media-text is-stacked-on-mobile\"><figure class=\"wp-block-media-text__media\"><img loading=\"lazy\" decoding=\"async\" width=\"960\" height=\"842\" src=\"https:\/\/tcf.gdu.edu.az\/wp-content\/uploads\/2025\/04\/f1df1420-88ab-46d8-aab1-8565524866a2-3.jpg\" alt=\"\" class=\"wp-image-4192 size-full\" srcset=\"https:\/\/tcf.gdu.edu.az\/wp-content\/uploads\/2025\/04\/f1df1420-88ab-46d8-aab1-8565524866a2-3.jpg 960w, https:\/\/tcf.gdu.edu.az\/wp-content\/uploads\/2025\/04\/f1df1420-88ab-46d8-aab1-8565524866a2-3-300x263.jpg 300w, https:\/\/tcf.gdu.edu.az\/wp-content\/uploads\/2025\/04\/f1df1420-88ab-46d8-aab1-8565524866a2-3-768x674.jpg 768w\" sizes=\"auto, (max-width: 960px) 100vw, 960px\" \/><\/figure><div class=\"wp-block-media-text__content\">\n<p><\/p>\n<\/div><\/div>\n\n\n\n<p><strong>Dos. \u018fliyeva G\u00fclara \u018flvan q\u0131z\u0131<\/strong><\/p>\n\n\n\n<p><em>Tarix Elml\u0259ri \u00fczr\u0259 f\u0259ls\u0259f\u0259 doktoru, dosent<\/em><\/p>\n\n\n\n<p><em>G\u0259nc\u0259 D\u00f6vl\u0259t Universitetinin Az\u0259rbaycan tarixi kafedras\u0131n\u0131n dosenti<\/em><\/p>\n\n\n\n<p><em>Az\u0259rbaycan tarixi kafedras\u0131n\u0131n m\u00fcdiri<\/em><\/p>\n\n\n\n<p><em>Telefon: +994504804250<\/em><\/p>\n\n\n\n<p><em>E-mail: gularaalvan!<\/em><em>@mail.ru<\/em><\/p>\n\n\n\n<p><strong>QISA B\u0130OQRAF\u0130K M\u018fLUMAT<\/strong><\/p>\n\n\n\n<ul class=\"wp-block-list\">\n<li>1976 \u2013 c\u0131 ild\u0259 Az\u0259rbaycan SSR A\u011fcab\u0259di rayonunun Salmanb\u0259yli k\u0259ndind\u0259 anadan olmu\u015fdur<\/li>\n\n\n\n<li>1994-c\u00fc ild\u0259\u00a0 Az\u0259rbaycan G\u0259nc\u0259 \u015f\u0259h\u0259ri 18 sayl\u0131 d\u0259miryol orta m\u0259kt\u0259bini bitirmi\u015fdir<\/li>\n\n\n\n<li>YAP-\u0131n \u00fczv\u00fcd\u00fcr<\/li>\n<\/ul>\n\n\n\n<p><strong>T\u018fHS\u0130L\u0130 V\u018f ELM\u0130 D\u018fR\u018fC\u018f V\u018f ELM\u0130 ADLARI<\/strong><\/p>\n\n\n\n<ul class=\"wp-block-list\">\n<li>1999 \u2013 cu&nbsp; ild\u0259 G\u0259nc\u0259 \u015f\u0259h\u0259ri H.Z\u0259rdabi ad\u0131na GDP\u0130 \u2013nun bakalavr pill\u0259sini f\u0259rql\u0259nm\u0259 diplomu il\u0259 bitirib<\/li>\n\n\n\n<li>2001 \u2013 ci ild\u0259 GDU \u2013nun magistraturas\u0131n\u0131 f\u0259rql\u0259nm\u0259 diplomu il\u0259 bitirib<\/li>\n\n\n\n<li>2005 \u2013 ci ild\u0259n GDU \u2013 nin V\u0259t\u0259n tarixi \u00fczr\u0259 dissertant\u0131 olub<\/li>\n\n\n\n<li>2014-cu ild\u0259 \u201cXIX \u2013 XX \u0259srin \u0259vv\u0259ll\u0259rind\u0259 \u015eimali Az\u0259rbaycanda rusdilli t\u0259hsil\u201d adl\u0131 elmi \u2013 t\u0259dqiqat i\u015fini tamamlay\u0131b, m\u00fcdafi\u0259 edib<\/li>\n\n\n\n<li>2022-ci ild\u0259 dosent elmi ad\u0131 alm\u0131\u015fd\u0131r<\/li>\n\n\n\n<li>2024-c\u00fc il iyulun 1-d\u0259n Az\u0259rbaycan tarixi kafedras\u0131nda m\u00fcdiri v\u0259zif\u0259sind\u0259 i\u015fl\u0259yir.<\/li>\n<\/ul>\n\n\n\n<p><strong>\u018fM\u018fK F\u018fAL\u0130YY\u018fT\u0130<\/strong><\/p>\n\n\n\n<ul class=\"wp-block-list\">\n<li>2001 \u2013 ci ild\u0259n AM\u0130 G\u0259nc\u0259 filial\u0131nda \u201c\u0130ctimai v\u0259 t\u0259bi\u0259t f\u0259nl\u0259ri\u201d kafedras\u0131nda m\u00fc\u0259llim i\u015fl\u0259mi\u015fdir<\/li>\n\n\n\n<li>2007 \u2013 ci ild\u0259n AM\u0130 G\u0259nc\u0259 filial\u0131nda \u201c\u0130ctimai v\u0259 t\u0259bi\u0259t f\u0259nl\u0259ri\u201d&nbsp; kafedras\u0131nda&nbsp; ba\u015f m\u00fc\u0259llim v\u0259zif\u0259sind\u0259 \u00e7al\u0131\u015fm\u0131\u015fd\u0131r<\/li>\n\n\n\n<li>2005 \u2013 ci ild\u0259n G\u0259nc\u0259 D\u00f6vl\u0259t Universitetinin \u201cAz\u0259rbaycan tarixi\u201d kafedras\u0131n\u0131n Az\u0259rbaycan\u0131n yeni v\u0259 \u0259n yeni tarixi \u00fczr\u0259 dissertant\u0131 olmu\u015fdur.<\/li>\n\n\n\n<li>2008 \u2013 ci ild\u0259n GDU \u2013 nun \u201cAz\u0259rbaycan tarixi\u201d kafedras\u0131nda ba\u015f m\u00fc\u0259llim v\u0259zif\u0259sind\u0259 \u00e7al\u0131\u015fm\u0131\u015fd\u0131r<\/li>\n\n\n\n<li>Bakalavr pill\u0259sind\u0259 \u201cAz\u0259rbaycan tarixi\u201d f\u0259nnini t\u0259dris edir<\/li>\n\n\n\n<li>50 d\u0259n \u00e7ox elmi m\u0259qal\u0259&nbsp; v\u0259 tezisl\u0259rin, 1 d\u0259rs v\u0259saiti \u2013 \u201cXIX-XX \u0259sr Az\u0259rbaycan m\u0259d\u0259niyy\u0259ti\u201d, 1 monoqrafiya\u2013 \u201cDa\u011fl\u0131q Qaraba\u011f problemi\u201dnin tarixi,1 metodiki g\u00f6st\u0259ri\u015f, f\u0259nn proqramlar\u0131n\u0131n&nbsp;<\/li>\n<\/ul>\n\n\n\n<p><strong>T\u018fDQ\u0130QAT SAH\u018fS\u0130<\/strong><\/p>\n\n\n\n<ul class=\"wp-block-list\">\n<li>&nbsp;V\u0259t\u0259n tarixinin m\u00fcasir d\u00f6vr\u00fc \u2013 \u201cXIX \u2013 XX \u0259srin \u0259vv\u0259ll\u0259rind\u0259 \u015eimali Az\u0259rbaycanda rusdilli t\u0259hsil\u201d<\/li>\n<\/ul>\n\n\n\n<p><strong>BEYN\u018fLXALQ SEM\u0130NAR, S\u0130MPOZ\u0130UM V\u018f KONFRANSLARDA \u0130\u015eT\u0130RAKI<\/strong><\/p>\n\n\n\n<ul class=\"wp-block-list\">\n<li>Az\u0259rbaycan Respublikas\u0131nda&nbsp; ke\u00e7iril\u0259n bir s\u0131ra seminar v\u0259 konfranslarda i\u015ftirak etmi\u015fdir<\/li>\n<\/ul>\n\n\n\n<p><strong>SE\u00c7\u0130LM\u0130\u015e \u018fS\u018fRL\u018fR\u0130<\/strong><\/p>\n\n\n\n<ul class=\"wp-block-list\">\n<li>Kirov \u00abDa\u011fl\u0131q Qaraba\u011f problemi\u00bbnin m\u00fc\u0259llifl\u0259rind\u0259n biri. GDU. Elmi \u0259s\u0259rl\u0259r m\u0259cmu\u0259si. Bak\u0131, \u015f.2000<\/li>\n\n\n\n<li>B\u0259dnam k\u00f6\u00e7\u00fcrm\u0259 siyas\u0259ti v\u0259 \u00abDa\u011fl\u0131q Qaraba\u011f problemi. GDU.T\u0259l\u0259b\u0259 v\u0259 magist\u0131rlar\u0131n elmi konfrans\u0131n\u0131n materiallar\u0131. Bak\u0131 \u015f. 2001<\/li>\n\n\n\n<li>\u00abDa\u015fnaks\u00fct\u00fcn\u00bb partiyas\u0131n\u0131n \u00abB\u00f6y\u00fck Erm\u0259nistan\u00bb x\u00fclyas\u0131. G\u0259nc\u0259 f\u0131lial\u0131.\u018fs\u0259rl\u0259r toplusu. G\u0259nc\u0259 \u015f.2004<\/li>\n\n\n\n<li>\u0410z\u0259rbaycan&nbsp; xanl\u0131qlar d\u00f6vr\u00fc tarixinin yenid\u0259n ara\u015fd\u0131r\u0131lmasm\u0131 \u015f\u0259rtl\u0259ndir\u0259n amill\u0259r. AMEA. G\u0259nc\u0259 Regional Elmi M\u0259rk\u0259z.X\u0259b\u0259rl\u0259r m\u0259cmu\u0259si, G\u0259nc\u0259,&nbsp; 2006<\/li>\n\n\n\n<li>Xanl\u0131qlar d\u00f6vr\u00fc tarixinin yenid\u0259n ara\u015fd\u0131nlmas\u0131 z\u0259rur\u0259tin\u0259 dair. G\u0259nc\u0259 filial\u0131.Elmi m\u0259qal\u0259l\u0259r. Bak\u0131&nbsp; \u015f..2007<\/li>\n\n\n\n<li>G\u0259nc\u0259 xanl\u0131\u011f\u0131n\u0131n v\u0259 Gavad xan\u0131n son g\u00fcnl\u0259ri rus tarix\u015f\u00fcnasl\u0131\u011f\u0131nda. AMEA. G\u0259nc\u0259 Regional Elmi M\u0259rk\u0259z.X\u0259b\u0259rl\u0259r m\u0259cmu\u0259si, G\u0259nc\u0259,&nbsp; \u015f.2007<\/li>\n\n\n\n<li>\u00abDa\u011fl\u0131q Qaraba\u011f proble\u00admi \u00bb nin tarixi (monoqrafiya). G\u0259nc\u0259 &#8211; Poliqrafiya. ASC, G\u0259nc\u0259 \u015f..2007<\/li>\n\n\n\n<li>\u00c7a\u011fda\u015f Az\u0259rbaycan d\u00f6vl\u0259t\u00e7iliyinin fenomenal memar\u0131. AM\u0130. G\u0259nc\u0259 f\u0131lial\u0131. \u00dcmummilli liderimiz Heyd\u0259r \u018fliyevin anadan olmasm\u0131n 85 il-liyin\u0259 h\u0259sr olunmu\u015f elmi -praktik konfrans\u0131n material-lar\u0131.G\u0259nc\u0259 \u015f. 2008<\/li>\n\n\n\n<li>Bir x\u0259yan\u0259tin rezonans\u0131. GDU Elmi X\u0259b\u0259rl\u0259r. G\u0259nc\u0259 \u015f.2009<\/li>\n\n\n\n<li>1993-2003-c\u00fc ill\u0259rd\u0259 Az\u0259rbaycan-t\u00fcrk siyasi diplomatik m\u00fcnasib\u0259tl\u0259rd\u0259 Heyd\u0259r \u018fliyevin f\u0259aliyy\u0259ti, Doktorant v\u0259 aspirantlar elmi publisistik&nbsp; jurnal\u0131 \u21167, Moskva 2009<\/li>\n\n\n\n<li>Az\u0259rbaycanda Xalq C\u00fcmhuriyy\u0259ti d\u00f6vr\u00fcnd\u0259 rusdilli t\u0259hsil, BDU, Tarix v\u0259 onun probleml\u0259ri. \u21164 Bak\u0131 2010<\/li>\n\n\n\n<li>Qori M\u00fc\u0259lliml\u0259r Seminariyas\u0131n\u0131n Az\u0259rbaycan b\u00f6lm\u0259si, TDU Beyn\u0259lxalq elmi jurnal \u21162, Tbilisi 2010<\/li>\n\n\n\n<li>\u0410\u0437\u0435\u0440\u0431\u0430\u0439\u0434\u0436\u0430\u043d\u0441\u043a\u043e\u0435 \u043e\u0442\u0434\u0435\u043b\u0435\u043d\u0438\u0435 \u0413\u043e\u0440\u0438\u0439\u0441\u043a\u043e\u0439 \u0421\u0435\u043c\u0438\u043d\u0430\u0440\u0438\u0438 \u0423\u0447\u0438\u0442\u0435\u043b\u0435\u0439. \u0416\u0443\u0440\u043d\u0430\u043b \u043d\u0430\u0443\u0447\u043d\u044b\u0445 \u043f\u0443\u0431\u043b\u0438\u043a\u0430\u0446\u0438\u0439 \u0430\u0441\u043f\u0438\u0440\u0430\u043d\u0442\u043e\u0432 \u0438 \u0434\u043e\u043a\u0442\u043e\u0440\u0430\u043d\u0442\u043e\u0432. \u0433. \u041a\u0443\u0440\u0441\u043a.2010<\/li>\n\n\n\n<li>\u041e \u0440\u043e\u043b\u0438 \u0410\u0437\u0435\u0440\u0431\u0430\u0439\u0434\u0436\u0430\u043d\u0441\u043a\u043e\u0433\u043e \u043e\u0442\u0434\u0435\u043b\u0435\u043d\u0438\u044f \u0413\u043e\u0440\u0438\u0439\u0441\u043a\u043e\u0439 \u0421\u0435\u043c\u0438\u043d\u0430\u0440\u0438\u0438 \u0423\u0447\u0438\u0442\u0435\u043b\u0435\u0439. TQU.\u041c\u0435\u0436\u0434\u0443\u043d\u0430\u0440\u043e\u0434\u043d\u044b\u0439 \u043f\u0435\u0440\u0438\u043e\u0434\u0438\u0447\u0435\u0441\u043a\u0438\u0439&nbsp; \u043d\u0430\u0443\u0447\u043d\u044b\u0439 \u0436\u0443\u0440\u043d\u0430\u043b&nbsp; \u0418\u043d\u0442\u0435\u043b\u043b\u0435\u043a\u0442 \u0433. \u0422\u0431\u0438\u043b\u0438\u0441\u0438 2010<\/li>\n\n\n\n<li>Qori M\u00fc\u0259lliml\u0259r Seminariyas\u0131n\u0131n Az\u0259rbaycan \u015f\u00f6b\u0259sin\u0259 dair. GDU.Elmi X\u0259b\u0259rl\u0259r.G\u0259nc\u0259 \u015f. 2010<\/li>\n\n\n\n<li>\u00dcmummilli Lider&nbsp; H.\u018fliyevin anadan olmas\u0131n\u0131n 88-ci ild\u00f6n\u00fcm\u00fcn\u0259 h\u0259sr olunmu\u015f II Beyn\u0259lxalq elmi konfrans\u0131n materiallar\u0131,.Bak\u0131-G\u0259nc\u0259 \u015f. XIX \u0259srin sonlar\u0131nda Az\u0259rbaycanda yeni tipli rusdilli m\u0259kt\u0259bl\u0259rin v\u0259ziyy\u0259ti. BSU,GDU.Az\u0259rbaycan\u015f\u00fcnasl\u0131\u011f\u0131n aktual probleml\u0259ri. 2011<\/li>\n\n\n\n<li>Hac\u0131 Zeynalabdin Ta\u011f\u0131yevin q\u0131z m\u0259kt\u0259bi. BDU.Tarix v\u0259 onun probleml\u0259ri. Bak\u0131 \u015f 2011<\/li>\n\n\n\n<li>\u00c7ar Rusiyas\u0131n\u0131n \u015eimali Az\u0259rbaycanda y\u00fcr\u00fctd\u00fcy\u00fc t\u0259hsil siyas\u0259tin\u0259 dair(XIX y\u00fczilliyin 20-60-c\u0131 ill\u0259ri. BDU.Tarix v\u0259 onun probleml\u0259ri. Bak\u0131 \u015f 2011<\/li>\n\n\n\n<li>XIX \u0259srin II yar\u0131s\u0131nda \u00fcmumt\u0259hsil m\u0259kt\u0259bl\u0259ri n\u0259zdind\u0259 k\u0259nd t\u0259s\u0259rr\u00fcfat\u0131 v\u0259 s\u0259n\u0259t \u015f\u00f6b\u0259l\u0259rinin a\u00e7\u0131lmas\u0131. BDU.Tarix v\u0259 onun probleml\u0259ri. Bak\u0131 \u015f.&nbsp; 2012.<\/li>\n\n\n\n<li>&nbsp;Russian language education in Azerbayjan&nbsp; in the beginning of XX century. \u041f\u0440\u0435\u0437\u0438\u0434\u0438\u0443\u043c&nbsp; \u041d\u0430\u0446\u0438\u043e\u043d\u0430\u043b\u044c\u043d\u043e\u0439 \u0410\u043a\u0430\u0434\u0435\u043c\u0438\u0438 \u041d\u0430\u0443\u043a \u0410\u0437\u0435\u0440\u0431\u0430\u0439\u0434\u0436\u0430\u043da. Azerbayjans &amp; Azerbayjanis \/\u0410\u0437\u0435\u0440\u0431\u0430\u0439\u0434\u0436\u0430\u043d \u0438 \u0430\u0437\u0435\u0440\u0431\u0430\u0439\u0434\u0436\u0430\u043d\u0446\u044b&nbsp; Bak\u0131,&nbsp; \u015f.2012<\/li>\n\n\n\n<li>\u0410\u0437\u0435\u0440\u0431\u0430\u0439\u0434\u0436\u0430\u043d\u0441\u043a\u043e\u0435 \u043e\u0442\u0434\u0435\u043b\u0435\u043d\u0438\u0435 \u0413\u043e\u0440\u0438\u0439\u0441\u043a\u043e\u0439 \u0421\u0435\u043c\u0438\u043d\u0430\u0440\u0438\u0438 \u0423\u0447\u0438\u0442\u0435\u043b\u0435\u0439. \u041d\u0430\u0446\u0438\u043e\u043d\u0430\u043b\u044c\u043d\u044b\u0439 \u041f\u0435\u0434\u0430\u0433\u043e\u0433\u0438-\u0427\u0435\u0441\u043a\u0438\u0439 \u0423\u043d\u0438\u0432\u0435\u0440\u0441\u0438\u0442\u0435\u0442&nbsp; \u0438\u043c.\u041c.\u041f..\u0414\u0440\u0430\u0433\u043e\u043c\u0430\u043d\u043e\u0432\u0430.\u0423\u043a\u0440\u0430\u0438\u043d\u0441\u043a\u0430\u044f&nbsp; \u0410\u043a\u0430\u0434\u0435\u043c\u0438\u044f \u041d\u0430\u0443\u043a. \u041d\u0430\u0443\u0447\u043d\u043e\u0435 \u0438\u0437\u0434\u0430\u043d\u0438\u0435.\u0421\u0431\u043e\u0440\u043d\u0438\u043a \u043d\u0430\u0443\u0447\u043d\u044b\u0445 \u0440\u0430\u0431\u043e\u0442 \u201c\u0413\u0438\u043b\u0435\u044f: \u043d\u0430\u0443\u0447\u043d\u044b\u0439 \u0432\u0435\u0441\u0442\u043d\u0438\u043a\u201d . \u0433. \u041a\u0438\u0435\u0432.2013<\/li>\n\n\n\n<li>XX\u0259srin \u0259vv\u0259ll\u0259rind\u0259 \u015eimali Az\u0259rbaycanda \u015f\u00f6b\u0259l\u0259rinin t\u0259\u015fkili, GDU-nun elmi \u0259s\u0259rl\u0259r m\u0259cmu\u0259si \u2116 3, G\u0259nc\u0259 2012<\/li>\n\n\n\n<li>Qori M\u00fc\u0259lliml\u0259r Seminariyas\u0131n\u0131n Az\u0259rbaycan b\u00f6lm\u0259si, Draqomanova ad\u0131na Ukrayna Pedaqoju universitetinin elmi m\u0259qal\u0259l\u0259r m\u0259cmu\u0259si, \u2116 1 Kiyev 2013<\/li>\n\n\n\n<li>Russian language education in Azerbayjan&nbsp; at the beginning of XX century. \u041c\u0435\u0436\u0434\u0443\u043d\u0430\u0440\u043e\u0434\u043d\u044b\u0439 \u043d\u0430\u0443\u0447\u043d\u044b\u0439 \u0436\u0443\u0440\u043d\u0430\u043b. \u041a\u0430\u0432\u043a\u0430\u0437 \u0438 \u043c\u0438\u0440 \u0433. \u0422\u0431\u0438\u043b\u0438\u0441\u0438 2013<\/li>\n\n\n\n<li>XX \u0259srin \u0259vv\u0259ll\u0259rind\u0259 \u015eimali Az\u0259rbaycanda t\u0259hsilin inki\u015faf etdirilm\u0259sind\u0259 ziyal\u0131lar\u0131n rolu. BDU.Tarix v\u0259 onun probleml\u0259ri. Bak\u0131 \u015f.2017<\/li>\n\n\n\n<li>Multikultural m\u00fchit v\u0259 rusdilli t\u0259hsil XIX-XX y\u00fczilliyin \u0259vv\u0259ll\u0259rind\u0259 (tezis). Az\u0259rbaycan Universiteti. Multikulturalizm Az\u0259rbaycan\u0131n d\u00f6vl\u0259t siyas\u0259ti v\u0259 c\u0259miyy\u0259tin h\u0259yat t\u0259rzidir. IV Beyn\u0259lxalq elmi konfrans\u0131n materiallar\u0131. Bak\u0131 \u015f.2016<\/li>\n\n\n\n<li>XX \u0259srin \u0259vv\u0259ll\u0259rind\u0259 \u015eimali Az\u0259rbaycanda t\u0259hsilin inki\u015faf etdirilm\u0259sind\u0259 ziyal\u0131lar\u0131n rolu. BDU.Tarix v\u0259 onun probleml\u0259ri. Bak\u0131 \u015f 2017<\/li>\n\n\n\n<li>\u201cDa\u011fl\u0131q Qaraba\u011f problemi\u201dnin genezisi (tezis). AzTU. Az\u0259rbaycan xalq\u0131n\u0131n \u00dcmummilli lideri H.\u018fliyevin anadan olunmas\u0131n\u0131n 94-c\u00fc ild\u00f6n\u00fcm\u00fcn\u0259 h\u0259sr olunmu\u015f t\u0259l\u0259b\u0259 v\u0259 g\u0259nc t\u0259dqiqat\u00e7\u0131lar\u0131n \u201cG\u0259ncl\u0259r v\u0259 elmi innovasiyalar\u201d m\u00f6vzusunda Respublika Elmi-v\u0259 texniki konfrans\u0131n\u0131n materiallar\u0131 Bak\u0131 \u015f.2017<\/li>\n\n\n\n<li>Az\u0259rbaycan Xalq C\u00fcmhuriyy\u0259ti-nin d\u0259y\u0259rli miras\u0131. GDU. Elmi x\u0259b\u0259rl\u0259r. G\u0259nc\u0259 \u015f.2018<\/li>\n\n\n\n<li>K\u00f6\u00e7\u00fcrm\u0259 siyas\u0259tinin etnik v\u0259 demoqrafik n\u0259tic\u0259l\u0259ri (tezis).GDU g\u0259nc aliml\u0259rin III beyn\u0259lxalq elmi konfrans\u0131n\u0131n materiallar\u0131.G\u0259nc\u0259 \u015f.2018<\/li>\n\n\n\n<li>XIX-XX \u0259sr Az\u0259rbaycan m\u0259d\u0259niyy\u0259ti (d\u0259rs v\u0259saiti). Bak\u0131, \u201cZ\u0259rdabi LTD.2019<\/li>\n\n\n\n<li>Qaraba\u011f Da\u015fnaks\u00fctyun partiyas\u0131n\u0131n planlar\u0131nda. GDU. Elmi x\u0259b\u0259rl\u0259r. G\u0259nc\u0259 \u015f.2019<\/li>\n\n\n\n<li>\u0420\u0443\u0441\u0441\u043a\u043e\u044f\u0437\u044b\u0447\u043d\u043e\u0435&nbsp; \u043e\u0431\u0440\u0430\u0437\u043e\u0432\u0430\u043d\u0438\u0435 \u0432\u0447\u0435\u0440\u0430 \u0438 \u0441\u0435\u0433\u043e\u0434\u043d\u044f: \u0432\u043e\u0437\u043c\u043e\u0436\u043d\u043e\u0441\u0442\u0438 \u0438 \u043f\u0435\u0440\u0441\u043f\u0435\u043a\u0442\u0438\u0432\u044b. \u0412\u043e\u043f\u0440\u043e\u0441\u044b \u0438\u0441\u0442\u043e\u0440\u0438\u0438. \u0433. \u041c\u043e\u0441\u043a\u0432\u0430.2019<\/li>\n\n\n\n<li>\u201cDa\u011fl\u0131q Qaraba\u011f problemi\u201d Sovet hakimiyy\u0259tinin \u201cyetirm\u0259sidir\u201d. GDU. . Elmi x\u0259b\u0259rl\u0259r. G\u0259nc\u0259 \u015f.2020<\/li>\n\n\n\n<li>\u041d\u043e\u0432\u0430\u044f \u0441\u0438\u0441\u0442\u0435\u043c\u0430 \u043d\u0430\u0440\u043e\u0434- \u043d\u043e\u0433\u043e \u043e\u0431\u0440\u0430\u0437\u043e\u0432\u0430\u043d\u0438\u044f \u0432 \u0410\u0437\u0435\u0440\u0431\u0430\u0439\u0434\u0436\u0430\u043d\u0435 \u0432 1918-1920-\u043e\u043c \u0433\u043e\u0434\u0430\u0445. (\u0442\u0435\u0437\u0438\u0441). \u0418\u043d\u0442\u0435\u0440\u043d\u0430\u0443\u043a\u0430. \u0421\u0431\u043e\u0440\u043d\u0438\u043a \u0441\u0442\u0430\u0442\u0435\u0439 \u043f\u043e \u043c\u0430\u0442\u0435\u0440\u0438\u0430\u043b\u0430\u043c XLIV \u043c\u0435\u0436\u0434\u0443\u043d\u0430\u0440\u043e\u0434\u043d\u043e\u0439 \u043d\u0430\u0443\u0447\u043d\u043e-\u043f\u0440\u0430\u043a\u0442\u0438\u0447\u043a\u0441\u043a\u043e\u0439 \u043a\u043e\u043d\u0444\u0435\u0440\u0435\u043d\u0446\u0438\u0438. \u041e\u0431\u0449\u0435\u0441\u0442\u0432\u0435\u043d\u043d\u044b\u0435 \u043d\u0430\u0443\u043a\u0438 \u0432 \u0441\u043e\u0432\u0440\u0435\u043c\u0435\u043d\u043d\u043e\u043c \u043c\u0438\u0440\u0435: \u043f\u043e\u043b\u0438\u0442\u043e\u043b\u043e\u0433\u0438\u044f, \u0441\u043e\u0446\u0438\u043e\u043b\u043e\u0433\u0438\u044f, \u0444\u0438\u043b\u043e\u0441\u043e\u0444\u0438\u044f, \u0438\u0441\u0442\u043e\u0440\u0438\u044f.&nbsp; \u0433. \u041c\u043e\u0441\u043a\u0432\u0430 2021<\/li>\n\n\n\n<li>Da\u011fl\u0131q Qaraba\u011f Muxtar Vilay\u0259tinin yarad\u0131lmas\u0131 \u0259dal\u0259tsiz akt kimi GDU. . Elmi x\u0259b\u0259rl\u0259r. G\u0259nc\u0259,2021<\/li>\n\n\n\n<li>\u041d\u0430\u0447\u0430\u043b\u044c\u043d\u044b\u0435 \u0443\u0447\u0435\u0431\u043d\u044b\u0435 \u0437\u0430\u0432\u0435\u0434\u0435\u043d\u0438\u044f \u0432 \u0410\u0437\u0435\u0440\u0431\u0430\u0439\u0434\u0436\u0430\u043d\u0441\u043a\u043e\u0439 \u0414\u0435\u043c\u043e\u043a\u0440\u0430\u0442\u0438\u0447\u0435\u0441\u043a\u043e\u0439 \u0420\u0435\u0441\u043f\u0443\u0431\u043b\u0438\u043a\u0435 (1918-1920) GDU x\u0259b\u0259rl\u0259r m\u0259cmu\u0259si 2024-c\u00fc il \u21161<\/li>\n\n\n\n<li>\u041e\u0431\u0440\u0430\u0437\u043e\u0432\u0430\u043d\u0438\u0435 \u0432\u0437\u0440\u043e\u0441\u043b\u043e\u0433\u043e \u043d\u0430\u0441\u0435\u043b\u0435\u043d\u0438\u044f (1918-1920). GDU x\u0259b\u0259rl\u0259r m\u0259cmu\u0259si 2024-c\u00fc il \u21163<\/li>\n<\/ul>\n","protected":false},"excerpt":{"rendered":"<p>Dos. \u018fliyeva G\u00fclara \u018flvan q\u0131z\u0131 Tarix Elml\u0259ri \u00fczr\u0259 f\u0259ls\u0259f\u0259 doktoru, dosent G\u0259nc\u0259 D\u00f6vl\u0259t Universitetinin Az\u0259rbaycan tarixi kafedras\u0131n\u0131n dosenti Az\u0259rbaycan tarixi kafedras\u0131n\u0131n m\u00fcdiri Telefon: +994504804250 E-mail: gularaalvan!@mail.ru QISA B\u0130OQRAF\u0130K M\u018fLUMAT T\u018fHS\u0130L\u0130 V\u018f ELM\u0130 D\u018fR\u018fC\u018f V\u018f ELM\u0130 ADLARI \u018fM\u018fK F\u018fAL\u0130YY\u018fT\u0130 T\u018fDQ\u0130QAT SAH\u018fS\u0130 BEYN\u018fLXALQ SEM\u0130NAR, S\u0130MPOZ\u0130UM V\u018f KONFRANSLARDA \u0130\u015eT\u0130RAKI SE\u00c7\u0130LM\u0130\u015e \u018fS\u018fRL\u018fR\u0130<\/p>\n","protected":false},"author":4,"featured_media":0,"parent":0,"menu_order":0,"comment_status":"closed","ping_status":"closed","template":"","meta":{"footnotes":""},"categories":[16],"tags":[],"class_list":["post-305","page","type-page","status-publish","hentry","category-kafedralar"],"_links":{"self":[{"href":"https:\/\/tcf.gdu.edu.az\/index.php?rest_route=\/wp\/v2\/pages\/305","targetHints":{"allow":["GET"]}}],"collection":[{"href":"https:\/\/tcf.gdu.edu.az\/index.php?rest_route=\/wp\/v2\/pages"}],"about":[{"href":"https:\/\/tcf.gdu.edu.az\/index.php?rest_route=\/wp\/v2\/types\/page"}],"author":[{"embeddable":true,"href":"https:\/\/tcf.gdu.edu.az\/index.php?rest_route=\/wp\/v2\/users\/4"}],"replies":[{"embeddable":true,"href":"https:\/\/tcf.gdu.edu.az\/index.php?rest_route=%2Fwp%2Fv2%2Fcomments&post=305"}],"version-history":[{"count":11,"href":"https:\/\/tcf.gdu.edu.az\/index.php?rest_route=\/wp\/v2\/pages\/305\/revisions"}],"predecessor-version":[{"id":4226,"href":"https:\/\/tcf.gdu.edu.az\/index.php?rest_route=\/wp\/v2\/pages\/305\/revisions\/4226"}],"wp:attachment":[{"href":"https:\/\/tcf.gdu.edu.az\/index.php?rest_route=%2Fwp%2Fv2%2Fmedia&parent=305"}],"wp:term":[{"taxonomy":"category","embeddable":true,"href":"https:\/\/tcf.gdu.edu.az\/index.php?rest_route=%2Fwp%2Fv2%2Fcategories&post=305"},{"taxonomy":"post_tag","embeddable":true,"href":"https:\/\/tcf.gdu.edu.az\/index.php?rest_route=%2Fwp%2Fv2%2Ftags&post=305"}],"curies":[{"name":"wp","href":"https:\/\/api.w.org\/{rel}","templated":true}]}}