{"id":345,"date":"2016-04-02T07:31:29","date_gmt":"2016-04-02T05:31:29","guid":{"rendered":"http:\/\/tc.gdu.edu.az\/?page_id=345"},"modified":"2025-03-21T16:13:53","modified_gmt":"2025-03-21T14:13:53","slug":"tarix-cografiya-fakult%c9%99si","status":"publish","type":"page","link":"https:\/\/tcf.gdu.edu.az\/?page_id=345","title":{"rendered":"Tarix-co\u011frafiya fak\u00fclt\u0259si"},"content":{"rendered":"<p style=\"text-align: left;\">Az\u0259rbaycan Xalq Komissarlar Sovetinin 14 aprel 1938-ci il tarixli q\u0259rar\u0131 il\u0259 Kirovabadda (G\u0259nc\u0259d\u0259) N.K.Krupskaya ad\u0131na \u0130kiillik M\u00fc\u0259lliml\u0259r \u0130nstitutu a\u00e7\u0131ld\u0131. \u0130nstitut \u00fc\u00e7\u00fcn m\u00fcnasib baza olmad\u0131\u011f\u0131ndan \u015f\u0259h\u0259rin M.Qorki ad\u0131na 1 n\u00f6mr\u0259li m\u0259kt\u0259binin \u00fc\u00e7\u00fcnc\u00fc m\u0259rt\u0259b\u0259si b\u00fct\u00fcnl\u00fckl\u0259 yeni t\u0259\u015fkil olunmu\u015f t\u0259hsil oca\u011f\u0131n\u0131n s\u0259rancam\u0131na verildi. \u0130lk vaxtlar \u00fc\u00e7\u00fcn institutda iki ixtisas \u2013 t\u0259biyy\u0259t v\u0259 fizika-riyaziyyat fak\u00fclt\u0259l\u0259rinin t\u0259\u015fkili planla\u015fd\u0131r\u0131ld\u0131. G\u0259nc\u0259 \u0130kiillik M\u00fc\u0259lliml\u0259r \u0130nstitutu 23 m\u00fc\u0259llim v\u0259 244 t\u0259l\u0259b\u0259 il\u0259 01 oktyabr 1938-ci ild\u0259 f\u0259aliyy\u0259t\u0259 ba\u015flad\u0131.<\/p>\n<p style=\"text-align: left;\">1939-cu ild\u0259 institutda daha iki yeni fak\u00fclt\u0259 \u2013 Tarix, Az\u0259rbaycan dili v\u0259 \u0259d\u0259biyyat fak\u00fclt\u0259l\u0259ri yarad\u0131ld\u0131. Eyni zamanda t\u0259biyy\u0259t fak\u00fclt\u0259si t\u0259biyy\u0259t-co\u011frafiya fak\u00fclt\u0259si kimi yenid\u0259n quruldu.<\/p>\n<p style=\"text-align: left;\">\u018fsas\u0131 1938-ci ild\u0259 qoyulmu\u015f G\u0259nc\u0259 D\u00f6vl\u0259t Universitetinin \u0259n qabaqc\u0131l, apar\u0131c\u0131 fak\u00fclt\u0259l\u0259rind\u0259n biri Tarix Co\u011frafiya fak\u00fclt\u0259sidir. Qeyd olunmal\u0131d\u0131r ki, Tarix ixtisas\u0131 \u00fczr\u0259 t\u0259hsil verilm\u0259si universitetin yarand\u0131\u011f\u0131 d\u00f6vrd\u0259n etibar\u0259n t\u0259\u015fkil olnmu\u015fdur. M\u00fcxt\u0259lif vaxtlarda prof. Qabil Seyidov, dos. Yav\u0259r R\u00fcst\u0259mov, dos. Saleh \u0130smay\u0131lov, dos. K\u0259r\u0259m M\u0259mm\u0259dov tarix fak\u00fclt\u0259sinin dekan\u0131 olmu\u015flar. 1988-ci il\u0259 q\u0259d\u0259r tarix fak\u00fclt\u0259su m\u00fcst\u0259qil olmu\u015fdur. 1984-1992-ci il\u0259 q\u0259d\u0259r onun dekan\u0131 dos. H\u0259s\u0259nbala Sad\u0131qov olmu\u015fdur. 1988-ci il\u0259 q\u0259d\u0259r Tarix fak\u00fclt\u0259si, 1988-ci ild\u0259n 2001-ci il\u0259 q\u0259d\u0259r Tarix-filologiya fak\u00fclt\u0259si olm\u015fdur. 1992-ci ild\u0259n Tarix-filologiya fak\u00fclt\u0259sinin dekan\u0131 dos. Vahid X\u0259l\u0259fov, 1998-2001-ci il\u0259 q\u0259d\u0259r dekan prof. Abbas S\u0259m\u0259dov olmu\u015fdur. 2001-ci ild\u0259 is\u0259 Tarix fak\u00fclt\u0259si art\u0131q m\u00fcst\u0259qil f\u0259aliyy\u0259t g\u00f6st\u0259rm\u0259y\u0259 ba\u015flam\u0131\u015fd\u0131r. Bu zaman fak\u00fclt\u0259y\u0259 tarix elml\u0259ri namiz\u0259di, dosent H\u0259s\u0259nov Urfan Davud o\u011flu dekan v\u0259zif\u0259sin\u0259 se\u00e7ilmi\u015fdir. Dosent H\u0259s\u0259nov Urfan Davud o\u011flu 2011-ci il\u0259 q\u0259d\u0259r fak\u00fclt\u0259 dekan\u0131 olmu\u015fdur. 2011-2015-ci ill\u0259rd\u0259 prof.H\u0259s\u0259nbala Sad\u0131qov fak\u00fclt\u0259 dekan\u0131 se\u00e7ilmi\u015fdir. 2015-ci ild\u0259 is\u0259 dos. H\u0259s\u0259nov Urfan Davud o\u011flu yenid\u0259n fak\u00fclt\u0259 dekan\u0131 se\u00e7ilmi\u015fdir. Fak\u00fclt\u0259d\u0259 t\u0259dris intizam\u0131 g\u00fccl\u0259ndirilmi\u015f, t\u0259lim-t\u0259rbiy\u0259 i\u015fl\u0259rin\u0259 diqq\u0259t art\u0131r\u0131lm\u0131\u015fd\u0131r. M\u0259hz bunun n\u0259tic\u0259sind\u0259 g\u0259nc fak\u00fclt\u0259 universitetin v\u0259 b\u00fct\u00f6vl\u00fckd\u0259, \u015f\u0259h\u0259rin elmi-m\u0259d\u0259ni v\u0259 ictimai-siyasi h\u0259yat\u0131nda \u00e7ox f\u0259al \u015f\u0259kild\u0259 i\u015ftirak etmi\u015fdir.<\/p>\n<p style=\"text-align: left;\">Apar\u0131lm\u0131\u015f d\u00fczg\u00fcn struktur islahatlar\u0131 s\u0131ras\u0131nda Tarix fak\u00fclt\u0259sin\u0259 yeni kafedra v\u0259 ixtisaslar\u0131n \u0259lav\u0259 edilm\u0259si qeyd olunmal\u0131d\u0131r. Hal-haz\u0131rda fak\u00fclt\u0259d\u0259 4 ixtisas kafedras\u0131 m\u00f6vcuddur:<\/p>\n<p style=\"text-align: left;\">\u00dcmumi tarix kafedras\u0131; Kafedra m\u00fcdiri: dos. Etibar Musayev; Az\u0259rbaycan tarixi kafedras\u0131. Kafedra m\u00fcdiri: dosent Gulara \u018fliyeva ; Sosial f\u0259nl\u0259r kafedras\u0131. Kafedra m\u00fcdiri: dosent Cavid Ba\u011f\u0131rzad\u0259; Co\u011frafiya kafedras\u0131. Kafedra m\u00fcdiri: dosent Yegan\u0259 \u018fliyeva. Fak\u00fclt\u0259nin dekan\u0131 H\u0259s\u0259nov Urfan Davud o\u011flu. 1977-1981-ci ill\u0259rd\u0259 Tarix fak\u00fclt\u0259sind\u0259 t\u0259hsil alm\u0131\u015f, 1981-1983-c\u00fc ill\u0259rd\u0259 h\u0259rbi xidm\u0259td\u0259 olmu\u015fdur. 1990-c\u0131 ild\u0259n etibar\u0259n G\u0259nc\u0259 D\u00f6vl\u0259t Universitetind\u0259 bir s\u0131ra m\u0259sul v\u0259zif\u0259l\u0259rd\u0259 \u00e7al\u0131\u015fm\u0131\u015fd\u0131r. 2001-ci ild\u0259n fak\u00fclt\u0259nin dekan\u0131d\u0131r. Dosent Urfan H\u0259s\u0259nov 20-d\u0259k monoqrafiya, metodik v\u0259sait v\u0259 elmi \u0259s\u0259rin m\u00fc\u0259llifidir. Fak\u00fclt\u0259nin t\u0259dris i\u015fl\u0259ri \u00fczr\u0259 dekan m\u00fcavini Hac\u0131yev Niyam\u0259ddin M\u0259zahir o\u011fludur. Hac\u0131yev Niyam\u0259ddin 2000-ci ild\u0259 Tarix co\u011frafiya fak\u00fclt\u0259sinin tarix ixtisas\u0131na daxil olmu\u015f 2004 \u2013 c\u00fc ild\u0259 h\u0259min ixtisas\u0131 bitirmi\u015f, 2004-2006 \u2013 c\u0131 ill\u0259rd\u0259 magistraturada t\u0259hsil alm\u0131\u015fd\u0131r. 2009-cu ild\u0259 fak\u00fclt\u0259d\u0259 tyutor, 2013-c\u00fc ild\u0259n is\u0259 t\u0259dris i\u015fl\u0259ri \u00fczr\u0259 dekan m\u00fcavini v\u0259zif\u0259sin\u0259 t\u0259yin edilmi\u015fdir.<\/p>\n<p style=\"text-align: left;\">Fak\u00fclt\u0259d\u0259 ist\u0259r professor-m\u00fc\u0259llim, ist\u0259rs\u0259d\u0259 t\u0259l\u0259b\u0259 hey\u0259tinin elmi-t\u0259dqiqat i\u015fl\u0259rinin s\u00fcr\u0259tli v\u0259 keyfiyy\u0259tli \u015f\u0259kild\u0259 icras\u0131 m\u0259qs\u0259dil\u0259 universitet r\u0259hb\u0259rliyinin m\u00fcvafiq t\u0259limat v\u0259 g\u00f6st\u0259ri\u015fl\u0259ri \u0259sas g\u00f6t\u00fcr\u00fclm\u00fc\u015fd\u00fcr. Bel\u0259 ki, fak\u00fclt\u0259nin m\u00fcst\u0259qil f\u0259aliyy\u0259t\u0259 ba\u015flad\u0131\u011f\u0131 2001-ci ild\u0259n sonrak\u0131 m\u00fcdd\u0259td\u0259 elmi-t\u0259dqiqat i\u015fl\u0259rinin y\u00fcks\u0259k v\u00fcs\u0259tl\u0259 icras\u0131n\u0131n n\u0259tic\u0259sind\u0259 bir s\u0131ra m\u00fc\u0259lliml\u0259r dissertasiya m\u00fcdafi\u0259 etmi\u015f, T\u0259l\u0259b\u0259 Elmi C\u0259miyy\u0259tinin x\u0259tti il\u0259 magistrant v\u0259 bakalavr t\u0259l\u0259b\u0259l\u0259ri elmi-t\u0259dqiqat i\u015fl\u0259rin\u0259 c\u0259lb olunmu\u015fdur. Fak\u00fclt\u0259d\u0259 Elmi \u015eurada m\u00fczakir\u0259 edil\u0259r\u0259k q\u0259bul olunmu\u015f i\u015f plan\u0131 \u0259sas\u0131nda m\u00fcvafiq bakalavriat pill\u0259si \u00fczr\u0259 t\u0259l\u0259b\u0259l\u0259rin pedaqoji v\u0259 istehsalat t\u0259cr\u00fcb\u0259l\u0259rind\u0259 i\u015ftirak\u0131 y\u00fcks\u0259k s\u0259viyy\u0259d\u0259 t\u0259\u015fkil olunmu\u015fdur. Fak\u00fclt\u0259 dekanl\u0131\u011f\u0131n\u0131n ixtisas kafedralar\u0131 il\u0259 birg\u0259 bu i\u015fl\u0259r\u0259 x\u00fcsusi n\u0259zar\u0259t etm\u0259si say\u0259sind\u0259 keyfiyy\u0259t g\u00f6st\u0259ricisi ilb\u0259il daha da y\u00fcks\u0259lmi\u015fdir. X\u00fcsusil\u0259 d\u0259 istehsalat t\u0259cr\u00fcb\u0259sind\u0259 \u015f\u0259h\u0259rin v\u0259 b\u00fct\u00f6vl\u00fckd\u0259 b\u00f6lg\u0259nin tarixi abid\u0259l\u0259rinin t\u0259l\u0259b\u0259l\u0259r t\u0259r\u0259find\u0259n ziyar\u0259t v\u0259 t\u0259dqiq edilm\u0259si olduqca t\u0259qdir\u0259layiqdir.<\/p>\n<p style=\"text-align: left;\">Fak\u00fclt\u0259d\u0259 bakalavriat pill\u0259si \u00fczr\u0259 t\u0259l\u0259b\u0259l\u0259rin imtahan g\u00f6st\u0259ricil\u0259ri ilb\u0259il daha da y\u00fcks\u0259lir. Bel\u0259 ki, m\u00fcxt\u0259lif kurslar \u00fczr\u0259 m\u0259nims\u0259m\u0259 faizi v\u0259 keyfiyy\u0259t kifay\u0259t q\u0259d\u0259r y\u00fcks\u0259kdir. Yaln\u0131z 2024-2025-ci t\u0259dris ilinin I yar\u0131s\u0131nda m\u0259nims\u0259m\u0259nin 90 %, keyfiyy\u0259tin 48 %\u00a0 olmas\u0131n\u0131 qeyd etm\u0259k kifay\u0259tdir.<\/p>\n<p style=\"text-align: left;\">Fak\u00fclt\u0259d\u0259 t\u0259l\u0259b\u0259l\u0259rin say dinamikas\u0131nda ilb\u0259il ist\u0259r keyfiyy\u0259t, ist\u0259rs\u0259d\u0259 k\u0259miyy\u0259t bax\u0131m\u0131ndan inki\u015faf m\u00fc\u015fahid\u0259 olunmu\u015fdur. Bel\u0259 ki, hal-haz\u0131rda fak\u00fclt\u0259d\u0259 t\u0259l\u0259b\u0259l\u0259rin say\u0131 \u0259vv\u0259llki ill\u0259rl\u0259 m\u00fcqayis\u0259d\u0259 daha y\u00fcks\u0259kdir v\u0259 ixtisaslar\u0131n say\u0131 \u00e7oxdur. 2024-2025-ci t\u0259dris ilind\u0259 fak\u00fclt\u0259d\u0259 5 ixtisas \u00fczr\u0259 &#8211; \u201cTarix\u201d, \u201cTarix m\u00fc\u0259llimliyi\u201d, \u201dTarix v\u0259 co\u011frafiya m\u00fc\u0259llimliyi\u201d, \u201dCo\u011frafiya m\u00fc\u0259llimliyi\u201d v\u0259 \u201cSosial i\u015f\u201d ixtisaslar\u0131 \u00fczr\u0259 c\u0259mi 1050 n\u0259f\u0259r t\u0259hsil al\u0131r. Bu yaln\u0131z yeni q\u0259bullar hesab\u0131na deyil, h\u0259m d\u0259 k\u00f6\u00e7\u00fcrm\u0259 yolu il\u0259 dig\u0259r ali m\u0259kt\u0259b v\u0259 ixtisaslardan t\u0259l\u0259b\u0259 q\u0259bulu il\u0259 ba\u011fl\u0131d\u0131r. Bu da \u00f6z n\u00f6vb\u0259sind\u0259, fak\u00fclt\u0259nin n\u00fcfuzunun g\u00f6st\u0259ricisidir. Tarix v\u0259 Co\u011frafiya fak\u00fclt\u0259sind\u0259 t\u0259limata uy\u011fun olaraq\u00a0 magistr- dissertasiya i\u015fl\u0259rinin m\u00fcdafi\u0259si prosesi y\u00fcks\u0259k s\u0259viyy\u0259d\u0259 t\u0259min olunur. Universitetin v\u0259 respublikan\u0131n tan\u0131nm\u0131\u015f m\u00fct\u0259x\u0259ssisl\u0259rinin i\u015ftirak\u0131 il\u0259 ke\u00e7iril\u0259n bu prosesl\u0259rd\u0259 y\u00fcks\u0259k obyektivlik m\u00fc\u015fahid\u0259 olunur. Fak\u00fclt\u0259nin professor-m\u00fc\u0259llim hey\u0259tinin \u00fcmumi say\u0131 78 n\u0259f\u0259r, t\u0259dris\u2013k\u00f6m\u0259k\u00e7i hey\u0259tinin \u00fcmumi say\u0131 25 n\u0259f\u0259rdir. Bunlardan 1 n\u0259f\u0259r professor, 18 dosent, 4 dosent \u0259v\u0259zi, 12 n\u0259f\u0259r elml\u0259r namiz\u0259di, 31 n\u0259f\u0259r ba\u015f m\u00fc\u0259llim v\u0259 21 n\u0259f\u0259r m\u00fc\u0259llimdir.<\/p>\n<p style=\"text-align: left;\">Fak\u00fclt\u0259d\u0259 ixtisasart\u0131rma v\u0259 t\u0259dris k\u00f6m\u0259k\u00e7i hey\u0259tinin attestasiyas\u0131 \u00fcmumuniversitet s\u0259viyy\u0259sin\u0259 uy\u011fun h\u0259yata ke\u00e7irilir. D\u0259rslikl\u0259rin, d\u0259rs v\u0259saitl\u0259rinin v\u0259 f\u0259nn proqramlar\u0131n\u0131n h\u0259m\u00e7inin metodik g\u00f6st\u0259ri\u015fl\u0259rin haz\u0131rlanmas\u0131 sah\u0259sind\u0259 professor-m\u00fc\u0259llim hey\u0259ti y\u00fcks\u0259k pe\u015f\u0259karl\u0131q n\u00fcmayi\u015f etdirir. Fak\u00fclt\u0259d\u0259 kafedralararas\u0131 m\u00fc\u015favir\u0259l\u0259r v\u0259 elmi-metodik m\u00fczakir\u0259l\u0259rin ke\u00e7irilm\u0259si m\u00fct\u0259madi xarakter alm\u0131\u015fd\u0131r.<\/p>\n<p style=\"text-align: left;\">Fak\u00fclt\u0259nin universitet h\u0259yat\u0131n\u0131n b\u00fct\u00fcn sah\u0259l\u0259rind\u0259 y\u00fcks\u0259k f\u0259all\u0131qla i\u015ftirak etm\u0259si il\u0259 b\u0259rab\u0259r, fak\u00fclt\u0259 daxilind\u0259 d\u0259 m\u00fcxt\u0259lif elmi-n\u0259z\u0259ri v\u0259 elmi-praktik konfranslar, m\u00fc\u015favir\u0259 v\u0259 toplant\u0131lar ke\u00e7irilir. Qeyd olunan t\u0259dbirl\u0259rd\u0259 professor-m\u00fc\u0259llim hey\u0259ti il\u0259 yana\u015f\u0131 t\u0259l\u0259b\u0259l\u0259rin d\u0259 i\u015ftirak\u0131 t\u0259min edilir.<\/p>\n<p style=\"text-align: left;\">Bundan \u0259lav\u0259, fak\u00fclt\u0259d\u0259 elmi-metodik seminar v\u0259 m\u00fc\u015favir\u0259l\u0259rin ke\u00e7irilm\u0259si \u0259n\u0259n\u0259 hal\u0131n\u0131 alm\u0131\u015fd\u0131r. Bu t\u0259dbirl\u0259rin t\u0259\u015fkilind\u0259 fak\u00fclt\u0259 dekanl\u0131\u011f\u0131n\u0131n ixtisas kafedralar\u0131 il\u0259 birg\u0259 y\u00fcks\u0259k m\u00fct\u0259\u015f\u0259kkillik n\u00fcmayi\u015f etdirm\u0259si t\u0259qdir\u0259layiqdir. Fak\u00fclt\u0259nin h\u0259yat\u0131nda Elmi \u015euran\u0131n \u0259h\u0259miyy\u0259ti \u00e7ox b\u00f6y\u00fckd\u00fcr. Bel\u0259 ki, 16 n\u0259f\u0259rd\u0259n ibar\u0259t fak\u00fclt\u0259 Elmi \u015euras\u0131 t\u0259sdiq edil\u0259n i\u015f plan\u0131 \u0259sas\u0131nda fak\u00fclt\u0259 h\u0259yat\u0131n\u0131n \u0259n vacib sah\u0259l\u0259rin\u0259 dair m\u00fczakir\u0259l\u0259r apar\u0131b q\u0259rarlar q\u0259bul edir. Elmi \u015eura universitet r\u0259hb\u0259rliyinin m\u00fcvafiq t\u0259limat v\u0259 g\u00f6st\u0259ri\u015fl\u0259rinin vaxl\u0131 &#8211; vaxt\u0131nda icras\u0131n\u0131n da t\u0259min edilm\u0259sin\u0259 \u015f\u0259rait yarad\u0131r.<\/p>\n<p style=\"text-align: left;\">Bundan \u0259lav\u0259 fak\u00fclt\u0259d\u0259 metodik komissiya f\u0259aliyy\u0259t g\u00f6st\u0259rir. A\u00e7\u0131q d\u0259rsl\u0259rin ke\u00e7irilm\u0259sin\u0259 n\u0259zar\u0259tin h\u0259yata ke\u00e7irilm\u0259si, a\u00e7\u0131q d\u0259rs qrafikl\u0259rinin t\u0259rtibi il\u0259 ba\u011fl\u0131, h\u0259m\u00e7inin dig\u0259r metodik t\u0259dbirl\u0259rin icras\u0131 qeyd olunan komissiyan\u0131n f\u0259aliyy\u0259tini t\u0259\u015fkil edir. Metodik komissiyan\u0131n s\u0259dri dosent R\u0259\u015fad Nuriyevdir.<\/p>\n<p style=\"text-align: left;\">\u00a0Fak\u00fclt\u0259d\u0259 \u015f\u0259r\u0259f l\u00f6vh\u0259sind\u0259 \u0259la\u00e7\u0131 t\u0259l\u0259b\u0259l\u0259rin \u015f\u0259kill\u0259rinin n\u00fcmayi\u015f etdirilm\u0259si r\u0259\u011fb\u0259tl\u0259ndirm\u0259nin \u0259yani g\u00f6st\u0259ricisidir.<\/p>\n<p style=\"text-align: left;\">\u00a0 \u00a0 Fak\u00fclt\u0259d\u0259 r\u0259\u011fb\u0259tl\u0259ndirm\u0259 il\u0259 b\u0259rab\u0259r c\u0259zaland\u0131rma sistemi d\u0259 t\u0259tbiq olunur. \u018fsas m\u0259qs\u0259d is\u0259 fak\u00fclt\u0259d\u0259 m\u00fc\u0259llim v\u0259 t\u0259l\u0259b\u0259 hey\u0259ti aras\u0131nda t\u0259dris v\u0259 \u0259m\u0259k intizam\u0131n\u0131n y\u00fcks\u0259ldilm\u0259sini t\u0259min etm\u0259kdir. \u201cZ\u0259f\u0259r\u201d divar q\u0259zetind\u0259 t\u0259nqidi m\u0259qal\u0259l\u0259rin \u00f6z \u0259ksini tapmas\u0131 bu bax\u0131mdan \u00e7ox \u0259h\u0259miyy\u0259tlidir.<\/p>\n","protected":false},"excerpt":{"rendered":"<p>Az\u0259rbaycan Xalq Komissarlar Sovetinin 14 aprel 1938-ci il tarixli q\u0259rar\u0131 il\u0259 Kirovabadda (G\u0259nc\u0259d\u0259) N.K.Krupskaya ad\u0131na \u0130kiillik M\u00fc\u0259lliml\u0259r \u0130nstitutu a\u00e7\u0131ld\u0131. \u0130nstitut \u00fc\u00e7\u00fcn m\u00fcnasib baza olmad\u0131\u011f\u0131ndan \u015f\u0259h\u0259rin M.Qorki ad\u0131na 1 n\u00f6mr\u0259li m\u0259kt\u0259binin \u00fc\u00e7\u00fcnc\u00fc m\u0259rt\u0259b\u0259si b\u00fct\u00fcnl\u00fckl\u0259 yeni t\u0259\u015fkil olunmu\u015f t\u0259hsil oca\u011f\u0131n\u0131n s\u0259rancam\u0131na verildi. \u0130lk vaxtlar \u00fc\u00e7\u00fcn institutda iki ixtisas \u2013 t\u0259biyy\u0259t v\u0259 fizika-riyaziyyat fak\u00fclt\u0259l\u0259rinin t\u0259\u015fkili planla\u015fd\u0131r\u0131ld\u0131. G\u0259nc\u0259 \u0130kiillik [&hellip;]<\/p>\n","protected":false},"author":4,"featured_media":0,"parent":0,"menu_order":0,"comment_status":"closed","ping_status":"closed","template":"","meta":{"footnotes":""},"categories":[25],"tags":[],"class_list":["post-345","page","type-page","status-publish","hentry","category-tarix-cografiya-fakultsi"],"_links":{"self":[{"href":"https:\/\/tcf.gdu.edu.az\/index.php?rest_route=\/wp\/v2\/pages\/345","targetHints":{"allow":["GET"]}}],"collection":[{"href":"https:\/\/tcf.gdu.edu.az\/index.php?rest_route=\/wp\/v2\/pages"}],"about":[{"href":"https:\/\/tcf.gdu.edu.az\/index.php?rest_route=\/wp\/v2\/types\/page"}],"author":[{"embeddable":true,"href":"https:\/\/tcf.gdu.edu.az\/index.php?rest_route=\/wp\/v2\/users\/4"}],"replies":[{"embeddable":true,"href":"https:\/\/tcf.gdu.edu.az\/index.php?rest_route=%2Fwp%2Fv2%2Fcomments&post=345"}],"version-history":[{"count":4,"href":"https:\/\/tcf.gdu.edu.az\/index.php?rest_route=\/wp\/v2\/pages\/345\/revisions"}],"predecessor-version":[{"id":4000,"href":"https:\/\/tcf.gdu.edu.az\/index.php?rest_route=\/wp\/v2\/pages\/345\/revisions\/4000"}],"wp:attachment":[{"href":"https:\/\/tcf.gdu.edu.az\/index.php?rest_route=%2Fwp%2Fv2%2Fmedia&parent=345"}],"wp:term":[{"taxonomy":"category","embeddable":true,"href":"https:\/\/tcf.gdu.edu.az\/index.php?rest_route=%2Fwp%2Fv2%2Fcategories&post=345"},{"taxonomy":"post_tag","embeddable":true,"href":"https:\/\/tcf.gdu.edu.az\/index.php?rest_route=%2Fwp%2Fv2%2Ftags&post=345"}],"curies":[{"name":"wp","href":"https:\/\/api.w.org\/{rel}","templated":true}]}}